{"id":5816,"date":"2025-12-11T12:14:13","date_gmt":"2025-12-11T09:14:13","guid":{"rendered":"https:\/\/wristbandfactory.eu\/?post_type=product&#038;p=5816"},"modified":"2026-04-01T21:52:35","modified_gmt":"2026-04-01T18:52:35","slug":"bamboo-fabric-wristbands-custom-woven-printed","status":"publish","type":"product","link":"https:\/\/displayproducts.eu\/lt\/p\/bamboo-fabric-wristbands-custom-woven-printed\/","title":{"rendered":"Tekstilin\u0117s apyrank\u0117s (Bambukas) \u2013 Su logotipu"},"content":{"rendered":"<p data-path-to-node=\"10\"><b>\u0160velniausias pasirinkimas tvariems renginiams<\/b><\/p>\n<p data-path-to-node=\"11\">Pasi\u016blykite savo VIP sve\u010diams ir aplinkai nekenksmingiems dalyviams maksimal\u0173 komfort\u0105 su m\u016bs\u0173 <b>Bambuko audinio apyrank\u0117s<\/b>. \u0160ios apyrank\u0117s, pagamintos i\u0161 vieno spar\u010diausiai pasaulyje augan\u010di\u0173 atsinaujinan\u010di\u0173 i\u0161tekli\u0173, pasi\u017eymi tvarumu ir auk\u0161\u010diausios kokyb\u0117s, \u0161ilkin\u0117s tekst\u016bra, kuri yra prana\u0161esn\u0117 u\u017e sintetines alternatyvas.<\/p>\n<p data-path-to-node=\"12\"><b>Kod\u0117l verta rinktis bambuk\u0105?<\/b> Bambuko pluo\u0161tas yra nat\u016bralus <b>antibakterinis, hipoalerginis ir dr\u0117gm\u0119 sugeriantis<\/b>. Tod\u0117l jis idealiai tinka keli\u0173 dien\u0173 festivaliams kar\u0161to klimato s\u0105lygomis arba sve\u010diams su jautria oda. Skirtingai nuo plastiko, jis nat\u016braliai kv\u0117puoja ir pasibaigus jo gyvavimo ciklui yra visi\u0161kai biologi\u0161kai skaidus.<\/p>\n<p data-path-to-node=\"13\"><b>Prek\u0117s \u017eenklo k\u016brimas ir pritaikymas<\/b> D\u0117l nat\u016bralios matin\u0117s bambuko tekst\u016bros rekomenduojame:<\/p>\n<ul data-path-to-node=\"14\">\n<li>\n<p data-path-to-node=\"14,0,0\"><b>Austas (siuvin\u0117jimas):<\/b> \u012eausdami savo logotip\u0105 tiesiai \u012f audin\u012f (iki 8 spalv\u0173), sukursite klasikin\u012f, prabang\u0173 vaizd\u0105.<\/p>\n<\/li>\n<li>\n<p data-path-to-node=\"14,1,0\"><b>\u0160ilkografija:<\/b> Geriausiai tinka dizainams, kuriems reikalingas ry\u0161kus tekstas arba specifin\u0117s ta\u0161kin\u0117s spalvos ant pavir\u0161iaus.<\/p>\n<\/li>\n<\/ul>\n<p data-path-to-node=\"15\"><b>Saugus ir ekologi\u0161kas<\/b> Maksimaliai padidinkite savo ekologi\u0161kum\u0105, sujungdami \u0161ias apyrankes su m\u016bs\u0173 <b>Bambuko ekologinis u\u017eraktas<\/b> (50% ma\u017eiau plastiko). Taip pat si\u016blome standartinius didelio saugumo slankiklius ir daugkartinio naudojimo medinius karoliukus.<\/p>\n<p data-path-to-node=\"16\"><b>Pagrindin\u0117s savyb\u0117s:<\/b><\/p>\n<ul data-path-to-node=\"17\">\n<li>\n<p data-path-to-node=\"17,0,0\"><b>Med\u017eiaga:<\/b> 100% bambuko pluo\u0161tas.<\/p>\n<\/li>\n<li>\n<p data-path-to-node=\"17,1,0\"><b>Jausmas:<\/b> Prabangus, mink\u0161tas ir lyg atlasas.<\/p>\n<\/li>\n<li>\n<p data-path-to-node=\"17,2,0\"><b>Ekologinis \u012fvertinimas:<\/b> Labai atsinaujinantis ir biologi\u0161kai skaidus.<\/p>\n<\/li>\n<li>\n<p data-path-to-node=\"17,3,0\"><b>Naudojimas:<\/b> Puikiai tinka VIP asmenims, ekologiniams susitikimams ir prabangiems poilsiams.<\/p>\n<\/li>\n<\/ul>","protected":false},"excerpt":{"rendered":"<ul>\n<li>\n<p data-path-to-node=\"8,0,0\"><b>Auk\u0161\u010diausios kokyb\u0117s med\u017eiaga:<\/b> Pagaminta i\u0161 greitai augan\u010dio, biologi\u0161kai skaidaus 100% bambuko pluo\u0161to.<\/p>\n<\/li>\n<li>\n<p data-path-to-node=\"8,1,0\"><b>\u0160ilkinis komfortas:<\/b> Mink\u0161\u010diausias rinkoje esantis apyrank\u0117s variantas; nat\u016braliai antibakterinis ir hipoalerginis.<\/p>\n<\/li>\n<li>\n<p data-path-to-node=\"8,2,0\"><b>Individualus prek\u0117s \u017eenklo k\u016brimas:<\/b> Galima \u012fsigyti aust\u0105 (siuvin\u0117t\u0105) arba \u0161ilkografin\u012f atspaud\u0105 (atitinka Pantone spalvas).<\/p>\n<\/li>\n<li>\n<p data-path-to-node=\"8,3,0\"><b>Tvarus:<\/b> Atsinaujinantis i\u0161teklius, kuriam auginti nereikia joki\u0173 pesticid\u0173.<\/p>\n<\/li>\n<\/ul>","protected":false},"featured_media":5828,"comment_status":"closed","ping_status":"closed","template":"","meta":[],"product_brand":[],"product_cat":[133,47],"product_tag":[],"class_list":{"0":"post-5816","1":"product","2":"type-product","3":"status-publish","4":"has-post-thumbnail","6":"product_cat-eco-friendly-wristbands","7":"product_cat-fabric-wristbands","9":"first","10":"instock","11":"shipping-taxable","12":"purchasable","13":"product-type-simple"},"_links":{"self":[{"href":"https:\/\/displayproducts.eu\/lt\/wp-json\/wp\/v2\/product\/5816","targetHints":{"allow":["GET"]}}],"collection":[{"href":"https:\/\/displayproducts.eu\/lt\/wp-json\/wp\/v2\/product"}],"about":[{"href":"https:\/\/displayproducts.eu\/lt\/wp-json\/wp\/v2\/types\/product"}],"replies":[{"embeddable":true,"href":"https:\/\/displayproducts.eu\/lt\/wp-json\/wp\/v2\/comments?post=5816"}],"wp:featuredmedia":[{"embeddable":true,"href":"https:\/\/displayproducts.eu\/lt\/wp-json\/wp\/v2\/media\/5828"}],"wp:attachment":[{"href":"https:\/\/displayproducts.eu\/lt\/wp-json\/wp\/v2\/media?parent=5816"}],"wp:term":[{"taxonomy":"product_brand","embeddable":true,"href":"https:\/\/displayproducts.eu\/lt\/wp-json\/wp\/v2\/product_brand?post=5816"},{"taxonomy":"product_cat","embeddable":true,"href":"https:\/\/displayproducts.eu\/lt\/wp-json\/wp\/v2\/product_cat?post=5816"},{"taxonomy":"product_tag","embeddable":true,"href":"https:\/\/displayproducts.eu\/lt\/wp-json\/wp\/v2\/product_tag?post=5816"}],"curies":[{"name":"wp","href":"https:\/\/api.w.org\/{rel}","templated":true}]}}