{"id":5814,"date":"2025-12-11T12:06:41","date_gmt":"2025-12-11T09:06:41","guid":{"rendered":"https:\/\/wristbandfactory.eu\/?post_type=product&#038;p=5814"},"modified":"2026-04-01T21:52:35","modified_gmt":"2026-04-01T18:52:35","slug":"organic-cotton-wristbands-custom-woven-printed","status":"publish","type":"product","link":"https:\/\/displayproducts.eu\/lt\/p\/organic-cotton-wristbands-custom-woven-printed\/","title":{"rendered":"Tekstilin\u0117s apyrank\u0117s (Medviln\u0117) \u2013 Su logotipu"},"content":{"rendered":"<p data-path-to-node=\"11\"><b>Nat\u016bralus pasirinkimas tvariems renginiams<\/b><\/p>\n<p data-path-to-node=\"12\">Pakelkite savo prek\u0117s \u017eenklo ekologin\u012f \u012fvaizd\u012f su m\u016bs\u0173 <b>Organin\u0117s medviln\u0117s apyrank\u0117s<\/b>. Skirtingai nuo sintetini\u0173 med\u017eiag\u0173, \u0161ios apyrank\u0117s pagamintos i\u0161 nat\u016brali\u0173 100% pluo\u0161t\u0173, tod\u0117l atrodo matinai, yra kaimi\u0161kos ir i\u0161skirtinai mink\u0161tos odai. Jos puikiai tinka keli\u0173 dien\u0173 festivaliams, VIP renginiams ir preki\u0173 \u017eenklams, norintiems sukurti \u012fvaizd\u012f be plastiko.<\/p>\n<p data-path-to-node=\"13\"><b>Patogumas ir ilgaam\u017ei\u0161kumas<\/b> Medviln\u0117 yra nat\u016braliai laidi orui ir hipoalergin\u0117, tod\u0117l tai yra patogiausias pasirinkimas ilgalaikiam d\u0117v\u0117jimui. Ji nesukelia dirginimo ar prakaitavimo, u\u017etikrindama auk\u0161\u010diausios kokyb\u0117s patirt\u012f j\u016bs\u0173 sve\u010diams.<\/p>\n<p data-path-to-node=\"14\"><b>Prek\u0117s \u017eenklo parinktys<\/b> D\u0117l nat\u016bralios pluo\u0161to tekst\u016bros rekomenduojame du skirtingus pritaikymo b\u016bdus:<\/p>\n<ul data-path-to-node=\"15\">\n<li>\n<p data-path-to-node=\"15,0,0\"><b>Austas (siuvin\u0117jimas):<\/b> J\u016bs\u0173 logotipas prisiuvamas tiesiai prie audinio, naudojant iki 8 si\u016bl\u0173 spalv\u0173. Tai sukuria patvari\u0105, auk\u0161tos kokyb\u0117s apdail\u0105, kuri nei\u0161bluks.<\/p>\n<\/li>\n<li>\n<p data-path-to-node=\"15,1,0\"><b>\u0160ilkografija:<\/b> Puikiai tinka norint apyrank\u0117s pavir\u0161iuje derinti konkre\u010dias \u201ePantone\u201c spalvas.<\/p>\n<\/li>\n<\/ul>\n<p data-path-to-node=\"16\"><b>Saugi ir tvari \u012franga<\/b> Sujunkite \u0161ias nat\u016bralias apyrankes su m\u016bs\u0173 <b>Bambuko ekologinis u\u017eraktas<\/b> (50% bambuko kompozitas), kad b\u016bt\u0173 sukurtas visi\u0161kai ekologi\u0161kas apyrank\u0117s sprendimas. Taip pat galima \u012fsigyti standartinius didelio saugumo slankiklius ir daugkartinio naudojimo medinius karoliukus.<\/p>\n<p data-path-to-node=\"17\"><b>Pagrindin\u0117s savyb\u0117s:<\/b><\/p>\n<ul data-path-to-node=\"18\">\n<li>\n<p data-path-to-node=\"18,0,0\"><b>Med\u017eiaga:<\/b> 100% ekologi\u0161ka medviln\u0117.<\/p>\n<\/li>\n<li>\n<p data-path-to-node=\"18,1,0\"><b>Ekologinis \u012fvertinimas:<\/b> Biologi\u0161kai skaidomas ir atsinaujinantis.<\/p>\n<\/li>\n<li>\n<p data-path-to-node=\"18,2,0\"><b>Tekst\u016bra:<\/b> \u0160velnus, matinis pavir\u0161ius (neblizgus).<\/p>\n<\/li>\n<li>\n<p data-path-to-node=\"18,3,0\"><b>Matmenys:<\/b> Standartinis 340 mm x 15 mm.<\/p>\n<\/li>\n<\/ul>","protected":false},"excerpt":{"rendered":"<ul>\n<li>\n<p data-path-to-node=\"9,0,0\"><b>Nat\u016brali med\u017eiaga:<\/b> Pagaminta i\u0161 biologi\u0161kai skaid\u017ei\u0173 100% organini\u0173 medviln\u0117s pluo\u0161t\u0173.<\/p>\n<\/li>\n<li>\n<p data-path-to-node=\"9,1,0\"><b>Auk\u0161\u010diausios kokyb\u0117s komfortas:<\/b> Mink\u0161tas, kv\u0117puojantis ir hipoalerginis (idealus jautriai odai).<\/p>\n<\/li>\n<li>\n<p data-path-to-node=\"9,2,0\"><b>Individualus prek\u0117s \u017eenklo k\u016brimas:<\/b> Rinkit\u0117s i\u0161 auk\u0161tos kokyb\u0117s siuvin\u0117jimo (austin\u0117s) arba \u0161ilkografijos.<\/p>\n<\/li>\n<li>\n<p data-path-to-node=\"9,3,0\"><b>Be plastiko:<\/b> Visi\u0161kai tvarus pasirinkimas, suderinamas su \u201eBamboo Eco-Locks\u201c.<\/p>\n<\/li>\n<\/ul>","protected":false},"featured_media":5829,"comment_status":"closed","ping_status":"closed","template":"","meta":[],"product_brand":[],"product_cat":[133,47],"product_tag":[],"class_list":{"0":"post-5814","1":"product","2":"type-product","3":"status-publish","4":"has-post-thumbnail","6":"product_cat-eco-friendly-wristbands","7":"product_cat-fabric-wristbands","9":"first","10":"instock","11":"shipping-taxable","12":"purchasable","13":"product-type-simple"},"_links":{"self":[{"href":"https:\/\/displayproducts.eu\/lt\/wp-json\/wp\/v2\/product\/5814","targetHints":{"allow":["GET"]}}],"collection":[{"href":"https:\/\/displayproducts.eu\/lt\/wp-json\/wp\/v2\/product"}],"about":[{"href":"https:\/\/displayproducts.eu\/lt\/wp-json\/wp\/v2\/types\/product"}],"replies":[{"embeddable":true,"href":"https:\/\/displayproducts.eu\/lt\/wp-json\/wp\/v2\/comments?post=5814"}],"wp:featuredmedia":[{"embeddable":true,"href":"https:\/\/displayproducts.eu\/lt\/wp-json\/wp\/v2\/media\/5829"}],"wp:attachment":[{"href":"https:\/\/displayproducts.eu\/lt\/wp-json\/wp\/v2\/media?parent=5814"}],"wp:term":[{"taxonomy":"product_brand","embeddable":true,"href":"https:\/\/displayproducts.eu\/lt\/wp-json\/wp\/v2\/product_brand?post=5814"},{"taxonomy":"product_cat","embeddable":true,"href":"https:\/\/displayproducts.eu\/lt\/wp-json\/wp\/v2\/product_cat?post=5814"},{"taxonomy":"product_tag","embeddable":true,"href":"https:\/\/displayproducts.eu\/lt\/wp-json\/wp\/v2\/product_tag?post=5814"}],"curies":[{"name":"wp","href":"https:\/\/api.w.org\/{rel}","templated":true}]}}