{"id":5780,"date":"2025-12-10T15:24:17","date_gmt":"2025-12-10T12:24:17","guid":{"rendered":"https:\/\/wristbandfactory.eu\/?post_type=product&#038;p=5780"},"modified":"2026-04-01T21:52:35","modified_gmt":"2026-04-01T18:52:35","slug":"custom-neoprene-lanyards-ultra-soft-cushioned","status":"publish","type":"product","link":"https:\/\/displayproducts.eu\/lt\/p\/custom-neoprene-lanyards-ultra-soft-cushioned\/","title":{"rendered":"Tours de cou en n\u00e9opr\u00e8ne"},"content":{"rendered":"<p data-path-to-node=\"11\">Patirkite i\u0161skirtin\u012f komfort\u0105 su m\u016bs\u0173 <b>Neopreno kaklajuost\u0117s pagal u\u017esakym\u0105<\/b>. Jei j\u016bs\u0173 darbuotojai ar dalyviai skund\u017eiasi plonais dir\u017eeliais, trinan\u010diais kakl\u0105, tai yra auk\u0161\u010diausios kokyb\u0117s atnaujinimas, kurio jums reikia.<\/p>\n<p data-path-to-node=\"12\"><b>Sukurtas kaip hidrokostiumas<\/b> Pagaminti i\u0161 auk\u0161tos kokyb\u0117s neopreno, \u0161ie virveliai yra mink\u0161ti, lankst\u016bs ir atspar\u016bs prakaitui. Med\u017eiaga yra nat\u016bralaus storio (kempin\u0117s pavidalo \u0161erdis), kuri veikia kaip amortizatorius, tod\u0117l tai yra pirmenyb\u0117 sporto sali\u0173 treneriams, lauko nuotyki\u0173 gidams ir technin\u0117s prie\u017ei\u016bros personalui, ne\u0161iojantiems sunkius raktus.<\/p>\n<p data-path-to-node=\"13\"><b>Sporti\u0161kas ir profesionalus<\/b> I\u0161vaizda i\u0161skirtinai sporti\u0161ka, ta\u010diau profesionali. Kra\u0161tai apsi\u016bti deran\u010dios spalvos arba kontrastingomis si\u016bl\u0117mis, suteikian\u010diomis virvelei auk\u0161\u010diausios klas\u0117s, pritaikyt\u0105 i\u0161vaizd\u0105. Nesvarbu, ar pasirinksite ry\u0161k\u0173 ra\u0161t\u0105, ar eleganti\u0161k\u0105 \u012fmon\u0117s logotip\u0105, rezultatas visada traukia ak\u012f.<\/p>\n<p data-path-to-node=\"14\"><b>Pagrindin\u0117s savyb\u0117s:<\/b><\/p>\n<ul data-path-to-node=\"15\">\n<li>\n<p data-path-to-node=\"15,0,0\"><b>Med\u017eiaga:<\/b> Mink\u0161tas neoprenas su audinio pamu\u0161alu.<\/p>\n<\/li>\n<li>\n<p data-path-to-node=\"15,1,0\"><b>Konstrukcija:<\/b> Vamzdinis arba plok\u0161\u010dias su si\u016btais kra\u0161tais.<\/p>\n<\/li>\n<li>\n<p data-path-to-node=\"15,2,0\"><b>Priedai:<\/b> Tvirti metaliniai kabliukai, O formos \u017eiedai ir nuimamos sagtys.<\/p>\n<\/li>\n<li>\n<p data-path-to-node=\"15,3,0\"><b>Saugumas:<\/b> Yra plastikin\u0117s nuimamos sagtys.<\/p>\n<\/li>\n<\/ul>","protected":false},"excerpt":{"rendered":"<ul>\n<li>\n<p data-path-to-node=\"9,0,0\"><b>Maksimalus komfortas:<\/b> Pagamintas i\u0161 kempin\u0117s tipo neopreno (hidrokostiumo med\u017eiagos), kuris suteikia mink\u0161t\u0105 poj\u016bt\u012f ir apsaugo nuo kaklo dirginimo net ir esant dideliems svoriams.<\/p>\n<\/li>\n<li>\n<p data-path-to-node=\"9,1,0\"><b>Patvari apdaila:<\/b> Sutvirtinti si\u016bti kra\u0161tai (overlokas), kad gaminys nesitrint\u0173 ir tarnaut\u0173 ilgiau.<\/p>\n<\/li>\n<li>\n<p data-path-to-node=\"9,2,0\"><b>Sunkusis:<\/b> D\u0117l storo profilio jis idealiai tinka ne\u0161ioti sunkius rakt\u0173 rinkinius, \u012frankius ar didelius elektroninius prietaisus ne\u012fpjaunant odos.<\/p>\n<\/li>\n<li>\n<p data-path-to-node=\"9,3,0\"><b>Ry\u0161kus prek\u0117s \u017eenklas:<\/b> Galima \u012fsigyti su ry\u0161kia \u0161ilkografija arba spalvota sublimacija, pavyzd\u017eiui, leopardo ra\u0161tu.<\/p>\n<\/li>\n<\/ul>","protected":false},"featured_media":5797,"comment_status":"closed","ping_status":"closed","template":"","meta":[],"product_brand":[],"product_cat":[104,108,118],"product_tag":[],"class_list":{"0":"post-5780","1":"product","2":"type-product","3":"status-publish","4":"has-post-thumbnail","6":"product_cat-custom-printed-lanyards","7":"product_cat-multifunctional-lanyards","8":"product_cat-sports-fitness","10":"first","11":"instock","12":"shipping-taxable","13":"purchasable","14":"product-type-simple"},"_links":{"self":[{"href":"https:\/\/displayproducts.eu\/lt\/wp-json\/wp\/v2\/product\/5780","targetHints":{"allow":["GET"]}}],"collection":[{"href":"https:\/\/displayproducts.eu\/lt\/wp-json\/wp\/v2\/product"}],"about":[{"href":"https:\/\/displayproducts.eu\/lt\/wp-json\/wp\/v2\/types\/product"}],"replies":[{"embeddable":true,"href":"https:\/\/displayproducts.eu\/lt\/wp-json\/wp\/v2\/comments?post=5780"}],"wp:featuredmedia":[{"embeddable":true,"href":"https:\/\/displayproducts.eu\/lt\/wp-json\/wp\/v2\/media\/5797"}],"wp:attachment":[{"href":"https:\/\/displayproducts.eu\/lt\/wp-json\/wp\/v2\/media?parent=5780"}],"wp:term":[{"taxonomy":"product_brand","embeddable":true,"href":"https:\/\/displayproducts.eu\/lt\/wp-json\/wp\/v2\/product_brand?post=5780"},{"taxonomy":"product_cat","embeddable":true,"href":"https:\/\/displayproducts.eu\/lt\/wp-json\/wp\/v2\/product_cat?post=5780"},{"taxonomy":"product_tag","embeddable":true,"href":"https:\/\/displayproducts.eu\/lt\/wp-json\/wp\/v2\/product_tag?post=5780"}],"curies":[{"name":"wp","href":"https:\/\/api.w.org\/{rel}","templated":true}]}}