{"id":5765,"date":"2025-12-10T15:10:44","date_gmt":"2025-12-10T12:10:44","guid":{"rendered":"https:\/\/wristbandfactory.eu\/?post_type=product&#038;p=5765"},"modified":"2026-04-01T21:52:35","modified_gmt":"2026-04-01T18:52:35","slug":"custom-printed-shoelaces-flat-round-sneaker-laces","status":"publish","type":"product","link":"https:\/\/displayproducts.eu\/lt\/p\/custom-printed-shoelaces-flat-round-sneaker-laces\/","title":{"rendered":"Bat\u0173 rai\u0161teliai su logotipu \u2013 Sportba\u010diams"},"content":{"rendered":"<p data-path-to-node=\"12\">Paverskite kiekvien\u0105 \u017eingsn\u012f prek\u0117s \u017eenklo k\u016brimo galimybe su m\u016bs\u0173 <b>Individualiai spausdinti bat\u0173 rai\u0161teliai<\/b>. Nesvarbu, ar tai b\u016bt\u0173 \u012fmon\u0117s maratono komanda, sportba\u010di\u0173 prek\u0117s \u017eenklo pristatymas, ar unikalios universiteto atributikos, \u0161ie rai\u0161teliai si\u016blo smag\u0173 ir funkcional\u0173 b\u016bd\u0105 parodyti savo logotip\u0105.<\/p>\n<p data-path-to-node=\"13\"><b>Prie j\u016bs\u0173 bat\u0173 derantys stiliai:<\/b><\/p>\n<ol start=\"1\" data-path-to-node=\"14\">\n<li>\n<p data-path-to-node=\"14,0,0\"><b>Plok\u0161ti rai\u0161teliai:<\/b> Sportba\u010di\u0173 ir riedlen\u010di\u0173 bateli\u0173 standartas. Jie pasi\u017eymi pla\u010diu drob\u0117s storiu (8\u201315 mm), puikiai tinkan\u010diu ai\u0161kiai skaityti tekst\u0105 ir logotipus i\u0161 atstumo.<\/p>\n<\/li>\n<li>\n<p data-path-to-node=\"14,1,0\"><b>Apval\u016bs rai\u0161teliai:<\/b> Idealiai tinka b\u0117gimo bateliams, batams ir d\u017eemperiams su gobtuvu. Prek\u0117s \u017eenklas paprastai \u012faustas arba atspausdintas ant bat\u0173 galiuk\u0173, kad b\u016bt\u0173 subtilus, ma\u017emenin\u0117s prekybos kokyb\u0117s vaizdas.<\/p>\n<\/li>\n<\/ol>\n<p data-path-to-node=\"15\"><b>Individual\u016bs Aglets (antgaliai)<\/b> Pakelkite tai \u012f kit\u0105 lyg\u012f atspausdindami savo prek\u0117s \u017eenklo pavadinim\u0105 ar svetain\u0117s adres\u0105 tiesiai ant plastikini\u0173 arba metalini\u0173 rai\u0161teli\u0173 galiuk\u0173. \u0160i detal\u0117 suteikia gaminiui didel\u0119 suvokiam\u0105 vert\u0119.<\/p>\n<p data-path-to-node=\"16\"><b>Rekomenduojami naudojimo atvejai:<\/b><\/p>\n<ul data-path-to-node=\"17\">\n<li>\n<p data-path-to-node=\"17,0,0\"><b>Maratonai ir 5 km b\u0117gimai:<\/b> \u012etraukite juos \u012f dalyvio \u201cdovan\u0117li\u0173 krep\u0161el\u012f\u201d.\u201d<\/p>\n<\/li>\n<li>\n<p data-path-to-node=\"17,1,0\"><b>Darbuotoj\u0173 gerov\u0117:<\/b> Puikiai tinka \u201c\u017eingsni\u0173 skai\u010diavimo i\u0161\u0161\u016bkiams\u201d.\u201d<\/p>\n<\/li>\n<li>\n<p data-path-to-node=\"17,2,0\"><b>Mada ir ma\u017emenin\u0117 prekyba:<\/b> Parduokite juos kaip atskir\u0105 pried\u0105 arba dovan\u0105 pirkdami.<\/p>\n<\/li>\n<\/ul>\n<p data-path-to-node=\"18\"><b>Pagrindin\u0117s savyb\u0117s:<\/b><\/p>\n<ul data-path-to-node=\"19\">\n<li>\n<p data-path-to-node=\"19,0,0\"><b>Med\u017eiaga:<\/b> Patvarus poliesteris.<\/p>\n<\/li>\n<li>\n<p data-path-to-node=\"19,1,0\"><b>Ilgis:<\/b> Standartiniai dyd\u017eiai (90 cm, 120 cm, 140 cm) arba individual\u016bs.<\/p>\n<\/li>\n<li>\n<p data-path-to-node=\"19,2,0\"><b>Spausdinti:<\/b> \u0160ilumos perdavimas (sublimacija) arba \u0161ilkografija.<\/p>\n<\/li>\n<li>\n<p data-path-to-node=\"19,3,0\"><b>Pakuot\u0117:<\/b> Poros paprastai supakuotos \u012f skaidr\u0173 polietilenin\u012f mai\u0161el\u012f arba specialios paskirties kortel\u0117s antra\u0161t\u0119.<\/p>\n<\/li>\n<\/ul>","protected":false},"excerpt":{"rendered":"<ul>\n<li>\n<p data-path-to-node=\"10,0,0\"><b>Visi\u0161kai pritaikoma:<\/b> Galima rinktis klasikin\u012f plok\u0161\u010di\u0105 stili\u0173 su ry\u0161kiais spalvingais ra\u0161tais arba apvalios kaklajuost\u0117s stili\u0173 sporti\u0161kam \u012fvaizd\u017eiui.<\/p>\n<\/li>\n<li>\n<p data-path-to-node=\"10,1,0\"><b>Prek\u0117s \u017eenklo k\u016brimas nuo prad\u017eios iki galo:<\/b> Galime atspausdinti j\u016bs\u0173 logotip\u0105 per vis\u0105 n\u0117rini\u0173 ilg\u012f ir netgi pritaikyti plastikinius arba metalinius antgalius (agletus).<\/p>\n<\/li>\n<li>\n<p data-path-to-node=\"10,2,0\"><b>Ry\u0161k\u016bs dizainai:<\/b> Naudodami sublimacin\u0119 spaud\u0105, galime pasiekti detali\u0105 grafik\u0105, pavyzd\u017eiui, \u0161irdeles, animacinius filmukus ar sud\u0117tingus gradientus.<\/p>\n<\/li>\n<li>\n<p data-path-to-node=\"10,3,0\"><b>Paruo\u0161ta renginiui:<\/b> Didel\u0117s vert\u0117s dovana labdaros b\u0117gimams, sporto komandoms ir sportba\u010di\u0173 suva\u017eiavimams, kuria gav\u0117jai i\u0161 tikr\u0173j\u0173 naudojasi.<\/p>\n<\/li>\n<\/ul>","protected":false},"featured_media":5839,"comment_status":"closed","ping_status":"closed","template":"","meta":[],"product_brand":[],"product_cat":[127],"product_tag":[],"class_list":{"0":"post-5765","1":"product","2":"type-product","3":"status-publish","4":"has-post-thumbnail","6":"product_cat-custom-straps-belts","8":"first","9":"instock","10":"shipping-taxable","11":"product-type-simple"},"_links":{"self":[{"href":"https:\/\/displayproducts.eu\/lt\/wp-json\/wp\/v2\/product\/5765","targetHints":{"allow":["GET"]}}],"collection":[{"href":"https:\/\/displayproducts.eu\/lt\/wp-json\/wp\/v2\/product"}],"about":[{"href":"https:\/\/displayproducts.eu\/lt\/wp-json\/wp\/v2\/types\/product"}],"replies":[{"embeddable":true,"href":"https:\/\/displayproducts.eu\/lt\/wp-json\/wp\/v2\/comments?post=5765"}],"wp:featuredmedia":[{"embeddable":true,"href":"https:\/\/displayproducts.eu\/lt\/wp-json\/wp\/v2\/media\/5839"}],"wp:attachment":[{"href":"https:\/\/displayproducts.eu\/lt\/wp-json\/wp\/v2\/media?parent=5765"}],"wp:term":[{"taxonomy":"product_brand","embeddable":true,"href":"https:\/\/displayproducts.eu\/lt\/wp-json\/wp\/v2\/product_brand?post=5765"},{"taxonomy":"product_cat","embeddable":true,"href":"https:\/\/displayproducts.eu\/lt\/wp-json\/wp\/v2\/product_cat?post=5765"},{"taxonomy":"product_tag","embeddable":true,"href":"https:\/\/displayproducts.eu\/lt\/wp-json\/wp\/v2\/product_tag?post=5765"}],"curies":[{"name":"wp","href":"https:\/\/api.w.org\/{rel}","templated":true}]}}