{"id":5753,"date":"2025-12-10T14:54:23","date_gmt":"2025-12-10T11:54:23","guid":{"rendered":"https:\/\/wristbandfactory.eu\/?post_type=product&#038;p=5753"},"modified":"2026-04-01T21:52:35","modified_gmt":"2026-04-01T18:52:35","slug":"high-visibility-reflective-strip-lanyards-safety-wear","status":"publish","type":"product","link":"https:\/\/displayproducts.eu\/lt\/p\/high-visibility-reflective-strip-lanyards-safety-wear\/","title":{"rendered":"Ry\u0161kios kaklajuost\u0117s \u2013 Su at\u0161vaitu"},"content":{"rendered":"<p data-path-to-node=\"14\">Teikite pirmenyb\u0119 saugumui neaukodami prek\u0117s \u017eenklo su m\u016bs\u0173 <b>Gerai matomi \u0161vies\u0105 atspindintys dir\u017eeliai<\/b>. Skirtingai nuo standartini\u0173 virveli\u0173 su subtiliais \u0161vies\u0105 atspindin\u010diais si\u016blais, \u0161is tvirtas modelis pasi\u017eymi ry\u0161kiu sidabro spalvos \u0161vies\u0105 atspindin\u010diu sluoksniu, prilydytu prie audinio, kuris u\u017etikrina maksimal\u0173 atspind\u012f, pana\u0161iai kaip profesionalios apsaugin\u0117s priemon\u0117s.<\/p>\n<p data-path-to-node=\"15\"><b>Sukurta pramoniniam ir naktiniam naudojimui<\/b> Tai yra pramon\u0117s standartas <b>statybviet\u0117s, oro uosto ant\u017eeminis personalas ir apsaugos personalas<\/b>. Ap\u0161viesta automobili\u0173 priekini\u0173 \u017eibint\u0173 ar \u017eibintuv\u0117li\u0173, centrin\u0117 juostel\u0117 ry\u0161kiai ap\u0161vie\u010diama, tod\u0117l j\u016bs\u0173 darbuotojai ar renginio dalyviai bus matomi i\u0161 tolo.<\/p>\n<p data-path-to-node=\"16\"><b>Patvari konstrukcija<\/b> \u0160vies\u0105 atspindinti med\u017eiaga yra sujungta su tvirtu poliesterio pagrindo sluoksniu. \u0160is dviej\u0173 spalv\u0173 dizainas (spalvota + sidabrin\u0117) ne tik atrodo profesionaliai, bet ir yra patvaresnis. Primygtinai rekomenduojame prid\u0117ti <b>Saugos nutr\u016bkstama sagtis<\/b> \u0161iam gaminiui, kad b\u016bt\u0173 laikomasi darbo saugos taisykli\u0173.<\/p>\n<p data-path-to-node=\"17\"><b>Rekomenduojami naudojimo atvejai:<\/b><\/p>\n<ul data-path-to-node=\"18\">\n<li>\n<p data-path-to-node=\"18,0,0\"><b>Statyba ir logistika:<\/b> Privalomas asmens dokumentas darbuotojams, dirbantiems objekte.<\/p>\n<\/li>\n<li>\n<p data-path-to-node=\"18,1,0\"><b>Naktiniai festivaliai:<\/b> U\u017etikrinti dalyvi\u0173 saugum\u0105 ir matomum\u0105 tamsiose miniose.<\/p>\n<\/li>\n<li>\n<p data-path-to-node=\"18,2,0\"><b>Mokyklos:<\/b> Matomumas vaikams ekskursij\u0173 metu \u017eiemos m\u0117nesiais.<\/p>\n<\/li>\n<\/ul>\n<p data-path-to-node=\"19\"><b>Pagrindin\u0117s savyb\u0117s:<\/b><\/p>\n<ul data-path-to-node=\"20\">\n<li>\n<p data-path-to-node=\"20,0,0\"><b>Med\u017eiaga:<\/b> Poliesterio austinis dir\u017eas + laminuota \u0161vies\u0105 atspindinti juosta.<\/p>\n<\/li>\n<li>\n<p data-path-to-node=\"20,1,0\"><b>Poveikis:<\/b> Stiprus blyksnio atspindys (sidabrinis\/pilkas pagrindas).<\/p>\n<\/li>\n<li>\n<p data-path-to-node=\"20,2,0\"><b>Plotis:<\/b> Paprastai 15 mm arba 20 mm.<\/p>\n<\/li>\n<li>\n<p data-path-to-node=\"20,3,0\"><b>Spausdinti:<\/b> \u0160ilkografija ant atspindin\u010dio sluoksnio.<\/p>\n<\/li>\n<\/ul>","protected":false},"excerpt":{"rendered":"<ul>\n<li>\n<p data-path-to-node=\"12,0,0\"><b>Didelis matomumas:<\/b> Turi plat\u0173, laminuot\u0105 pilk\u0105 \u0161vies\u0105 atspindin\u010di\u0105 juostel\u0119, einan\u010di\u0105 per centr\u0105, pana\u0161i\u0105 \u012f saugos liemenes, intensyviai atspindin\u010di\u0105 \u0161vies\u0105 tamsoje.<\/p>\n<\/li>\n<li>\n<p data-path-to-node=\"12,1,0\"><b>Dienos ir nakties saugumas:<\/b> Ry\u0161kiaspalvis pagrindinis dir\u017eelis (geltonas, oran\u017einis, m\u0117lynas) u\u017etikrina matomum\u0105 dien\u0105, o sidabrin\u0117 juostel\u0117 apsaugo nakt\u012f.<\/p>\n<\/li>\n<li>\n<p data-path-to-node=\"12,2,0\"><b>Saugos atitraukimas:<\/b> B\u016btinas pramoniniam naudojimui; paprastai turi saugos sagt\u012f, kad b\u016bt\u0173 i\u0161vengta u\u017espringimo.<\/p>\n<\/li>\n<li>\n<p data-path-to-node=\"12,3,0\"><b>Individualus prek\u0117s \u017eenklo k\u016brimas:<\/b> J\u016bs\u0173 logotipas gali b\u016bti spausdinamas tiesiai ant \u0161vies\u0105 atspindin\u010dios juostel\u0117s arba spalvot\u0173 kra\u0161t\u0173, kad b\u016bt\u0173 u\u017etikrintas prek\u0117s \u017eenklo matomumas.<\/p>\n<\/li>\n<\/ul>","protected":false},"featured_media":5758,"comment_status":"closed","ping_status":"closed","template":"","meta":[],"product_brand":[],"product_cat":[109],"product_tag":[],"class_list":{"0":"post-5753","1":"product","2":"type-product","3":"status-publish","4":"has-post-thumbnail","6":"product_cat-reflective-lanyards","8":"first","9":"instock","10":"shipping-taxable","11":"product-type-simple"},"_links":{"self":[{"href":"https:\/\/displayproducts.eu\/lt\/wp-json\/wp\/v2\/product\/5753","targetHints":{"allow":["GET"]}}],"collection":[{"href":"https:\/\/displayproducts.eu\/lt\/wp-json\/wp\/v2\/product"}],"about":[{"href":"https:\/\/displayproducts.eu\/lt\/wp-json\/wp\/v2\/types\/product"}],"replies":[{"embeddable":true,"href":"https:\/\/displayproducts.eu\/lt\/wp-json\/wp\/v2\/comments?post=5753"}],"wp:featuredmedia":[{"embeddable":true,"href":"https:\/\/displayproducts.eu\/lt\/wp-json\/wp\/v2\/media\/5758"}],"wp:attachment":[{"href":"https:\/\/displayproducts.eu\/lt\/wp-json\/wp\/v2\/media?parent=5753"}],"wp:term":[{"taxonomy":"product_brand","embeddable":true,"href":"https:\/\/displayproducts.eu\/lt\/wp-json\/wp\/v2\/product_brand?post=5753"},{"taxonomy":"product_cat","embeddable":true,"href":"https:\/\/displayproducts.eu\/lt\/wp-json\/wp\/v2\/product_cat?post=5753"},{"taxonomy":"product_tag","embeddable":true,"href":"https:\/\/displayproducts.eu\/lt\/wp-json\/wp\/v2\/product_tag?post=5753"}],"curies":[{"name":"wp","href":"https:\/\/api.w.org\/{rel}","templated":true}]}}