{"id":5730,"date":"2025-12-10T13:44:29","date_gmt":"2025-12-10T10:44:29","guid":{"rendered":"https:\/\/wristbandfactory.eu\/?post_type=product&#038;p=5730"},"modified":"2026-04-01T21:52:35","modified_gmt":"2026-04-01T18:52:35","slug":"magnetic-elastic-cord-lanyards-modern-badge-holder","status":"publish","type":"product","link":"https:\/\/displayproducts.eu\/lt\/p\/magnetic-elastic-cord-lanyards-modern-badge-holder\/","title":{"rendered":"Elastin\u0117s kaklajuost\u0117s su magnetu \u2013 Apvalios"},"content":{"rendered":"<p data-path-to-node=\"12\">Pasinerkite \u012f modern\u0173 minimalizm\u0105 su m\u016bs\u0173 <b>Magnetiniai elastiniai kaklajuost\u0117s<\/b>. \u0160is produktas, atsitraukdamas nuo tradicini\u0173 plok\u0161\u010di\u0173 poliesterio juosteli\u0173, pasi\u017eymi eleganti\u0161ka, technologi\u0161kai pa\u017eangia estetika, kuri yra labai populiari tarp startuoli\u0173, dizaino agent\u016br\u0173 ir i\u0161skirtini\u0173 konferencij\u0173.<\/p>\n<p data-path-to-node=\"13\"><b>Magnet\u0173 magija<\/b> \u0160ios kaklajuost\u0117s centrin\u0117 dalis yra jos <b>magnetin\u0117 jungtis<\/b>. U\u017euot varg\u0119 su spaustukais, abu galai tiesiog suspaud\u017eiami. Juo malonu naudotis, be to, jis veikia ir kaip greito atleidimo saugos mechanizmas.<\/p>\n<p data-path-to-node=\"14\"><b>Subtilus, bet efektyvus prek\u0117s \u017eenklo k\u016brimas<\/b> U\u017euot spausdin\u0119s tekst\u0105 i\u0161ilgai laido, prek\u0117s \u017eenklas u\u017ededamas ant <b>apvalus plastikinis slankiklis \/ mygtukas<\/b>. Tai leid\u017eia naudoti spalvot\u0105 logotip\u0105 (i\u0161kylin\u012f arba plok\u0161\u010di\u0105 spaud\u0105), kuris yra gerai matomas ant kr\u016btin\u0117s, u\u017etikrinant, kad j\u016bs\u0173 prek\u0117s \u017eenklas visada b\u016bt\u0173 matomas, neu\u017egriozdinant dizaino.<\/p>\n<p data-path-to-node=\"15\"><b>Pagrindin\u0117s savyb\u0117s:<\/b><\/p>\n<ul data-path-to-node=\"16\">\n<li>\n<p data-path-to-node=\"16,0,0\"><b>Med\u017eiaga:<\/b> Elastin\u0117 apvali virvel\u0117 (balta, juoda arba pasirinktin\u0117s spalvos).<\/p>\n<\/li>\n<li>\n<p data-path-to-node=\"16,1,0\"><b>U\u017esegimo parinktys:<\/b> Auk\u0161\u010diausios kokyb\u0117s metalin\u0117 torpeda arba plok\u0161\u010dias plastikas.<\/p>\n<\/li>\n<li>\n<p data-path-to-node=\"16,2,0\"><b>Logotipo i\u0161d\u0117stymas:<\/b> Apvalus plastikinis reguliavimo mygtukas.<\/p>\n<\/li>\n<li>\n<p data-path-to-node=\"16,3,0\"><b>Stilius:<\/b> Minimalistinis, sporti\u0161kas, techni\u0161kas.<\/p>\n<\/li>\n<\/ul>","protected":false},"excerpt":{"rendered":"<ul>\n<li>\n<p data-path-to-node=\"10,0,0\"><b>I\u0161manus magnetinis u\u017esegimas:<\/b> Turi eleganti\u0161k\u0105 metalin\u0119 arba plastikin\u0119 magnetin\u0119 jungt\u012f, kuri akimirksniu u\u017esifiksuoja, kad b\u016bt\u0173 lengva ne\u0161ioti.<\/p>\n<\/li>\n<li>\n<p data-path-to-node=\"10,1,0\"><b>Elastingas komfortas:<\/b> Pagaminta i\u0161 mink\u0161tos, tamprios apvalios kaklajuost\u0117s, kuri vis\u0105 dien\u0105 jau\u010diasi lengva ir patogi aplink kakl\u0105.<\/p>\n<\/li>\n<li>\n<p data-path-to-node=\"10,2,0\"><b>Mygtuko prek\u0117s \u017eenklo k\u016brimas:<\/b> J\u016bs\u0173 logotipas atspausdintas ant pritaikomo plastikinio slankiklio mygtuko, i\u0161laikant \u0161var\u0173 ir minimalistin\u012f laido dizain\u0105.<\/p>\n<\/li>\n<li>\n<p data-path-to-node=\"10,3,0\"><b>Saugos funkcija:<\/b> Magnetin\u0117 sagtis taip pat veikia kaip apsauginis atjungiklis, atsipalaiduojantis \u012ftempus, kad b\u016bt\u0173 i\u0161vengta u\u017espringimo pavojaus.<\/p>\n<\/li>\n<\/ul>","protected":false},"featured_media":5870,"comment_status":"closed","ping_status":"closed","template":"","meta":[],"product_brand":[],"product_cat":[125,108,124],"product_tag":[],"class_list":{"0":"post-5730","1":"product","2":"type-product","3":"status-publish","4":"has-post-thumbnail","6":"product_cat-cord-lanyards","7":"product_cat-multifunctional-lanyards","8":"product_cat-id-solutions","10":"first","11":"instock","12":"shipping-taxable","13":"product-type-simple"},"_links":{"self":[{"href":"https:\/\/displayproducts.eu\/lt\/wp-json\/wp\/v2\/product\/5730","targetHints":{"allow":["GET"]}}],"collection":[{"href":"https:\/\/displayproducts.eu\/lt\/wp-json\/wp\/v2\/product"}],"about":[{"href":"https:\/\/displayproducts.eu\/lt\/wp-json\/wp\/v2\/types\/product"}],"replies":[{"embeddable":true,"href":"https:\/\/displayproducts.eu\/lt\/wp-json\/wp\/v2\/comments?post=5730"}],"wp:featuredmedia":[{"embeddable":true,"href":"https:\/\/displayproducts.eu\/lt\/wp-json\/wp\/v2\/media\/5870"}],"wp:attachment":[{"href":"https:\/\/displayproducts.eu\/lt\/wp-json\/wp\/v2\/media?parent=5730"}],"wp:term":[{"taxonomy":"product_brand","embeddable":true,"href":"https:\/\/displayproducts.eu\/lt\/wp-json\/wp\/v2\/product_brand?post=5730"},{"taxonomy":"product_cat","embeddable":true,"href":"https:\/\/displayproducts.eu\/lt\/wp-json\/wp\/v2\/product_cat?post=5730"},{"taxonomy":"product_tag","embeddable":true,"href":"https:\/\/displayproducts.eu\/lt\/wp-json\/wp\/v2\/product_tag?post=5730"}],"curies":[{"name":"wp","href":"https:\/\/api.w.org\/{rel}","templated":true}]}}