{"id":5721,"date":"2025-12-10T13:35:38","date_gmt":"2025-12-10T10:35:38","guid":{"rendered":"https:\/\/wristbandfactory.eu\/?post_type=product&#038;p=5721"},"modified":"2026-04-01T21:52:35","modified_gmt":"2026-04-01T18:52:35","slug":"custom-luggage-straps-printed-suitcase-belts-locks","status":"publish","type":"product","link":"https:\/\/displayproducts.eu\/lt\/p\/custom-luggage-straps-printed-suitcase-belts-locks\/","title":{"rendered":"Lagamin\u0173 dir\u017eai su logotipu \u2013 Su spyna"},"content":{"rendered":"<p data-path-to-node=\"12\">U\u017etikrinkite savo prek\u0117s \u017eenklo pasaulin\u012f pasiekiamum\u0105 su m\u016bs\u0173 <b>Individual\u016bs baga\u017eo dir\u017eeliai<\/b>. \u0160ie tvirti dir\u017eai, b\u016btini da\u017enai skraidantiems keleiviams, apvyniojami aplink lagaminus, kad jie nety\u010dia neatsidaryt\u0173, ir tuo pa\u010diu metu suteikia didel\u012f prek\u0117s \u017eenklo plot\u0105, kuris matomas oro uostuose visame pasaulyje.<\/p>\n<p data-path-to-node=\"13\"><b>Universalios sagties parinktys:<\/b><\/p>\n<ol start=\"1\" data-path-to-node=\"14\">\n<li>\n<p data-path-to-node=\"14,0,0\"><b>Standartin\u0117 sagtis:<\/b> Greito atsegimo plastikin\u0117 sagtis pagrindiniam saugumui ir identifikavimui.<\/p>\n<\/li>\n<li>\n<p data-path-to-node=\"14,1,0\"><b>Kombinuota spyna:<\/b> Pridedamas apsaugos nuo vagyst\u0117s sluoksnis su 3 skaitmen\u0173 atstatomu kodu.<\/p>\n<\/li>\n<li>\n<p data-path-to-node=\"14,2,0\"><b>Skaitmenin\u0117s svarstykl\u0117s:<\/b> Integruota LCD svarstykli\u0173 rankena leid\u017eia vartotojams pasverti savo krep\u0161\u012f tiesiog j\u012f pak\u0117lus \u2013 tai auk\u0161\u010diausios kokyb\u0117s dovana kelioni\u0173 agent\u016broms.<\/p>\n<\/li>\n<\/ol>\n<p data-path-to-node=\"15\"><b>Prek\u0117s \u017eenklo k\u016brimo metodai:<\/b><\/p>\n<ul data-path-to-node=\"16\">\n<li>\n<p data-path-to-node=\"16,0,0\"><b>Austas (\u017eakardas):<\/b> Logotipas \u012fmegztas \u012f audinio strukt\u016br\u0105, kad b\u016bt\u0173 u\u017etikrintas auk\u0161\u010diausios kokyb\u0117s, ilgalaikis efektas (pvz., \u201eAirbus\u201c).<\/p>\n<\/li>\n<li>\n<p data-path-to-node=\"16,1,0\"><b>Sublimacija:<\/b> Sklandus, spalvotas spausdinimas sud\u0117tingiems logotipams ir gradientams (pvz., \u201eIndah Tour\u201c).<\/p>\n<\/li>\n<\/ul>\n<p data-path-to-node=\"17\"><b>Rekomenduojami naudojimo atvejai:<\/b><\/p>\n<ul data-path-to-node=\"18\">\n<li>\n<p data-path-to-node=\"18,0,0\"><b>Kelioni\u0173 agent\u016bros ir oro linijos:<\/b> Auk\u0161tos kokyb\u0117s prek\u0117s lojaliems klientams.<\/p>\n<\/li>\n<li>\n<p data-path-to-node=\"18,1,0\"><b>\u012emoni\u0173 dovanos:<\/b> Prakti\u0161kas daiktas tarptautiniams verslo partneriams.<\/p>\n<\/li>\n<li>\n<p data-path-to-node=\"18,2,0\"><b>Kelioni\u0173 grup\u0117s:<\/b> Lengvai atpa\u017einkite grup\u0117s nari\u0173 baga\u017e\u0105 vie\u0161bu\u010diuose ir oro uostuose.<\/p>\n<\/li>\n<\/ul>\n<p data-path-to-node=\"19\"><b>Pagrindin\u0117s savyb\u0117s:<\/b><\/p>\n<ul data-path-to-node=\"20\">\n<li>\n<p data-path-to-node=\"20,0,0\"><b>Dydis:<\/b> Reguliuojamas ilgis (tinka dideliems lagaminams), paprastai 50 mm plotis.<\/p>\n<\/li>\n<li>\n<p data-path-to-node=\"20,1,0\"><b>Med\u017eiaga:<\/b> Tvirtas nailonas arba poliesteris.<\/p>\n<\/li>\n<li>\n<p data-path-to-node=\"20,2,0\"><b>Papildoma \u012franga:<\/b> Yra ID kortel\u0117s lizdo \u017eyma.<\/p>\n<\/li>\n<li>\n<p data-path-to-node=\"20,3,0\"><b>Pakuot\u0117:<\/b> Parinktys: ma\u017emenin\u0117 d\u0117\u017eut\u0117 arba polietileninis mai\u0161elis.<\/p>\n<\/li>\n<\/ul>","protected":false},"excerpt":{"rendered":"<ul>\n<li>\n<p data-path-to-node=\"10,0,0\"><b>Kelion\u0117s saugumas:<\/b> Galima \u012fsigyti su standartin\u0117mis sagtimis, 3 skaitmen\u0173 kodin\u0117mis spynomis arba net \u012fmontuotomis skaitmenin\u0117mis svarstykl\u0117mis, kad b\u016bt\u0173 i\u0161vengta mokes\u010di\u0173 u\u017e antsvorio turint\u012f baga\u017e\u0105.<\/p>\n<\/li>\n<li>\n<p data-path-to-node=\"10,1,0\"><b>Didelis matomumas:<\/b> Ry\u0161k\u016bs, plat\u016bs dir\u017eeliai leid\u017eia akimirksniu atpa\u017einti baga\u017e\u0105 oro uosto baga\u017eo karuselyje, taip suma\u017einant pamest\u0173 baga\u017eo atvej\u0173 skai\u010di\u0173.<\/p>\n<\/li>\n<li>\n<p data-path-to-node=\"10,2,0\"><b>Auk\u0161\u010diausios kokyb\u0117s prek\u0117s \u017eenklas:<\/b> Rinkit\u0117s i\u0161 \u201c\u017dakardo austo\u201d teksto (pvz., \u201cAirbus\u201d), jei norite patvarumo, arba \u201eSublimacijos\u201c teksto, jei norite spalvotos grafikos (pvz., \u201eIndah Tour\u201c).<\/p>\n<\/li>\n<li>\n<p data-path-to-node=\"10,3,0\"><b>Sunkusis:<\/b> Pagaminta i\u0161 ypa\u010d tvirto nailono arba poliesterio dir\u017eo, skirto saugiai u\u017edaryti perpildytus lagaminus.<\/p>\n<\/li>\n<\/ul>","protected":false},"featured_media":5726,"comment_status":"closed","ping_status":"closed","template":"","meta":[],"product_brand":[],"product_cat":[127],"product_tag":[],"class_list":{"0":"post-5721","1":"product","2":"type-product","3":"status-publish","4":"has-post-thumbnail","6":"product_cat-custom-straps-belts","8":"first","9":"instock","10":"shipping-taxable","11":"product-type-simple"},"_links":{"self":[{"href":"https:\/\/displayproducts.eu\/lt\/wp-json\/wp\/v2\/product\/5721","targetHints":{"allow":["GET"]}}],"collection":[{"href":"https:\/\/displayproducts.eu\/lt\/wp-json\/wp\/v2\/product"}],"about":[{"href":"https:\/\/displayproducts.eu\/lt\/wp-json\/wp\/v2\/types\/product"}],"replies":[{"embeddable":true,"href":"https:\/\/displayproducts.eu\/lt\/wp-json\/wp\/v2\/comments?post=5721"}],"wp:featuredmedia":[{"embeddable":true,"href":"https:\/\/displayproducts.eu\/lt\/wp-json\/wp\/v2\/media\/5726"}],"wp:attachment":[{"href":"https:\/\/displayproducts.eu\/lt\/wp-json\/wp\/v2\/media?parent=5721"}],"wp:term":[{"taxonomy":"product_brand","embeddable":true,"href":"https:\/\/displayproducts.eu\/lt\/wp-json\/wp\/v2\/product_brand?post=5721"},{"taxonomy":"product_cat","embeddable":true,"href":"https:\/\/displayproducts.eu\/lt\/wp-json\/wp\/v2\/product_cat?post=5721"},{"taxonomy":"product_tag","embeddable":true,"href":"https:\/\/displayproducts.eu\/lt\/wp-json\/wp\/v2\/product_tag?post=5721"}],"curies":[{"name":"wp","href":"https:\/\/api.w.org\/{rel}","templated":true}]}}