{"id":5700,"date":"2025-12-10T13:06:29","date_gmt":"2025-12-10T10:06:29","guid":{"rendered":"https:\/\/wristbandfactory.eu\/?post_type=product&#038;p=5700"},"modified":"2026-04-01T21:52:03","modified_gmt":"2026-04-01T18:52:03","slug":"custom-baby-pacifier-clips-safe-dummy-holders","status":"publish","type":"product","link":"https:\/\/displayproducts.eu\/lt\/p\/custom-baby-pacifier-clips-safe-dummy-holders\/","title":{"rendered":"\u010ciulptuk\u0173 laikikliai su logotipu"},"content":{"rendered":"<p data-path-to-node=\"12\">Reklamuokite savo k\u016bdikio prek\u0117s \u017eenkl\u0105 ar motinyst\u0117s klinik\u0105 su m\u016bs\u0173 <b>Individual\u016bs k\u016bdikio \u010diulptuko segtukai<\/b>. \u0160ie prakti\u0161ki priedai yra b\u016btini t\u0117vams, u\u017etikrinantys, kad \u010diulptukai i\u0161likt\u0173 \u0161var\u016bs ir nepasimest\u0173 ant grind\u0173.<\/p>\n<p data-path-to-node=\"13\"><b>Saugumas ir kokyb\u0117 pirmiausia<\/b> \u0160ie laikikliai, specialiai sukurti k\u016bdikiams, pakei\u010dia metalines dalis <b>auk\u0161tos kokyb\u0117s plastikiniai spaustukai<\/b>. Tai pa\u0161alina r\u016bd\u017ei\u0173 (d\u0117l seili\u0173 ar skalbimo) ir a\u0161tri\u0173 briaun\u0173 rizik\u0105. Dir\u017eelis pagamintas i\u0161 mink\u0161to, netoksi\u0161ko poliesterio, kuris yra patvarus, bet \u0161velnus.<\/p>\n<p data-path-to-node=\"14\"><b>Universalus priedas<\/b> Kaip matyti produkto paveiksl\u0117lyje, kiekvienas segtukas yra su <b>silikono \u017eiedo adapteris<\/b>. Tai leid\u017eia laikikl\u012f naudoti su beveik bet kokio prek\u0117s \u017eenklo \u010diulptukais rinkoje (\u012fskaitant ir tuos, kurie neturi ranken\u0117li\u0173).<\/p>\n<p data-path-to-node=\"15\"><b>Rekomenduojami naudojimo atvejai:<\/b><\/p>\n<ul data-path-to-node=\"16\">\n<li>\n<p data-path-to-node=\"16,0,0\"><b>Aku\u0161erijos skyriai:<\/b> Firmin\u0117 pasveikinimo dovana naujagimiams.<\/p>\n<\/li>\n<li>\n<p data-path-to-node=\"16,1,0\"><b>K\u016bdiki\u0173 preki\u0173 parduotuv\u0117s:<\/b> Didel\u0117s mar\u017eos ma\u017emenin\u0117s prekybos prek\u0117s su mielais ra\u0161tais.<\/p>\n<\/li>\n<li>\n<p data-path-to-node=\"16,2,0\"><b>Dar\u017eeliai:<\/b> Asmeniniai dir\u017eeliai, kad vaikai nesusipainiot\u0173.<\/p>\n<\/li>\n<\/ul>\n<p data-path-to-node=\"17\"><b>Pagrindin\u0117s savyb\u0117s:<\/b><\/p>\n<ul data-path-to-node=\"18\">\n<li>\n<p data-path-to-node=\"18,0,0\"><b>\u012era\u0161as:<\/b> Plastikin\u0117 apsaugin\u0117 sagtis (balta).<\/p>\n<\/li>\n<li>\n<p data-path-to-node=\"18,1,0\"><b>Adapteris:<\/b> Pridedamas permatomas silikoninis \u017eiedas.<\/p>\n<\/li>\n<li>\n<p data-path-to-node=\"18,2,0\"><b>Spausdinti:<\/b> Pilnaspalv\u0117 sublimacija arba \u0161ilkografija.<\/p>\n<\/li>\n<li>\n<p data-path-to-node=\"18,3,0\"><b>Dydis:<\/b> Standartinis saugus ilgis (apie 20\u201325 cm).<\/p>\n<\/li>\n<\/ul>","protected":false},"excerpt":{"rendered":"<ul data-path-to-node=\"10\">\n<li>\n<p data-path-to-node=\"10,0,0\"><b>K\u016bdikiams saugi \u012franga:<\/b> Turi tvirt\u0105 balt\u0105 plastikin\u012f aligatoriaus segtuk\u0105, kuris saugiai pritvirtinamas prie drabu\u017ei\u0173 nepa\u017eeid\u017eiant audinio ir ner\u016bdijant.<\/p>\n<\/li>\n<li>\n<p data-path-to-node=\"10,1,0\"><b>Universalus pritaikymas:<\/b> Pridedamas mink\u0161tas silikoninis \u017eiedo adapteris (MAM stiliaus), skirtas \u010diulptukams su sagut\u0117mis, arba kilpel\u0117 \u010diulptukams su \u017eiedine rankena.<\/p>\n<\/li>\n<li>\n<p data-path-to-node=\"10,2,0\"><b>Mink\u0161ta med\u017eiaga:<\/b> Pagaminta i\u0161 lygios atlasin\u0117s arba poliesterio juostel\u0117s, kuri yra \u0161velni k\u016bdikio odai ir lengvai valoma.<\/p>\n<\/li>\n<li>\n<p data-path-to-node=\"10,3,0\"><b>Visi\u0161kas pritaikymas:<\/b> Puikiai tinka spausdinti spalvingus ra\u0161tus (inkarus, robotus, g\u0117les) arba prek\u0117s \u017eenklo logotipus reklamin\u0117ms dovanoms.<\/p>\n<\/li>\n<\/ul>","protected":false},"featured_media":5701,"comment_status":"closed","ping_status":"closed","template":"","meta":[],"product_brand":[],"product_cat":[122],"product_tag":[],"class_list":{"0":"post-5700","1":"product","2":"type-product","3":"status-publish","4":"has-post-thumbnail","6":"product_cat-promotional-accessories","8":"first","9":"instock","10":"shipping-taxable","11":"product-type-simple"},"_links":{"self":[{"href":"https:\/\/displayproducts.eu\/lt\/wp-json\/wp\/v2\/product\/5700","targetHints":{"allow":["GET"]}}],"collection":[{"href":"https:\/\/displayproducts.eu\/lt\/wp-json\/wp\/v2\/product"}],"about":[{"href":"https:\/\/displayproducts.eu\/lt\/wp-json\/wp\/v2\/types\/product"}],"replies":[{"embeddable":true,"href":"https:\/\/displayproducts.eu\/lt\/wp-json\/wp\/v2\/comments?post=5700"}],"wp:featuredmedia":[{"embeddable":true,"href":"https:\/\/displayproducts.eu\/lt\/wp-json\/wp\/v2\/media\/5701"}],"wp:attachment":[{"href":"https:\/\/displayproducts.eu\/lt\/wp-json\/wp\/v2\/media?parent=5700"}],"wp:term":[{"taxonomy":"product_brand","embeddable":true,"href":"https:\/\/displayproducts.eu\/lt\/wp-json\/wp\/v2\/product_brand?post=5700"},{"taxonomy":"product_cat","embeddable":true,"href":"https:\/\/displayproducts.eu\/lt\/wp-json\/wp\/v2\/product_cat?post=5700"},{"taxonomy":"product_tag","embeddable":true,"href":"https:\/\/displayproducts.eu\/lt\/wp-json\/wp\/v2\/product_tag?post=5700"}],"curies":[{"name":"wp","href":"https:\/\/api.w.org\/{rel}","templated":true}]}}