{"id":5694,"date":"2025-12-10T13:02:37","date_gmt":"2025-12-10T10:02:37","guid":{"rendered":"https:\/\/wristbandfactory.eu\/?post_type=product&#038;p=5694"},"modified":"2026-04-01T21:52:35","modified_gmt":"2026-04-01T18:52:35","slug":"custom-tubular-lanyards-soft-shoelace-style","status":"publish","type":"product","link":"https:\/\/displayproducts.eu\/lt\/p\/custom-tubular-lanyards-soft-shoelace-style\/","title":{"rendered":"Vamzdelin\u0117s kaklajuost\u0117s \u2013 Batrai\u0161\u010di\u0173 stiliaus"},"content":{"rendered":"<p data-path-to-node=\"12\">Gaukite geriausi\u0105 komforto ir vert\u0117s santyk\u012f su m\u016bs\u0173 <b>Individual\u016bs vamzdiniai dir\u017eeliai<\/b>. Da\u017enai vadinami \u201cbat\u0173 rai\u0161teliais\u201d, jie pagaminti i\u0161 vamzdeliu susi\u016bto poliesterio, sukuriant dvigub\u0105 audinio sluoksn\u012f, kuris viduje yra tu\u0161\u010diaviduris.<\/p>\n<p data-path-to-node=\"13\"><b>Kod\u0117l verta rinktis Tubular?<\/b><\/p>\n<ol start=\"1\" data-path-to-node=\"14\">\n<li>\n<p data-path-to-node=\"14,0,0\"><b>Patogumas:<\/b> Kadangi n\u0117ra prisi\u016bt\u0173 kra\u0161t\u0173, tai mink\u0161\u010diausios rinkoje esan\u010dios kaklajuost\u0117s, tod\u0117l puikiai tinka savanoriams ar darbuotojams, ne\u0161iojan\u010dioms jas 8 ir daugiau valand\u0173.<\/p>\n<\/li>\n<li>\n<p data-path-to-node=\"14,1,0\"><b>Kaina:<\/b> Tai ekonomi\u0161kiausias m\u016bs\u0173 gaminamas pagal u\u017esakym\u0105 kaklajuost\u0117s variantas, tod\u0117l jis yra pramon\u0117s standartas didel\u0117ms prekybos parodoms, festivaliams ir mokykloms.<\/p>\n<\/li>\n<\/ol>\n<p data-path-to-node=\"15\"><b>Spausdinimo pastabos<\/b> Vamzdinis pavir\u0161ius suteikia tekst\u016bruot\u0105 fon\u0105. Rekomenduojame <b>\u0160ilkografija<\/b> pary\u0161kintam tekstui ir paprastiems logotipams (1\u20132 spalvos), kad rezultatai b\u016bt\u0173 ai\u0161kiausi.<\/p>\n<p data-path-to-node=\"16\"><b>Rekomenduojami naudojimo atvejai:<\/b><\/p>\n<ul data-path-to-node=\"17\">\n<li>\n<p data-path-to-node=\"17,0,0\"><b>Mokyklos ir universitetai:<\/b> Patvar\u016bs ir pig\u016bs asmens tapatyb\u0117s d\u0117klai studentams.<\/p>\n<\/li>\n<li>\n<p data-path-to-node=\"17,1,0\"><b>Didel\u0117s konferencijos:<\/b> Ekonomi\u0161kai efektyvus prek\u0117s \u017eenklo k\u016brimas t\u016bkstan\u010diams dalyvi\u0173.<\/p>\n<\/li>\n<li>\n<p data-path-to-node=\"17,2,0\"><b>Sporto renginiai:<\/b> Sportinis \u201cbat\u0173 rai\u0161teli\u0173\u201d \u012fvaizdis puikiai dera su sportin\u0117mis temomis.<\/p>\n<\/li>\n<\/ul>\n<p data-path-to-node=\"18\"><b>Pagrindin\u0117s savyb\u0117s:<\/b><\/p>\n<ul data-path-to-node=\"19\">\n<li>\n<p data-path-to-node=\"19,0,0\"><b>Med\u017eiaga:<\/b> Vamzdinis austas poliesteris.<\/p>\n<\/li>\n<li>\n<p data-path-to-node=\"19,1,0\"><b>Plotis:<\/b> Standartinis 10 mm, 12 mm arba 15 mm (plo\u010diai yra apytiksliai d\u0117l vamzd\u017eio formos).<\/p>\n<\/li>\n<li>\n<p data-path-to-node=\"19,2,0\"><b>Spausdinti:<\/b> \u0160ilkografinis prek\u0117s \u017eenklo k\u016brimas.<\/p>\n<\/li>\n<li>\n<p data-path-to-node=\"19,3,0\"><b>Priedai:<\/b> Suderinamas su visais standartiniais kabliukais, spaustukais ir saugos stabd\u017eiais.<\/p>\n<\/li>\n<\/ul>","protected":false},"excerpt":{"rendered":"<ul>\n<li>\n<p data-path-to-node=\"10,0,0\"><b>Vamzd\u017ei\u0173 konstrukcija:<\/b> Austa \u012f tu\u0161\u010diavidur\u0119, vamzdelio form\u0105 (pana\u0161i\u0105 \u012f bat\u0173 rai\u0161telius), tod\u0117l n\u0117ra a\u0161tri\u0173 kra\u0161t\u0173, kad b\u016bt\u0173 u\u017etikrintas maksimalus komfortas.<\/p>\n<\/li>\n<li>\n<p data-path-to-node=\"10,1,0\"><b>Biud\u017eetui draugi\u0161kas:<\/b> paprastai ekonomi\u0161kiausias sprendimas didelio masto renginiams ir personalo apr\u016bpinimui.<\/p>\n<\/li>\n<li>\n<p data-path-to-node=\"10,2,0\"><b>Didelio kontrasto spaudinys:<\/b> Idealiai tinka ry\u0161kiam \u0161ilkografiniu b\u016bdu spausdintam tekstui ir logotipams, kurie turi i\u0161siskirti spalvotame fone.<\/p>\n<\/li>\n<li>\n<p data-path-to-node=\"10,3,0\"><b>Mink\u0161tas ir lankstus:<\/b> Laisvai austas poliesteris, palyginti su stand\u017eiais plok\u0161\u010diais kaklajuost\u0117mis, suteikia atpalaiduojant\u012f, kasdien\u012f kritim\u0105.<\/p>\n<\/li>\n<\/ul>","protected":false},"featured_media":5898,"comment_status":"closed","ping_status":"closed","template":"","meta":[],"product_brand":[],"product_cat":[104],"product_tag":[],"class_list":{"0":"post-5694","1":"product","2":"type-product","3":"status-publish","4":"has-post-thumbnail","6":"product_cat-custom-printed-lanyards","8":"first","9":"instock","10":"shipping-taxable","11":"product-type-simple"},"_links":{"self":[{"href":"https:\/\/displayproducts.eu\/lt\/wp-json\/wp\/v2\/product\/5694","targetHints":{"allow":["GET"]}}],"collection":[{"href":"https:\/\/displayproducts.eu\/lt\/wp-json\/wp\/v2\/product"}],"about":[{"href":"https:\/\/displayproducts.eu\/lt\/wp-json\/wp\/v2\/types\/product"}],"replies":[{"embeddable":true,"href":"https:\/\/displayproducts.eu\/lt\/wp-json\/wp\/v2\/comments?post=5694"}],"wp:featuredmedia":[{"embeddable":true,"href":"https:\/\/displayproducts.eu\/lt\/wp-json\/wp\/v2\/media\/5898"}],"wp:attachment":[{"href":"https:\/\/displayproducts.eu\/lt\/wp-json\/wp\/v2\/media?parent=5694"}],"wp:term":[{"taxonomy":"product_brand","embeddable":true,"href":"https:\/\/displayproducts.eu\/lt\/wp-json\/wp\/v2\/product_brand?post=5694"},{"taxonomy":"product_cat","embeddable":true,"href":"https:\/\/displayproducts.eu\/lt\/wp-json\/wp\/v2\/product_cat?post=5694"},{"taxonomy":"product_tag","embeddable":true,"href":"https:\/\/displayproducts.eu\/lt\/wp-json\/wp\/v2\/product_tag?post=5694"}],"curies":[{"name":"wp","href":"https:\/\/api.w.org\/{rel}","templated":true}]}}