{"id":5686,"date":"2025-12-10T12:49:01","date_gmt":"2025-12-10T09:49:01","guid":{"rendered":"https:\/\/wristbandfactory.eu\/?post_type=product&#038;p=5686"},"modified":"2026-04-01T21:52:35","modified_gmt":"2026-04-01T18:52:35","slug":"glow-in-the-dark-lanyards-night-event-branding","status":"publish","type":"product","link":"https:\/\/displayproducts.eu\/lt\/p\/glow-in-the-dark-lanyards-night-event-branding\/","title":{"rendered":"Tamsoje \u0161vie\u010dian\u010dios kaklajuost\u0117s"},"content":{"rendered":"<p data-path-to-node=\"12\">Papuo\u0161kite savo kit\u0105 rengin\u012f su m\u016bs\u0173 <b>Individual\u016bs tamsoje \u0161vie\u010diantys kaklajuost\u0117s<\/b>. \u0160ie kaklajuost\u0117s, pagamintos naudojant pa\u017eang\u0173 fosforescuojant\u012f \u0161ilkografijos ra\u0161al\u0105, pasi\u017eymi unikaliu interaktyviu elementu, kurio negali pasi\u016blyti standartiniai spausdinti kaklajuost\u0117s.<\/p>\n<p data-path-to-node=\"13\"><b>Kaip tai veikia<\/b> Specializuotame ra\u0161ale yra fosfor\u0173, kurie sugeria energij\u0105 i\u0161 aplinkos \u0161viesos \u0161altini\u0173 (saul\u0117s \u0161viesos arba dirbtin\u0117s \u0161viesos). Patekus \u012f tams\u0105, \u0161i sukaupta energija i\u0161siskiria kaip \u0161velnus \u017ealias \u0161vyt\u0117jimas. D\u0117l to jie nepaprastai populiar\u016bs <b>naktiniai renginiai<\/b> kur svarbiausia yra matomumas ir atmosfera.<\/p>\n<p data-path-to-node=\"14\"><b>Diferenciacija<\/b> Skirtingai nuo ry\u0161ki\u0173 spalv\u0173 \u201cneonini\u0173\u201d arba \u201cfluorescencini\u0173\u201d virveli\u0173, \u0161ios kaklajuost\u0117s tamsoje pa\u010dios skleid\u017eia \u0161vies\u0105.<\/p>\n<p data-path-to-node=\"15\"><b>Rekomenduojami naudojimo atvejai:<\/b><\/p>\n<ul data-path-to-node=\"16\">\n<li>\n<p data-path-to-node=\"16,0,0\"><b>Naktinis gyvenimas ir klubai:<\/b> VIP leidimai, kurie i\u0161siskiria \u0161oki\u0173 aik\u0161tel\u0117je.<\/p>\n<\/li>\n<li>\n<p data-path-to-node=\"16,1,0\"><b>Vakaro sportas:<\/b> \u201cVidurnak\u010dio b\u0117gimai\u201d arba labdaros \u017eygiai, kuriuose matomumas yra pramogos dalis.<\/p>\n<\/li>\n<li>\n<p data-path-to-node=\"16,2,0\"><b>Saugumas ir apsauga:<\/b> Padeda atpa\u017einti darbuotojus prastai ap\u0161viestose u\u017ekulisi\u0173 zonose.<\/p>\n<\/li>\n<\/ul>\n<p data-path-to-node=\"17\"><b>Pagrindin\u0117s savyb\u0117s:<\/b><\/p>\n<ul data-path-to-node=\"18\">\n<li>\n<p data-path-to-node=\"18,0,0\"><b>Pagrindin\u0117 med\u017eiaga:<\/b> Poliesteris (kontrastui rekomenduojama juoda).<\/p>\n<\/li>\n<li>\n<p data-path-to-node=\"18,1,0\"><b>Spausdinti:<\/b> Dien\u0105 balk\u0161va \/ nakt\u012f \u017ealiai \u0161vyti.<\/p>\n<\/li>\n<li>\n<p data-path-to-node=\"18,2,0\"><b>Aktyvinimas:<\/b> \u012ekraunamas be galo su \u0161viesa.<\/p>\n<\/li>\n<li>\n<p data-path-to-node=\"18,3,0\"><b>Priedai:<\/b> Suderinamas su visais standartiniais kabliukais ir spaustukais.<\/p>\n<\/li>\n<\/ul>","protected":false},"excerpt":{"rendered":"<ul data-path-to-node=\"10\">\n<li>\n<p data-path-to-node=\"10,0,0\"><b>Fosforescencinis efektas:<\/b> Specialus ra\u0161alas sugeria \u0161vies\u0105 dienos metu ir skleid\u017eia \u017eali\u0105 \u0161vyt\u0117jim\u0105 tamsioje aplinkoje.<\/p>\n<\/li>\n<li>\n<p data-path-to-node=\"10,1,0\"><b>Didelis kontrastas:<\/b> Geriausi rezultatai pasiekiami naudojant juod\u0105 poliesterio dir\u017eel\u012f, kuris ry\u0161kiai i\u0161ry\u0161kina \u0161vie\u010diant\u012f tekst\u0105.<\/p>\n<\/li>\n<li>\n<p data-path-to-node=\"10,2,0\"><b>Dvigubas matomumas:<\/b> Dienos \u0161viesoje atrodo kaip standartinis baltai geltonas atspaudas, bet u\u017egesus \u0161viesai, automati\u0161kai pasikei\u010dia.<\/p>\n<\/li>\n<li>\n<p data-path-to-node=\"10,3,0\"><b>Paruo\u0161ta renginiui:<\/b> Geriausiai parduodamas produktas naktiniams klubams, vakariniams festivaliams ir \u201c\u0161vytin\u010di\u0173 b\u0117gim\u0173\u201d sporto renginiams.<\/p>\n<\/li>\n<\/ul>","protected":false},"featured_media":5906,"comment_status":"closed","ping_status":"closed","template":"","meta":[],"product_brand":[],"product_cat":[104,76],"product_tag":[],"class_list":{"0":"post-5686","1":"product","2":"type-product","3":"status-publish","4":"has-post-thumbnail","6":"product_cat-custom-printed-lanyards","7":"product_cat-glow-led-products","9":"first","10":"instock","11":"shipping-taxable","12":"product-type-simple"},"_links":{"self":[{"href":"https:\/\/displayproducts.eu\/lt\/wp-json\/wp\/v2\/product\/5686","targetHints":{"allow":["GET"]}}],"collection":[{"href":"https:\/\/displayproducts.eu\/lt\/wp-json\/wp\/v2\/product"}],"about":[{"href":"https:\/\/displayproducts.eu\/lt\/wp-json\/wp\/v2\/types\/product"}],"replies":[{"embeddable":true,"href":"https:\/\/displayproducts.eu\/lt\/wp-json\/wp\/v2\/comments?post=5686"}],"wp:featuredmedia":[{"embeddable":true,"href":"https:\/\/displayproducts.eu\/lt\/wp-json\/wp\/v2\/media\/5906"}],"wp:attachment":[{"href":"https:\/\/displayproducts.eu\/lt\/wp-json\/wp\/v2\/media?parent=5686"}],"wp:term":[{"taxonomy":"product_brand","embeddable":true,"href":"https:\/\/displayproducts.eu\/lt\/wp-json\/wp\/v2\/product_brand?post=5686"},{"taxonomy":"product_cat","embeddable":true,"href":"https:\/\/displayproducts.eu\/lt\/wp-json\/wp\/v2\/product_cat?post=5686"},{"taxonomy":"product_tag","embeddable":true,"href":"https:\/\/displayproducts.eu\/lt\/wp-json\/wp\/v2\/product_tag?post=5686"}],"curies":[{"name":"wp","href":"https:\/\/api.w.org\/{rel}","templated":true}]}}