{"id":5680,"date":"2025-12-10T12:42:42","date_gmt":"2025-12-10T09:42:42","guid":{"rendered":"https:\/\/wristbandfactory.eu\/?post_type=product&#038;p=5680"},"modified":"2026-04-01T21:52:35","modified_gmt":"2026-04-01T18:52:35","slug":"custom-puff-print-lanyards-raised-foam-texture","status":"publish","type":"product","link":"https:\/\/displayproducts.eu\/lt\/p\/custom-puff-print-lanyards-raised-foam-texture\/","title":{"rendered":"Kaklajuost\u0117s su i\u0161kilia puta (Puff spauda)"},"content":{"rendered":"<p data-path-to-node=\"11\">Prid\u0117kite nauj\u0105 dimensij\u0105 savo prek\u0117s \u017eenklui su m\u016bs\u0173 <b>Pasirinktin\u0117s p\u016bstos spaudos kaklajuost\u0117s<\/b>. Naudodami specializuot\u0105 \u201cputojimo\u201d ra\u0161alo proces\u0105, kuriame logotipus, kurie tiesiogine prasme kyla i\u0161 audinio, suteikdami jiems i\u0161skirtin\u0119 i\u0161vaizd\u0105 ir unikal\u0173 lyt\u0117jimo poj\u016bt\u012f.<\/p>\n<p data-path-to-node=\"12\"><b>Kod\u0117l verta rinktis p\u016bst\u0105\/putplas\u010dio spaud\u0105?<\/b> Skirtingai nuo standartin\u0117s plok\u0161\u010diosios spaudos, \u201cPuff Print\u201d sukuria \u0161veln\u0173, apval\u0173 3D reljef\u0105. Tai puikus kompromisas tarp standartin\u0117s spaudos ir brangi\u0173 silikonini\u0173 form\u0173. Tekst\u016bra kvie\u010dia liesti ir gaudo \u0161vies\u0105, suteikdama j\u016bs\u0173 logotipui ry\u0161kumo efekt\u0105, kurio sunku nepasteb\u0117ti.<\/p>\n<p data-path-to-node=\"13\"><b>Idealiai tinka dr\u0105siems preki\u0173 \u017eenklams<\/b> Kaip matyti lenktyni\u0173 pavyzd\u017eiuose (GASGAS), \u0161i technika geriausiai veikia su pary\u0161kintais \u0161riftais ir blokiniais logotipais. Ji perteikia energij\u0105 ir veiksm\u0105, tod\u0117l puikiai tinka sporto prek\u0117ms, \u017eaidim\u0173 renginiams ir aktyvaus gyvenimo b\u016bdo preki\u0173 \u017eenklams.<\/p>\n<p data-path-to-node=\"14\"><b>Pagrindin\u0117s savyb\u0117s:<\/b><\/p>\n<ul data-path-to-node=\"15\">\n<li>\n<p data-path-to-node=\"15,0,0\"><b>Spausdinimo stilius:<\/b> I\u0161kilus \u201cp\u016bkas\u201d \/ putplas\u010dio \u0161ilkografija.<\/p>\n<\/li>\n<li>\n<p data-path-to-node=\"15,1,0\"><b>Tekst\u016bra:<\/b> Mink\u0161tas, guminis poj\u016btis su apvaliais kra\u0161tais.<\/p>\n<\/li>\n<li>\n<p data-path-to-node=\"15,2,0\"><b>Med\u017eiaga:<\/b> Plok\u0161\u010dias poliesteris (15 mm, 20 mm arba 25 mm plo\u010dio).<\/p>\n<\/li>\n<li>\n<p data-path-to-node=\"15,3,0\"><b>Patvarumas:<\/b> Putplas\u010dio ra\u0161alas lankstosi kartu su audiniu, tod\u0117l jis neskilin\u0117ja.<\/p>\n<\/li>\n<\/ul>","protected":false},"excerpt":{"rendered":"<ul>\n<li>\n<p data-path-to-node=\"9,0,0\"><b>Lyt\u0117jimo tekst\u016bra:<\/b> Special\u016bs \u201cp\u016bsliniai\u201d da\u017eai d\u017ei\u016bdami ple\u010diasi ir sukuria i\u0161kil\u0173, put\u0173 pavidalo 3D efekt\u0105.<\/p>\n<\/li>\n<li>\n<p data-path-to-node=\"9,1,0\"><b>Pary\u0161kintas matomumas:<\/b> Pakeltas profilis suteikia logotipams gylio ir kontrasto, tod\u0117l jie i\u0161siskiria labiau nei plok\u0161\u010dias spaudinys.<\/p>\n<\/li>\n<li>\n<p data-path-to-node=\"9,2,0\"><b>Sporti\u0161kas estetinis \u012fvaizdis:<\/b> D\u0117l dinami\u0161kos i\u0161vaizdos populiarus lenktyni\u0173 komand\u0173, energini\u0173 g\u0117rim\u0173 ir gatv\u0117s aprangos preki\u0173 \u017eenkl\u0173 pasirinkimas.<\/p>\n<\/li>\n<li>\n<p data-path-to-node=\"9,3,0\"><b>Patvarus pagrindas:<\/b> Atspausdinta ant auk\u0161tos kokyb\u0117s plok\u0161\u010dio poliesterio tinklo, kad b\u016bt\u0173 u\u017etikrintas maksimalus sukibimas ir ilgaam\u017ei\u0161kumas.<\/p>\n<\/li>\n<\/ul>","protected":false},"featured_media":5908,"comment_status":"closed","ping_status":"closed","template":"","meta":[],"product_brand":[],"product_cat":[104],"product_tag":[],"class_list":{"0":"post-5680","1":"product","2":"type-product","3":"status-publish","4":"has-post-thumbnail","6":"product_cat-custom-printed-lanyards","8":"first","9":"instock","10":"shipping-taxable","11":"product-type-simple"},"_links":{"self":[{"href":"https:\/\/displayproducts.eu\/lt\/wp-json\/wp\/v2\/product\/5680","targetHints":{"allow":["GET"]}}],"collection":[{"href":"https:\/\/displayproducts.eu\/lt\/wp-json\/wp\/v2\/product"}],"about":[{"href":"https:\/\/displayproducts.eu\/lt\/wp-json\/wp\/v2\/types\/product"}],"replies":[{"embeddable":true,"href":"https:\/\/displayproducts.eu\/lt\/wp-json\/wp\/v2\/comments?post=5680"}],"wp:featuredmedia":[{"embeddable":true,"href":"https:\/\/displayproducts.eu\/lt\/wp-json\/wp\/v2\/media\/5908"}],"wp:attachment":[{"href":"https:\/\/displayproducts.eu\/lt\/wp-json\/wp\/v2\/media?parent=5680"}],"wp:term":[{"taxonomy":"product_brand","embeddable":true,"href":"https:\/\/displayproducts.eu\/lt\/wp-json\/wp\/v2\/product_brand?post=5680"},{"taxonomy":"product_cat","embeddable":true,"href":"https:\/\/displayproducts.eu\/lt\/wp-json\/wp\/v2\/product_cat?post=5680"},{"taxonomy":"product_tag","embeddable":true,"href":"https:\/\/displayproducts.eu\/lt\/wp-json\/wp\/v2\/product_tag?post=5680"}],"curies":[{"name":"wp","href":"https:\/\/api.w.org\/{rel}","templated":true}]}}