{"id":5670,"date":"2025-12-10T12:24:00","date_gmt":"2025-12-10T09:24:00","guid":{"rendered":"https:\/\/wristbandfactory.eu\/?post_type=product&#038;p=5670"},"modified":"2026-04-01T21:52:03","modified_gmt":"2026-04-01T18:52:03","slug":"custom-neoprene-sunglasses-straps-floating-retainer","status":"publish","type":"product","link":"https:\/\/displayproducts.eu\/lt\/p\/custom-neoprene-sunglasses-straps-floating-retainer\/","title":{"rendered":"Neopreniniai akini\u0173 rai\u0161teliai \u2013 Pl\u016bduriuojantys"},"content":{"rendered":"<p data-path-to-node=\"12\">Apsaugokite savo akinius stilingai su m\u016bs\u0173 <b>Neopreno akini\u0173 nuo saul\u0117s dir\u017eeliai pagal u\u017esakym\u0105<\/b>. Taip pat \u017einomi kaip akini\u0173 laikikliai, tai yra pagrindinis vasaros reklaminis elementas kelioni\u0173 agent\u016broms, sporto komandoms ir lauko preki\u0173 \u017eenklams.<\/p>\n<p data-path-to-node=\"13\"><b>Sukurta veiksmui ir vandeniui<\/b> Skirtingai nuo plon\u0173 virveli\u0173, \u0161ie dir\u017eeliai pagaminti i\u0161 auk\u0161tos kokyb\u0117s neopreno \u2013 tos pa\u010dios med\u017eiagos, naudojamos hidrokostiumams. Tai suteikia jiems nat\u016bral\u0173 pl\u016bdrum\u0105, tod\u0117l jie... <b>idealiai tinka vandens sportui<\/b>, \u017evejybos i\u0161vykos ir papl\u016bdimio festivaliai. Jei akiniai \u012fkrist\u0173 \u012f vanden\u012f, dir\u017eelis pad\u0117t\u0173 jiems i\u0161silaikyti.<\/p>\n<p data-path-to-node=\"14\"><b>Gerai matomas prek\u0117s \u017eenklas<\/b> Platus dir\u017eelio profilis suteikia puik\u0173 pagrind\u0105 j\u016bs\u0173 prek\u0117s \u017eenklui. Kaip matyti pavyzd\u017eiuose, galime \u012fgyvendinti:<\/p>\n<ol start=\"1\" data-path-to-node=\"15\">\n<li>\n<p data-path-to-node=\"15,0,0\"><b>Ta\u0161kini\u0173 spalv\u0173 spausdinimas:<\/b> Ry\u0161k\u016bs, ai\u0161k\u016bs logotipai \u012fmon\u0117s matomumui didinti (pvz., \u201eAllianz\u201c, \u201eOle Miss\u201c).<\/p>\n<\/li>\n<li>\n<p data-path-to-node=\"15,1,0\"><b>Pilnaspalv\u0117 sublimacija:<\/b> Ry\u0161k\u016bs, nuo kra\u0161to iki kra\u0161to besit\u0119siantys ra\u0161tai ir iliustracijos (pvz., delfinai, j\u016brin\u0117s temos).<\/p>\n<\/li>\n<\/ol>\n<p data-path-to-node=\"16\"><b>Rekomenduojami naudojimo atvejai:<\/b><\/p>\n<ul data-path-to-node=\"17\">\n<li>\n<p data-path-to-node=\"17,0,0\"><b>Vasaros festivaliai:<\/b> Prakti\u0161ka dovan\u0117l\u0117, kuri\u0105 dalyviai nedelsdami apsivelka.<\/p>\n<\/li>\n<li>\n<p data-path-to-node=\"17,1,0\"><b>\u012emoni\u0173 rekolekcijos:<\/b> Puikiai tinka komandos formavimo renginiams prie vandens.<\/p>\n<\/li>\n<li>\n<p data-path-to-node=\"17,2,0\"><b>Sporto prek\u0117s:<\/b> Universiteto ir komandos \u012fvaizd\u017eio k\u016brimas gerb\u0117jams.<\/p>\n<\/li>\n<\/ul>\n<p data-path-to-node=\"18\"><b>Pagrindin\u0117s savyb\u0117s:<\/b><\/p>\n<ul data-path-to-node=\"19\">\n<li>\n<p data-path-to-node=\"19,0,0\"><b>Med\u017eiaga:<\/b> 100% neoprenas (SBR\/CR putplastis).<\/p>\n<\/li>\n<li>\n<p data-path-to-node=\"19,1,0\"><b>Dydis:<\/b> Standartinis ma\u017edaug 40 cm x 2,5 cm (tinka daugumai suaugusi\u0173j\u0173).<\/p>\n<\/li>\n<li>\n<p data-path-to-node=\"19,2,0\"><b>Spausdinti:<\/b> \u0160ilkografija arba \u0161ilumos perdavimas sublimacija.<\/p>\n<\/li>\n<li>\n<p data-path-to-node=\"19,3,0\"><b>Funkcija:<\/b> Neslystantis, pl\u016bduriuojantis, greitai d\u017ei\u016bstantis.<\/p>\n<\/li>\n<\/ul>\n<h3 data-path-to-node=\"20\"><\/h3>","protected":false},"excerpt":{"rendered":"<ul>\n<li>\n<p data-path-to-node=\"10,0,0\"><b>Plaukiojanti med\u017eiaga:<\/b> Pagaminti i\u0161 mink\u0161to, lengvo neopreno (hidrokostiumo med\u017eiagos), kuris padeda akiniams i\u0161likti pavir\u0161iuje.<\/p>\n<\/li>\n<li>\n<p data-path-to-node=\"10,1,0\"><b>Saugus prigludimas:<\/b> Tampr\u016bs vamzdiniai galai tvirtai priglunda prie standartini\u0173 akini\u0173 nuo saul\u0117s r\u0117meli\u0173, neleisdami jiems nuslysti veiklos metu.<\/p>\n<\/li>\n<li>\n<p data-path-to-node=\"10,2,0\"><b>Visas prek\u0117s \u017eenklo naudojimas:<\/b> Suteikia didel\u012f spausdinimo plot\u0105 ry\u0161kiems logotipams (pvz., \u201eAllianz\u201c, \u201eOle Miss\u201c) arba spalvotiems ra\u0161tams.<\/p>\n<\/li>\n<li>\n<p data-path-to-node=\"10,3,0\"><b>Patogus:<\/b> Mink\u0161tas audinys malonus prie kaklo ir greitai d\u017ei\u016bsta su\u0161lap\u0119s.<\/p>\n<\/li>\n<\/ul>","protected":false},"featured_media":6673,"comment_status":"closed","ping_status":"closed","template":"","meta":[],"product_brand":[],"product_cat":[129,118,127],"product_tag":[],"class_list":{"0":"post-5670","1":"product","2":"type-product","3":"status-publish","4":"has-post-thumbnail","6":"product_cat-leisure-lifestyle","7":"product_cat-sports-fitness","8":"product_cat-custom-straps-belts","10":"first","11":"instock","12":"shipping-taxable","13":"product-type-simple"},"_links":{"self":[{"href":"https:\/\/displayproducts.eu\/lt\/wp-json\/wp\/v2\/product\/5670","targetHints":{"allow":["GET"]}}],"collection":[{"href":"https:\/\/displayproducts.eu\/lt\/wp-json\/wp\/v2\/product"}],"about":[{"href":"https:\/\/displayproducts.eu\/lt\/wp-json\/wp\/v2\/types\/product"}],"replies":[{"embeddable":true,"href":"https:\/\/displayproducts.eu\/lt\/wp-json\/wp\/v2\/comments?post=5670"}],"wp:featuredmedia":[{"embeddable":true,"href":"https:\/\/displayproducts.eu\/lt\/wp-json\/wp\/v2\/media\/6673"}],"wp:attachment":[{"href":"https:\/\/displayproducts.eu\/lt\/wp-json\/wp\/v2\/media?parent=5670"}],"wp:term":[{"taxonomy":"product_brand","embeddable":true,"href":"https:\/\/displayproducts.eu\/lt\/wp-json\/wp\/v2\/product_brand?post=5670"},{"taxonomy":"product_cat","embeddable":true,"href":"https:\/\/displayproducts.eu\/lt\/wp-json\/wp\/v2\/product_cat?post=5670"},{"taxonomy":"product_tag","embeddable":true,"href":"https:\/\/displayproducts.eu\/lt\/wp-json\/wp\/v2\/product_tag?post=5670"}],"curies":[{"name":"wp","href":"https:\/\/api.w.org\/{rel}","templated":true}]}}