{"id":5654,"date":"2025-12-10T12:17:37","date_gmt":"2025-12-10T09:17:37","guid":{"rendered":"https:\/\/wristbandfactory.eu\/?post_type=product&#038;p=5654"},"modified":"2026-04-01T21:52:35","modified_gmt":"2026-04-01T18:52:35","slug":"custom-printed-round-cord-lanyards-direct-text-branding","status":"publish","type":"product","link":"https:\/\/displayproducts.eu\/lt\/p\/custom-printed-round-cord-lanyards-direct-text-branding\/","title":{"rendered":"Apvalios kaklajuost\u0117s su u\u017era\u0161u ant virvut\u0117s"},"content":{"rendered":"<p data-path-to-node=\"12\">I\u0161siskirkite i\u0161 minios su m\u016bs\u0173 <b>Individualiai spausdinti apval\u016bs kaklajuost\u0117s dir\u017eeliai<\/b>. Skirtingai nuo tradicini\u0173 virvelini\u0173 dir\u017eeli\u0173, kuri\u0173 prek\u0117s \u017eenklas naudojamas su atskiru PVC \u017eenkliuku, \u0161is auk\u0161\u010diausios kokyb\u0117s variantas si\u016blo j\u016bs\u0173 tekst\u0105 arba logotip\u0105, atspausdint\u0105 tiesiai ant pa\u010dios virv\u0117s pavir\u0161iaus.<\/p>\n<p data-path-to-node=\"13\"><b>Minimalistinis ir modernus<\/b> \u0160i technika sukuria eleganti\u0161k\u0105, sporti\u0161k\u0105 \u012fvaizd\u012f, populiar\u0173 tarp technologij\u0173 \u012fmoni\u0173, lauko preki\u0173 \u017eenkl\u0173 ir mokykl\u0173. Apvalus profilis (paprastai 5 mm arba 8 mm) yra patogus d\u0117v\u0117ti vis\u0105 dien\u0105 ir nesisuka kaip plok\u0161ti kaspinai.<\/p>\n<p data-path-to-node=\"14\"><b>Elastingas ir statinis<\/b> Galite rinktis i\u0161:<\/p>\n<ol start=\"1\" data-path-to-node=\"15\">\n<li>\n<p data-path-to-node=\"15,0,0\"><b>Vamzdinis poliesteris:<\/b> Klasikinis, patvarus ir netamprus variantas, puikiai tinkantis asmens tapatyb\u0117s kortel\u0117ms.<\/p>\n<\/li>\n<li>\n<p data-path-to-node=\"15,1,0\"><b>Elastin\u0117 virvel\u0117:<\/b> Tampri \u201cbend\u017eiamojo stiliaus\u201d med\u017eiaga, suteikianti unikal\u0173 lyt\u0117jimo element\u0105 ir lankstum\u0105.<\/p>\n<\/li>\n<\/ol>\n<p data-path-to-node=\"16\"><b>Rekomenduojami naudojimo atvejai:<\/b><\/p>\n<ul data-path-to-node=\"17\">\n<li>\n<p data-path-to-node=\"17,0,0\"><b>Sportas ir lauko pramogos:<\/b> Tvirtas virv\u0117s stilius puikiai tinka sportiniams renginiams.<\/p>\n<\/li>\n<li>\n<p data-path-to-node=\"17,1,0\"><b>Mokyklos ir universitetai:<\/b> Paprasti, patvar\u016bs asmens tapatyb\u0117s d\u0117klai studentams.<\/p>\n<\/li>\n<li>\n<p data-path-to-node=\"17,2,0\"><b>Technologij\u0173 suvenyras:<\/b> Moderni alternatyva standartiniam plok\u0161\u010diam virveliui.<\/p>\n<\/li>\n<\/ul>\n<p data-path-to-node=\"18\"><b>Pagrindin\u0117s savyb\u0117s:<\/b><\/p>\n<ul data-path-to-node=\"19\">\n<li>\n<p data-path-to-node=\"19,0,0\"><b>Spausdinimas:<\/b> \u0160ilkografija aplink laido i\u0161link\u012f.<\/p>\n<\/li>\n<li>\n<p data-path-to-node=\"19,1,0\"><b>Skersmuo:<\/b> Galima \u012fsigyti 5 mm, 8 mm arba pasirinktinio storio.<\/p>\n<\/li>\n<li>\n<p data-path-to-node=\"19,2,0\"><b>Derintojai:<\/b> Dyd\u017eio reguliavimui yra plastikiniai mygtuk\u0173 slankikliai.<\/p>\n<\/li>\n<li>\n<p data-path-to-node=\"19,3,0\"><b>Priedai:<\/b> Tvirti metaliniai kabliukai arba subtilios kaklajuost\u0117s kilpos.<\/p>\n<\/li>\n<\/ul>","protected":false},"excerpt":{"rendered":"<ul data-path-to-node=\"10\">\n<li>\n<p data-path-to-node=\"10,0,0\"><b>Tiesioginis prek\u0117s \u017eenklo k\u016brimas:<\/b> J\u016bs\u0173 logotipas arba \u0161\u016bkis yra spausdinamas \u0161ilkografijos b\u016bdu i\u0161ilgai apvalios kaklajuost\u0117s, u\u017etikrinant 360 laipsni\u0173 matomum\u0105.<\/p>\n<\/li>\n<li>\n<p data-path-to-node=\"10,1,0\"><b>Med\u017eiag\u0173 parinktys:<\/b> Galima \u012fsigyti i\u0161 standartinio vamzdinio poliesterio arba tamprios elastin\u0117s kaklajuost\u0117s, kad b\u016bt\u0173 dar funkcionaliau.<\/p>\n<\/li>\n<li>\n<p data-path-to-node=\"10,2,0\"><b>I\u0161manieji slankikliai:<\/b> Yra reguliuojami plastikiniai slankikliai arba \u201cmygtukai\u201d, skirti laido ilgiui reguliuoti arba tvarkingai i\u0161likti.<\/p>\n<\/li>\n<li>\n<p data-path-to-node=\"10,3,0\"><b>Universal\u016bs klipai:<\/b> Suderinamas su metaliniais karabinais, pasukamais kabliukais arba mobili\u0173j\u0173 telefon\u0173 kilpomis.<\/p>\n<\/li>\n<\/ul>","protected":false},"featured_media":6805,"comment_status":"closed","ping_status":"closed","template":"","meta":[],"product_brand":[],"product_cat":[125,104,108],"product_tag":[],"class_list":{"0":"post-5654","1":"product","2":"type-product","3":"status-publish","4":"has-post-thumbnail","6":"product_cat-cord-lanyards","7":"product_cat-custom-printed-lanyards","8":"product_cat-multifunctional-lanyards","10":"first","11":"instock","12":"shipping-taxable","13":"product-type-simple"},"_links":{"self":[{"href":"https:\/\/displayproducts.eu\/lt\/wp-json\/wp\/v2\/product\/5654","targetHints":{"allow":["GET"]}}],"collection":[{"href":"https:\/\/displayproducts.eu\/lt\/wp-json\/wp\/v2\/product"}],"about":[{"href":"https:\/\/displayproducts.eu\/lt\/wp-json\/wp\/v2\/types\/product"}],"replies":[{"embeddable":true,"href":"https:\/\/displayproducts.eu\/lt\/wp-json\/wp\/v2\/comments?post=5654"}],"wp:featuredmedia":[{"embeddable":true,"href":"https:\/\/displayproducts.eu\/lt\/wp-json\/wp\/v2\/media\/6805"}],"wp:attachment":[{"href":"https:\/\/displayproducts.eu\/lt\/wp-json\/wp\/v2\/media?parent=5654"}],"wp:term":[{"taxonomy":"product_brand","embeddable":true,"href":"https:\/\/displayproducts.eu\/lt\/wp-json\/wp\/v2\/product_brand?post=5654"},{"taxonomy":"product_cat","embeddable":true,"href":"https:\/\/displayproducts.eu\/lt\/wp-json\/wp\/v2\/product_cat?post=5654"},{"taxonomy":"product_tag","embeddable":true,"href":"https:\/\/displayproducts.eu\/lt\/wp-json\/wp\/v2\/product_tag?post=5654"}],"curies":[{"name":"wp","href":"https:\/\/api.w.org\/{rel}","templated":true}]}}