{"id":5642,"date":"2025-12-10T11:59:44","date_gmt":"2025-12-10T08:59:44","guid":{"rendered":"https:\/\/wristbandfactory.eu\/?post_type=product&#038;p=5642"},"modified":"2026-04-01T21:52:35","modified_gmt":"2026-04-01T18:52:35","slug":"natural-cork-lanyards-with-bottle-opener-eco-metal","status":"publish","type":"product","link":"https:\/\/displayproducts.eu\/lt\/p\/natural-cork-lanyards-with-bottle-opener-eco-metal\/","title":{"rendered":"Kam\u0161tin\u0117s kaklajuost\u0117s su buteli\u0173 atidarytuvu"},"content":{"rendered":"<p data-path-to-node=\"13\">Sujunkite tvarum\u0105 su dideliu naudingumu naudodami m\u016bs\u0173 <b>Nat\u016bralaus kam\u0161\u010dio kaklajuost\u0117s su buteli\u0173 atidarytuvu<\/b>. \u0160is produktas jungia ekologi\u0161k\u0105 prek\u0117s \u017eenklo k\u016brim\u0105 ir prakti\u0161kas rengini\u0173 prekes.<\/p>\n<p data-path-to-node=\"14\">Skirtingai nuo standartini\u0173 poliesterio virveli\u0173, dir\u017eelis pagamintas i\u0161 <b>tikra kam\u0161tiena<\/b>, suteikdamas jam unikali\u0105, organi\u0161k\u0105 i\u0161vaizd\u0105 ir \u0161veln\u0173 poj\u016bt\u012f odai. \u0160io modelio akcentas yra <b>integruotas metalinis buteli\u0173 atidarytuvas<\/b>, tod\u0117l tai labai geid\u017eiamas \u201csaugojimo daiktas\u201d festivali\u0173 ir vakar\u0117li\u0173 dalyviams.<\/p>\n<p data-path-to-node=\"15\"><b>Kod\u0117l verta rinktis \u201eCork + Opener\u201c?<\/b> Tai siun\u010dia dvigub\u0105 \u017einut\u0119: j\u016bs\u0173 prek\u0117s \u017eenklas r\u016bpinasi aplinka (Eko) ir \u017eino, kaip gerai praleisti laik\u0105 (Socialinis). Tvirti metaliniai elementai u\u017etikrina, kad gaminys tarnaut\u0173 ilgus metus, o j\u016bs\u0173 logotipas i\u0161likt\u0173 apyvartoje dar ilgai po renginio pabaigos.<\/p>\n<p data-path-to-node=\"16\"><b>Rekomenduojami naudojimo atvejai:<\/b><\/p>\n<ul data-path-to-node=\"17\">\n<li>\n<p data-path-to-node=\"17,0,0\"><b>Maisto ir g\u0117rim\u0173 renginiai:<\/b> Alaus festivaliai, vyno degustacijos ir vasaros mug\u0117s.<\/p>\n<\/li>\n<li>\n<p data-path-to-node=\"17,1,0\"><b>Ekologi\u0161kos kampanijos:<\/b> Preki\u0173 \u017eenklai ie\u0161ko alternatyv\u0173 be plastiko.<\/p>\n<\/li>\n<li>\n<p data-path-to-node=\"17,2,0\"><b>VIP dovanos:<\/b> Funkcin\u0117 dovana, suteikianti didesn\u0119 suvokiam\u0105 vert\u0119 nei standartinis kaklajuost\u0117.<\/p>\n<\/li>\n<\/ul>\n<p data-path-to-node=\"18\"><b>Pagrindin\u0117s savyb\u0117s:<\/b><\/p>\n<ul data-path-to-node=\"19\">\n<li>\n<p data-path-to-node=\"19,0,0\"><b>Med\u017eiaga:<\/b> Tikras nat\u016bralus kam\u0161tinis pagrindas.<\/p>\n<\/li>\n<li>\n<p data-path-to-node=\"19,1,0\"><b>Priedas:<\/b> Metalinis buteli\u0173 atidarytuvas + pasukamas kabliukas (omaro segtukas).<\/p>\n<\/li>\n<li>\n<p data-path-to-node=\"19,2,0\"><b>Pritaikymas:<\/b> Galima u\u017esisakyti su \u0161ilkografija arba lazeriniu graviravimu ant kam\u0161\u010dio.<\/p>\n<\/li>\n<li>\n<p data-path-to-node=\"19,3,0\"><b>Patvarumas:<\/b> Sustiprintas metalinis u\u017espaudimas intensyviam kasdieniam naudojimui.<\/p>\n<\/li>\n<\/ul>","protected":false},"excerpt":{"rendered":"<ul data-path-to-node=\"11\">\n<li>\n<p data-path-to-node=\"11,0,0\"><b>Ekologi\u0161ka med\u017eiaga:<\/b> Pagaminta i\u0161 nat\u016bralios, tvarios kam\u0161tin\u0117s med\u017eiagos, pasi\u017eymin\u010dios mink\u0161ta, auk\u0161\u010diausios kokyb\u0117s tekst\u016bra.<\/p>\n<\/li>\n<li>\n<p data-path-to-node=\"11,1,0\"><b>Integruotas \u012frankis:<\/b> Turi tvirt\u0105 metalin\u0119 buteli\u0173 atidarytuvo plok\u0161tel\u0119, tiesiogiai integruot\u0105 \u012f dir\u017eel\u012f.<\/p>\n<\/li>\n<li>\n<p data-path-to-node=\"11,2,0\"><b>Auk\u0161\u010diausios kokyb\u0117s \u012franga:<\/b> Apdaila su auk\u0161tos kokyb\u0117s metaliniais gofruotais elementais ir omaro \u017enypl\u0117s formos kabliu, tod\u0117l nenaudojamos pigios plastikin\u0117s dalys.<\/p>\n<\/li>\n<li>\n<p data-path-to-node=\"11,3,0\"><b>Paruo\u0161ta renginiui:<\/b> Puikus funkcionalus aksesuaras alaus festivaliams, renginiams lauke ir g\u0117rim\u0173 rinkodarai.<\/p>\n<\/li>\n<\/ul>","protected":false},"featured_media":6557,"comment_status":"closed","ping_status":"closed","template":"","meta":[],"product_brand":[],"product_cat":[107,108,119],"product_tag":[],"class_list":{"0":"post-5642","1":"product","2":"type-product","3":"status-publish","4":"has-post-thumbnail","6":"product_cat-eco-friendly-lanyards","7":"product_cat-multifunctional-lanyards","8":"product_cat-drinkware-accessories","10":"first","11":"instock","12":"shipping-taxable","13":"product-type-simple"},"_links":{"self":[{"href":"https:\/\/displayproducts.eu\/lt\/wp-json\/wp\/v2\/product\/5642","targetHints":{"allow":["GET"]}}],"collection":[{"href":"https:\/\/displayproducts.eu\/lt\/wp-json\/wp\/v2\/product"}],"about":[{"href":"https:\/\/displayproducts.eu\/lt\/wp-json\/wp\/v2\/types\/product"}],"replies":[{"embeddable":true,"href":"https:\/\/displayproducts.eu\/lt\/wp-json\/wp\/v2\/comments?post=5642"}],"wp:featuredmedia":[{"embeddable":true,"href":"https:\/\/displayproducts.eu\/lt\/wp-json\/wp\/v2\/media\/6557"}],"wp:attachment":[{"href":"https:\/\/displayproducts.eu\/lt\/wp-json\/wp\/v2\/media?parent=5642"}],"wp:term":[{"taxonomy":"product_brand","embeddable":true,"href":"https:\/\/displayproducts.eu\/lt\/wp-json\/wp\/v2\/product_brand?post=5642"},{"taxonomy":"product_cat","embeddable":true,"href":"https:\/\/displayproducts.eu\/lt\/wp-json\/wp\/v2\/product_cat?post=5642"},{"taxonomy":"product_tag","embeddable":true,"href":"https:\/\/displayproducts.eu\/lt\/wp-json\/wp\/v2\/product_tag?post=5642"}],"curies":[{"name":"wp","href":"https:\/\/api.w.org\/{rel}","templated":true}]}}