{"id":5636,"date":"2025-12-10T11:51:32","date_gmt":"2025-12-10T08:51:32","guid":{"rendered":"https:\/\/wristbandfactory.eu\/?post_type=product&#038;p=5636"},"modified":"2026-04-01T21:52:35","modified_gmt":"2026-04-01T18:52:35","slug":"custom-camera-neck-straps-woven-printed-branding","status":"publish","type":"product","link":"https:\/\/displayproducts.eu\/lt\/p\/custom-camera-neck-straps-woven-printed-branding\/","title":{"rendered":"Fotoaparato dir\u017eeliai su logotipu \u2013 Austi arba spausti"},"content":{"rendered":"<p data-path-to-node=\"12\">I\u0161pl\u0117skite savo preki\u0173 kolekcij\u0105 su m\u016bs\u0173 <b>Individual\u016bs fotoaparato kaklo dir\u017eeliai<\/b>. \u0160ie dir\u017eeliai, sukurti fotografijos studijoms, technologij\u0173 preki\u0173 \u017eenklams ir muziej\u0173 dovan\u0173 parduotuv\u0117ms, suteikia verting\u0105 prek\u0117s \u017eenklo erdv\u0119, kuri matoma kiekvien\u0105 kart\u0105 fotografuojant.<\/p>\n<p data-path-to-node=\"13\">Kitaip nei pigios dovan\u0117l\u0117s, tai yra ma\u017emenin\u0117s kokyb\u0117s dir\u017eeliai. Galite pasirinkti med\u017eiag\u0105 ir b\u016bd\u0105, atitinkant\u012f j\u016bs\u0173 prek\u0117s \u017eenkl\u0105:<\/p>\n<ol start=\"1\" data-path-to-node=\"14\">\n<li>\n<p data-path-to-node=\"14,0,0\"><b>Poliesterio sublimacija:<\/b> Puikiai tinka sud\u0117tingai, spalvingai grafikai, gradientams ir nuotraukoms (pvz., g\u0117li\u0173 ar gyv\u016bn\u0173 ra\u0161tams).<\/p>\n<\/li>\n<li>\n<p data-path-to-node=\"14,1,0\"><b>\u017dakardo pynimas (austas):<\/b> Idealiai tinka \u201cvinta\u017einiam\u201d arba \u201cboho\u201d stiliui, kai ra\u0161tas \u012faustas \u012f audin\u012f, kad b\u016bt\u0173 tekst\u016bra ir patvarumas.<\/p>\n<\/li>\n<\/ol>\n<p data-path-to-node=\"15\"><b>Kod\u0117l verta parduoti firminius fotoaparat\u0173 dir\u017eelius?<\/b> Fotografai m\u0117gsta suasmeninti savo \u012frang\u0105. Individualus dir\u017eelis yra funkcionalus aksesuaras, kuris pakei\u010dia nuobod\u0173 standartin\u012f fotoaparato dir\u017eel\u012f, tod\u0117l jis puikiai tinka verslo dovanoms ar perpardavimui.<\/p>\n<p data-path-to-node=\"16\"><b>Pagrindin\u0117s savyb\u0117s:<\/b><\/p>\n<ul data-path-to-node=\"17\">\n<li>\n<p data-path-to-node=\"17,0,0\"><b>Med\u017eiagos:<\/b> Patvar\u016bs medviln\u0117s, poliesterio arba nailono mi\u0161iniai.<\/p>\n<\/li>\n<li>\n<p data-path-to-node=\"17,1,0\"><b>Priedai:<\/b> Standartin\u0117s 10 mm austin\u0117s kilpos arba metaliniai pasukami kabliukai.<\/p>\n<\/li>\n<li>\n<p data-path-to-node=\"17,2,0\"><b>Reguliuojamas ilgis:<\/b> Tvirtos plastikin\u0117s sagtys, kurias galima reguliuoti ne\u0161iojimui ant kaklo ar peties.<\/p>\n<\/li>\n<li>\n<p data-path-to-node=\"17,3,0\"><b>Odiniai galai:<\/b> PU arba tikros odos apdaila, u\u017etikrinanti patvarum\u0105 ir stili\u0173.<\/p>\n<\/li>\n<\/ul>","protected":false},"excerpt":{"rendered":"<ul>\n<li>\n<p data-path-to-node=\"10,0,0\"><b>Visi\u0161kai pritaikoma:<\/b> Rinkit\u0117s i\u0161 didel\u0117s rai\u0161kos sublimacin\u0117s spaudos arba auk\u0161\u010diausios kokyb\u0117s aust\u0173 ra\u0161t\u0173.<\/p>\n<\/li>\n<li>\n<p data-path-to-node=\"10,1,0\"><b>Auk\u0161\u010diausios kokyb\u0117s apdaila:<\/b> Galai sutvirtinti auk\u0161tos kokyb\u0117s PU oda arba tikra oda, kad b\u016bt\u0173 tinkami ma\u017emeninei prekybai.<\/p>\n<\/li>\n<li>\n<p data-path-to-node=\"10,2,0\"><b>Universalus pritaikymas:<\/b> Reguliuojamos nailono juostos jungtys tinka beveik visiems DSLR ir beveidrodiniams fotoaparatams (\u201eCanon\u201c, \u201eNikon\u201c, \u201eSony\u201c ir kt.).<\/p>\n<\/li>\n<li>\n<p data-path-to-node=\"10,3,0\"><b>Universal\u016bs stiliai:<\/b> Galima rinktis bohemi\u0161k\u0105, vinta\u017ein\u012f arba modern\u0173 firmin\u012f stili\u0173, pritaikyt\u0105 prie j\u016bs\u0173 prek\u0117s \u017eenklo tapatyb\u0117s.<\/p>\n<\/li>\n<\/ul>","protected":false},"featured_media":5641,"comment_status":"closed","ping_status":"closed","template":"","meta":[],"product_brand":[],"product_cat":[127],"product_tag":[],"class_list":{"0":"post-5636","1":"product","2":"type-product","3":"status-publish","4":"has-post-thumbnail","6":"product_cat-custom-straps-belts","8":"first","9":"instock","10":"shipping-taxable","11":"product-type-simple"},"_links":{"self":[{"href":"https:\/\/displayproducts.eu\/lt\/wp-json\/wp\/v2\/product\/5636","targetHints":{"allow":["GET"]}}],"collection":[{"href":"https:\/\/displayproducts.eu\/lt\/wp-json\/wp\/v2\/product"}],"about":[{"href":"https:\/\/displayproducts.eu\/lt\/wp-json\/wp\/v2\/types\/product"}],"replies":[{"embeddable":true,"href":"https:\/\/displayproducts.eu\/lt\/wp-json\/wp\/v2\/comments?post=5636"}],"wp:featuredmedia":[{"embeddable":true,"href":"https:\/\/displayproducts.eu\/lt\/wp-json\/wp\/v2\/media\/5641"}],"wp:attachment":[{"href":"https:\/\/displayproducts.eu\/lt\/wp-json\/wp\/v2\/media?parent=5636"}],"wp:term":[{"taxonomy":"product_brand","embeddable":true,"href":"https:\/\/displayproducts.eu\/lt\/wp-json\/wp\/v2\/product_brand?post=5636"},{"taxonomy":"product_cat","embeddable":true,"href":"https:\/\/displayproducts.eu\/lt\/wp-json\/wp\/v2\/product_cat?post=5636"},{"taxonomy":"product_tag","embeddable":true,"href":"https:\/\/displayproducts.eu\/lt\/wp-json\/wp\/v2\/product_tag?post=5636"}],"curies":[{"name":"wp","href":"https:\/\/api.w.org\/{rel}","templated":true}]}}