{"id":5613,"date":"2025-12-10T11:15:00","date_gmt":"2025-12-10T08:15:00","guid":{"rendered":"https:\/\/wristbandfactory.eu\/?post_type=product&#038;p=5613"},"modified":"2026-04-01T21:52:35","modified_gmt":"2026-04-01T18:52:35","slug":"high-density-3d-screen-print-lanyards-tactile-braille-ready","status":"publish","type":"product","link":"https:\/\/displayproducts.eu\/lt\/p\/high-density-3d-screen-print-lanyards-tactile-braille-ready\/","title":{"rendered":"Kaklajuost\u0117s su 3D reljefine spauda ir Brailio ra\u0161tu"},"content":{"rendered":"<p data-path-to-node=\"11\">Padidinkite savo prek\u0117s \u017eenklo poveik\u012f ir \u012ftraukt\u012f su m\u016bs\u0173 <b>Didelio tankio 3D \u0161ilkografijos kaklajuost\u0117s<\/b>. Skirtingai nuo standartinio plok\u0161\u010diojo spausdinimo, \u0161i pa\u017eangi \u201cp\u016bsto spausdinimo\u201d technika sukuria stor\u0105, gumos pavidalo tekst\u016br\u0105, kuri gerokai i\u0161kyla vir\u0161 audinio pavir\u0161iaus, tod\u0117l j\u016bs\u0173 logotipas ir \u017einut\u0117 tampa fizi\u0161kai ap\u010diuopiami.<\/p>\n<p data-path-to-node=\"12\"><b>\u012etraukios ir saugumui svarbios aplinkos pasirinkimas<\/b> \u0160i technologija yra unikaliai pritaikyta <b>prieinamumo programos<\/b>. Kaip matyti saugumo kampanijose (pvz., \u201cOperacija \u201dGyvyb\u0117s gelb\u0117tojas\u201c), tikslus, pakeltas profilis leid\u017eia \u012ftraukti <b>lyt\u0117jimo Brailio ra\u0161to simboliai<\/b> \u0161alia standartinio teksto. Tod\u0117l \u0161ie kaklajuost\u0117s yra puikus pasirinkimas:<\/p>\n<ul data-path-to-node=\"13\">\n<li>\n<p data-path-to-node=\"13,0,0\"><b>\u012etraukiantys renginiai ir konferencijos:<\/b> Maitinimas regos negali\u0105 turintiems lankytojams.<\/p>\n<\/li>\n<li>\n<p data-path-to-node=\"13,1,0\"><b>Vie\u0161asis transportas ir saugumas:<\/b> Akivaizd\u016bs \u012fsp\u0117jimai darbuotojams (pvz., \u201cArt\u0117ja traukinys\u201d, \u201cLaikykit\u0117s tarpo\u201d).<\/p>\n<\/li>\n<li>\n<p data-path-to-node=\"13,2,0\"><b>Sveikatos prie\u017ei\u016bra ir vyriausyb\u0117:<\/b> Atitiktis KSA (\u012fmoni\u0173 socialin\u0117s atsakomyb\u0117s) ir prieinamumo standartams.<\/p>\n<\/li>\n<\/ul>\n<p data-path-to-node=\"14\"><b>Auk\u0161\u010diausios kokyb\u0117s tekst\u016bra ir patvarumas<\/b> I\u0161kilus ra\u0161alas yra patvarus, lankstus ir atsparus \u012ftr\u016bkimams. Jis sukuria auk\u0161\u010diausios kokyb\u0117s \u201c3D efekt\u0105\u201d, kuris padidina vert\u0119 net ir paprastiems logotipams. Kaklajuost\u0117s pagamintos i\u0161 tvirto poliesterio, yra vamzdinio arba plok\u0161\u010dio pynimo ir gali b\u016bti su saugos atrai\u017eomis ir nuimamomis sagtimis, kad b\u016bt\u0173 dar funkcionalesn\u0117s.<\/p>\n<p data-path-to-node=\"15\"><b>Pagrindin\u0117s savyb\u0117s:<\/b><\/p>\n<ul data-path-to-node=\"16\">\n<li>\n<p data-path-to-node=\"16,0,0\"><b>Didelio tankio p\u016bkuotas spaudinys:<\/b> Ypa\u010d stori ra\u0161alo sluoksniai, suteikiantys i\u0161skirtin\u012f 3D poj\u016bt\u012f.<\/p>\n<\/li>\n<li>\n<p data-path-to-node=\"16,1,0\"><b>Suderinamas su Brailio ra\u0161tu:<\/b> Atitinkami special\u016bs auk\u0161\u010dio reikalavimai, skirti lyt\u0117jimo skaitymui.<\/p>\n<\/li>\n<li>\n<p data-path-to-node=\"16,2,0\"><b>Tvirta med\u017eiaga:<\/b> Tvirtas poliesteris, skirtas ilgalaikiam d\u0117v\u0117jimui.<\/p>\n<\/li>\n<li>\n<p data-path-to-node=\"16,3,0\"><b>Pasirinktiniai priedai:<\/b> Suderinamas su metaliniais kabliukais, plastikin\u0117mis sagtimis ir saugos stabd\u017eiais.<\/p>\n<\/li>\n<\/ul>","protected":false},"excerpt":{"rendered":"<ul>\n<li>\n<p data-path-to-node=\"9,0,0\"><b>Lyt\u0117jimo prek\u0117s \u017eenklas:<\/b> Pa\u017eangi \u201cp\u016bkuotos\u201d \u0161ilkografijos technologija sukuria stor\u0105, i\u0161kili\u0105 3D tekst\u016br\u0105, kuri\u0105 galima pajusti.<\/p>\n<\/li>\n<li>\n<p data-path-to-node=\"9,1,0\"><b>Paruo\u0161ta prieinamumui:<\/b> D\u0117l ry\u0161kaus spaudinio Brailio ra\u0161tas yra \u012fskaitomas, tod\u0117l renginiai prieinami ir silpnaregiams.<\/p>\n<\/li>\n<li>\n<p data-path-to-node=\"9,2,0\"><b>Didelis matomumas:<\/b> I\u0161kilus ra\u0161alas yra ant audinio vir\u0161aus, kad b\u016bt\u0173 u\u017etikrintas maksimalus kontrastas ir \u012fskaitomumas, idealiai tinka saugos prane\u0161imams, pvz., \u201cNESILANKYKITE KELIUOSE\u201d.<\/p>\n<\/li>\n<li>\n<p data-path-to-node=\"9,3,0\"><b>Patvarus ir saugus:<\/b> Galima \u012fsigyti su apsaugin\u0117mis nuimamomis sagtimis ir nuimamais spaustukais, skirtais kasdieniam naudojimui intensyviomis s\u0105lygomis.<\/p>\n<\/li>\n<\/ul>","protected":false},"featured_media":5617,"comment_status":"closed","ping_status":"closed","template":"","meta":[],"product_brand":[],"product_cat":[104],"product_tag":[],"class_list":{"0":"post-5613","1":"product","2":"type-product","3":"status-publish","4":"has-post-thumbnail","6":"product_cat-custom-printed-lanyards","8":"first","9":"instock","10":"shipping-taxable","11":"product-type-simple"},"_links":{"self":[{"href":"https:\/\/displayproducts.eu\/lt\/wp-json\/wp\/v2\/product\/5613","targetHints":{"allow":["GET"]}}],"collection":[{"href":"https:\/\/displayproducts.eu\/lt\/wp-json\/wp\/v2\/product"}],"about":[{"href":"https:\/\/displayproducts.eu\/lt\/wp-json\/wp\/v2\/types\/product"}],"replies":[{"embeddable":true,"href":"https:\/\/displayproducts.eu\/lt\/wp-json\/wp\/v2\/comments?post=5613"}],"wp:featuredmedia":[{"embeddable":true,"href":"https:\/\/displayproducts.eu\/lt\/wp-json\/wp\/v2\/media\/5617"}],"wp:attachment":[{"href":"https:\/\/displayproducts.eu\/lt\/wp-json\/wp\/v2\/media?parent=5613"}],"wp:term":[{"taxonomy":"product_brand","embeddable":true,"href":"https:\/\/displayproducts.eu\/lt\/wp-json\/wp\/v2\/product_brand?post=5613"},{"taxonomy":"product_cat","embeddable":true,"href":"https:\/\/displayproducts.eu\/lt\/wp-json\/wp\/v2\/product_cat?post=5613"},{"taxonomy":"product_tag","embeddable":true,"href":"https:\/\/displayproducts.eu\/lt\/wp-json\/wp\/v2\/product_tag?post=5613"}],"curies":[{"name":"wp","href":"https:\/\/api.w.org\/{rel}","templated":true}]}}