{"id":5559,"date":"2025-11-17T00:22:15","date_gmt":"2025-11-16T21:22:15","guid":{"rendered":"https:\/\/wristbandfactory.eu\/?post_type=product&#038;p=5559"},"modified":"2026-04-01T21:52:35","modified_gmt":"2026-04-01T18:52:35","slug":"rechargeable-dmx-led-wristbands-type-c","status":"publish","type":"product","link":"https:\/\/displayproducts.eu\/lt\/p\/rechargeable-dmx-led-wristbands-type-c\/","title":{"rendered":"\u012ekraunamos LED apyrank\u0117s"},"content":{"rendered":"<p data-path-to-node=\"10\">Paverskite savo rengin\u012f pasaulinio lygio ap\u0161vietimo produkcija su m\u016bs\u0173 pa\u017eangiausia LED apyranke. \u012ekraunamas DMX modelis sukurtas specialiai auk\u0161\u010diausios klas\u0117s turams, didelio masto \u012fmoni\u0173 renginiams ir bet kokiems B2B klientams, kuriems reikalinga absoliuti detali kontrol\u0117. \u0160is modelis, be vienkartini\u0173 baterij\u0173, turi tvari\u0105 C tipo \u012fkrovimo sistem\u0105, tod\u0117l tai yra ekonomi\u0161kiausias ir ekologi\u0161kiausias sprendimas keli\u0173 dien\u0173 konferencijoms. Tur\u0117damas 256 spalv\u0173 palet\u0119 ir visi\u0161k\u0105 DMX programin\u0117s \u012frangos integracij\u0105, tai yra geriausias pasirinkimas profesionaliems rengini\u0173 organizatoriams visame pasaulyje.<\/p>\n<h2 data-path-to-node=\"11\">Pagrindin\u0117s savyb\u0117s<\/h2>\n<ul data-path-to-node=\"12\">\n<li>\n<p data-path-to-node=\"12,0,0\"><b data-path-to-node=\"12,0,0\" data-index-in-node=\"0\">\u012ekraunamas C tipo USB:<\/b> Moderni maitinimo sistema, u\u017etikrinanti intensyv\u0173 naudojim\u0105 kelias dienas nereikalaujant keisti baterij\u0173.<\/p>\n<\/li>\n<li>\n<p data-path-to-node=\"12,1,0\"><b data-path-to-node=\"12,1,0\" data-index-in-node=\"0\">Pilnas DMX ir programin\u0117s \u012frangos valdymas:<\/b> Leid\u017eia valdyti profesionalias, sud\u0117tingas ap\u0161vietimo sekas, naudojant centrinius ap\u0161vietimo pultus arba specializuot\u0105 programin\u0119 \u012frang\u0105.<\/p>\n<\/li>\n<li>\n<p data-path-to-node=\"12,2,0\"><b data-path-to-node=\"12,2,0\" data-index-in-node=\"0\">256 spalv\u0173 RGB spektras:<\/b> Si\u016blo vis\u0105 spalv\u0173 gam\u0105, gerokai pranokstant\u012f standartinius 15 spalv\u0173 modelius, tod\u0117l galima tiksliai suderinti prek\u0117s \u017eenkl\u0105 ir sukurti meninius per\u0117jimus.<\/p>\n<\/li>\n<li>\n<p data-path-to-node=\"12,3,0\"><b data-path-to-node=\"12,3,0\" data-index-in-node=\"0\">2 met\u0173 profesionali garantija:<\/b> Speciali B2B kokyb\u0117s garantija, u\u017etikrinanti, kad j\u016bs\u0173 investicija b\u016bt\u0173 apsaugota ilgalaikiam naudojimui.<\/p>\n<\/li>\n<li>\n<p data-path-to-node=\"12,4,0\"><b data-path-to-node=\"12,4,0\" data-index-in-node=\"0\">Sertifikuota sauga:<\/b> Atitinka visus Europos CE ir RoHS standartus, taikomus med\u017eiagoms ir saugai profesin\u0117je aplinkoje.<\/p>\n<\/li>\n<\/ul>\n<h2 data-path-to-node=\"13\">Specifikacijos<\/h2>\n<ul data-path-to-node=\"14\">\n<li>\n<p data-path-to-node=\"14,0,0\"><b data-path-to-node=\"14,0,0\" data-index-in-node=\"0\">Med\u017eiaga:<\/b> Didelio sm\u016bgio ABS korpusas ir patvarus PVC dir\u017eelis<\/p>\n<\/li>\n<li>\n<p data-path-to-node=\"14,1,0\"><b data-path-to-node=\"14,1,0\" data-index-in-node=\"0\">Vieneto dydis:<\/b> 6,77 x 8,5 x 3,3 cm<\/p>\n<\/li>\n<li>\n<p data-path-to-node=\"14,2,0\"><b data-path-to-node=\"14,2,0\" data-index-in-node=\"0\">Logotipo spausdinimo sritis:<\/b> 2 x 4 cm<\/p>\n<\/li>\n<li>\n<p data-path-to-node=\"14,3,0\"><b data-path-to-node=\"14,3,0\" data-index-in-node=\"0\">Bendravimas:<\/b> RF 433MHz \/ DMX512 \/ Programinis valdymas \/ Rankinis mygtukas<\/p>\n<\/li>\n<li>\n<p data-path-to-node=\"14,4,0\"><b data-path-to-node=\"14,4,0\" data-index-in-node=\"0\">Galia:<\/b> \u012ekraunamas per USB (C tipo 5 V \u2013 1 A)<\/p>\n<\/li>\n<li>\n<p data-path-to-node=\"14,5,0\"><b data-path-to-node=\"14,5,0\" data-index-in-node=\"0\">Garantija:<\/b> 2 metai<\/p>\n<\/li>\n<li>\n<p data-path-to-node=\"14,6,0\"><b data-path-to-node=\"14,6,0\" data-index-in-node=\"0\">Sertifikatai:<\/b> CE, RoHS<\/p>\n<\/li>\n<li>\n<p data-path-to-node=\"14,7,0\"><b data-path-to-node=\"14,7,0\" data-index-in-node=\"0\">LED spalvos:<\/b> 256 spalv\u0173 RGB palet\u0117<\/p>\n<\/li>\n<\/ul>\n<h2 data-path-to-node=\"15\">Naudojimo atvejai<\/h2>\n<ul data-path-to-node=\"16\">\n<li>\n<p data-path-to-node=\"16,0,0\"><b data-path-to-node=\"16,0,0\" data-index-in-node=\"0\">Daugiadieniai muzikos festivaliai:<\/b> Pa\u0161alina baterij\u0173 eikvojim\u0105 ir leid\u017eia organizatoriams per nakt\u012f \u012fkrauti t\u016bkstan\u010dius \u012frengini\u0173.<\/p>\n<\/li>\n<li>\n<p data-path-to-node=\"16,1,0\"><b data-path-to-node=\"16,1,0\" data-index-in-node=\"0\">Prabang\u016bs \u012fmoni\u0173 vakar\u0117liai:<\/b> U\u017etikrina detal\u0173 ap\u0161vietimo valdym\u0105, reikaling\u0105 sud\u0117tingoms prek\u0117s \u017eenklo palet\u0117ms derinti ir sinchronizuoti su pagrindini\u0173 prane\u0161im\u0173 pristatymais.<\/p>\n<\/li>\n<li>\n<p data-path-to-node=\"16,2,0\"><b data-path-to-node=\"16,2,0\" data-index-in-node=\"0\">Profesionalios stadion\u0173 ekskursijos:<\/b> Patvarus ir patikimas, kad atlaikyt\u0173 pakartotin\u012f naudojim\u0105 ir kasdien\u012f \u012fkrovim\u0105 per kelias kelioni\u0173 datas.<\/p>\n<\/li>\n<li>\n<p data-path-to-node=\"16,3,0\"><b data-path-to-node=\"16,3,0\" data-index-in-node=\"0\">VIP svetingumas:<\/b> Auk\u0161t\u0173j\u0173 technologij\u0173, auk\u0161\u010diausios kokyb\u0117s suvenyras, atspindintis \u012fsipareigojim\u0105 inovacijoms ir tvarumui.<\/p>\n<\/li>\n<\/ul>\n<p data-path-to-node=\"17\">","protected":false},"excerpt":{"rendered":"<ul>\n<li>\n<p data-path-to-node=\"9,0,0\"><b data-path-to-node=\"9,0,0\" data-index-in-node=\"0\">Ekologi\u0161kas \u012fkrovimas:<\/b> Turi modern\u0173 C tipo USB prievad\u0105 greitam \u012fkrovimui, tod\u0117l taupoma baterija, tod\u0117l idealiai tinka keli\u0173 dien\u0173 renginiams.<\/p>\n<\/li>\n<li>\n<p data-path-to-node=\"9,1,0\"><b data-path-to-node=\"9,1,0\" data-index-in-node=\"0\">Profesionali programin\u0117s \u012frangos kontrol\u0117:<\/b> Visi\u0161kai suderinamas su DMX512 ir specializuota programine \u012franga, skirta granuliariam, stadiono masto ap\u0161vietimo valdymui.<\/p>\n<\/li>\n<li>\n<p data-path-to-node=\"9,2,0\"><b data-path-to-node=\"9,2,0\" data-index-in-node=\"0\">256 RGB spalv\u0173 palet\u0117:<\/b> Didelis standartini\u0173 modeli\u0173 atnaujinimas, suteikiantis vis\u0105 spalv\u0173 spektr\u0105 sud\u0117tingiems, tobulai sinchronizuotiems \u0161vies\u0173 \u0161ou.<\/p>\n<\/li>\n<li>\n<p data-path-to-node=\"9,3,0\"><b data-path-to-node=\"9,3,0\" data-index-in-node=\"0\">Sertifikuotas patikimumas:<\/b> Suteikiama 2 met\u0173 B2B garantija ir pilnas CE\/RoHS sertifikatas, skirtas profesionaliems renginiams, skirtiems didelio masto renginiams.<\/p>\n<\/li>\n<\/ul>","protected":false},"featured_media":5558,"comment_status":"closed","ping_status":"closed","template":"","meta":[],"product_brand":[],"product_cat":[80],"product_tag":[],"class_list":{"0":"post-5559","1":"product","2":"type-product","3":"status-publish","4":"has-post-thumbnail","6":"product_cat-led-wristbands","8":"first","9":"instock","10":"shipping-taxable","11":"purchasable","12":"product-type-simple"},"_links":{"self":[{"href":"https:\/\/displayproducts.eu\/lt\/wp-json\/wp\/v2\/product\/5559","targetHints":{"allow":["GET"]}}],"collection":[{"href":"https:\/\/displayproducts.eu\/lt\/wp-json\/wp\/v2\/product"}],"about":[{"href":"https:\/\/displayproducts.eu\/lt\/wp-json\/wp\/v2\/types\/product"}],"replies":[{"embeddable":true,"href":"https:\/\/displayproducts.eu\/lt\/wp-json\/wp\/v2\/comments?post=5559"}],"wp:featuredmedia":[{"embeddable":true,"href":"https:\/\/displayproducts.eu\/lt\/wp-json\/wp\/v2\/media\/5558"}],"wp:attachment":[{"href":"https:\/\/displayproducts.eu\/lt\/wp-json\/wp\/v2\/media?parent=5559"}],"wp:term":[{"taxonomy":"product_brand","embeddable":true,"href":"https:\/\/displayproducts.eu\/lt\/wp-json\/wp\/v2\/product_brand?post=5559"},{"taxonomy":"product_cat","embeddable":true,"href":"https:\/\/displayproducts.eu\/lt\/wp-json\/wp\/v2\/product_cat?post=5559"},{"taxonomy":"product_tag","embeddable":true,"href":"https:\/\/displayproducts.eu\/lt\/wp-json\/wp\/v2\/product_tag?post=5559"}],"curies":[{"name":"wp","href":"https:\/\/api.w.org\/{rel}","templated":true}]}}