{"id":5497,"date":"2025-11-15T16:43:25","date_gmt":"2025-11-15T13:43:25","guid":{"rendered":"https:\/\/wristbandfactory.eu\/?post_type=product&#038;p=5497"},"modified":"2026-04-01T21:52:35","modified_gmt":"2026-04-01T18:52:35","slug":"custom-printed-tyvek-wristbands","status":"publish","type":"product","link":"https:\/\/displayproducts.eu\/lt\/p\/custom-printed-tyvek-wristbands\/","title":{"rendered":"Tyvek apyrank\u0117s su individualiu spausdinimu (vienspalv\u0117 spauda)"},"content":{"rendered":"<p data-path-to-node=\"12\">Apsaugokite savo rengin\u012f ir supaprastinkite \u012f\u0117jimo valdym\u0105 su m\u016bs\u0173 <b data-path-to-node=\"12\" data-index-in-node=\"84\">Tyvek apyrank\u0117s su u\u017esakomomis spaudomis (1 spalvos)<\/b>. Sukurtos efektyvumui ir prieinamumui, \u0161ios juostos yra pramon\u0117s standartas festivaliams, koncertams, klubams ir \u012fmoni\u0173 renginiams, kuriems reikalinga patikima prieigos kontrol\u0117.<\/p>\n<p data-path-to-node=\"13\">Kitaip nei naudojantis \u012fprastais variantais, m\u016bs\u0173 individualaus spausdinimo paslauga leid\u017eia ry\u0161kiai prid\u0117ti savo logotip\u0105, renginio pavadinim\u0105 ar pasirinktin\u012f tekst\u0105. <b data-path-to-node=\"13\" data-index-in-node=\"117\">Juodas arba baltas ra\u0161alas<\/b>. \u0160is vienspalvis \u0161ilkografijos metodas si\u016blo puik\u0173 ma\u017eos kainos ir didelio matomumo balans\u0105, tod\u0117l tai idealus pasirinkimas dalyvi\u0173 klasifikavimui (pvz., VIP, personalo, bendrosios paskirties asmenims) nei\u0161leid\u017eiant per daug biud\u017eeto.<\/p>\n<h2 data-path-to-node=\"14\">Pagrindin\u0117s savyb\u0117s<\/h2>\n<ul data-path-to-node=\"15\">\n<li>\n<p data-path-to-node=\"15,0,0\"><b data-path-to-node=\"15,0,0\" data-index-in-node=\"0\">Ekonomi\u0161kas spausdinimo sprendimas:<\/b> Didel\u0117s spartos vienspalvis \u0161ilkografinis spausdinimas (juodai baltai) u\u017etikrina ma\u017eas vieneto s\u0105naudas, puikiai tinkan\u010dias didelio masto renginiams.<\/p>\n<\/li>\n<li>\n<p data-path-to-node=\"15,1,0\"><b data-path-to-node=\"15,1,0\" data-index-in-node=\"0\">Apsauga nuo klastojimo:<\/b> Kiekviena apyrank\u0117 turi i\u0161pjaut\u0105 lipn\u0173 u\u017esegim\u0105, kuris ply\u0161ta, jei bandoma j\u0105 nuimti, taip u\u017ekertant keli\u0105 perk\u0117limui ir pajam\u0173 praradimui.<\/p>\n<\/li>\n<li>\n<p data-path-to-node=\"15,2,0\"><b data-path-to-node=\"15,2,0\" data-index-in-node=\"0\">Nuoseklus numeravimas:<\/b> Visos apyrank\u0117s yra i\u0161 anksto atspausdintos su unikaliais serijos numeriais, kurie pad\u0117s steb\u0117ti lankomum\u0105 ir tikrinti biliet\u0173 pardavimus.<\/p>\n<\/li>\n<li>\n<p data-path-to-node=\"15,3,1\"><span data-path-to-node=\"15,3,1,0\"><b data-path-to-node=\"15,3,1,0\" data-index-in-node=\"0\"><span class=\"citation-19\">Originalus \u201eDuPont\u2122 Tyvek\u00ae\u201c:<\/span><\/b><span class=\"citation-19\"> Naudojame tik autenti\u0161k\u0105 med\u017eiag\u0105, kuri yra lengva, visi\u0161kai atspari vandeniui ir ply\u0161imui iki 5 dien\u0173. <\/span><\/span><\/p>\n<\/li>\n<li>\n<p data-path-to-node=\"15,4,0\"><b data-path-to-node=\"15,4,0\" data-index-in-node=\"0\">Platus spalv\u0173 diapazonas:<\/b> Juodas spaudinys ry\u0161kiai i\u0161siskiria i\u0161 m\u016bs\u0173 plataus neonini\u0173, metalini\u0173 ir vientis\u0173 pagrindini\u0173 juosteli\u0173 spalv\u0173 pasirinkimo.<\/p>\n<\/li>\n<\/ul>\n<h2 data-path-to-node=\"16\">Specifikacijos<\/h2>\n<ul data-path-to-node=\"17\">\n<li>\n<p data-path-to-node=\"17,0,1\"><span data-path-to-node=\"17,0,1,0\"><b data-path-to-node=\"17,0,1,0\" data-index-in-node=\"0\"><span class=\"citation-18\">Med\u017eiaga:<\/span><\/b><span class=\"citation-18\"> \u201eDuPont\u2122 Tyvek\u00ae\u201c (perdirbamas didelio tankio polietilenas). <\/span><\/span><\/p>\n<\/li>\n<li>\n<p data-path-to-node=\"17,1,0\"><b data-path-to-node=\"17,1,0\" data-index-in-node=\"0\">Spausdinimo tipas:<\/b> Vienspalvis \u0161ilkografinis spausdinimas (standartinis: juodas ra\u0161alas).<\/p>\n<\/li>\n<li>\n<p data-path-to-node=\"17,2,0\"><b data-path-to-node=\"17,2,0\" data-index-in-node=\"0\">Dydis:<\/b> Standartinis 19 mm arba 25 mm plotis (reguliuojamas ilgis).<\/p>\n<\/li>\n<li>\n<p data-path-to-node=\"17,3,0\"><b data-path-to-node=\"17,3,0\" data-index-in-node=\"0\">U\u017edarymas:<\/b> Vienkartinio naudojimo apsauginis lipdukas.<\/p>\n<\/li>\n<li>\n<p data-path-to-node=\"17,4,0\"><b data-path-to-node=\"17,4,0\" data-index-in-node=\"0\">Patvarumas:<\/b> Atsparus vandeniui, ply\u0161imui, tinkamas 1\u20135 dienoms.<\/p>\n<\/li>\n<\/ul>\n<h2 data-path-to-node=\"18\">Naudojimo atvejai<\/h2>\n<ul data-path-to-node=\"19\">\n<li>\n<p data-path-to-node=\"19,0,0\"><b data-path-to-node=\"19,0,0\" data-index-in-node=\"0\">Vart\u0173 valdymas:<\/b> Greitas vizualinis mokan\u010di\u0173 sve\u010di\u0173 identifikavimas naktiniuose klubuose ir baruose.<\/p>\n<\/li>\n<li>\n<p data-path-to-node=\"19,1,0\"><b data-path-to-node=\"19,1,0\" data-index-in-node=\"0\">Minios valdymas:<\/b> Skiriamasis tekstas (pvz., \u201cPERSONALAS\u201d, \u201cMENININKAS\u201d) draud\u017eiamoms zonoms.<\/p>\n<\/li>\n<li>\n<p data-path-to-node=\"19,2,0\"><b data-path-to-node=\"19,2,0\" data-index-in-node=\"0\">Dideli festivaliai:<\/b> Biud\u017eeti\u0161kiausias b\u016bdas pritraukti t\u016bkstan\u010dius dalyvi\u0173.<\/p>\n<\/li>\n<li>\n<p data-path-to-node=\"19,3,0\"><b data-path-to-node=\"19,3,0\" data-index-in-node=\"0\">R\u016bb\u0173 patikrinimas ir biliet\u0173 i\u0161davimas:<\/b> Naudojant eil\u0117s numerius talpai patikrinti.<\/p>\n<\/li>\n<\/ul>","protected":false},"excerpt":{"rendered":"<ul>\n<li>\n<p data-path-to-node=\"11,0,1\"><span data-path-to-node=\"11,0,1,0\"><b data-path-to-node=\"11,0,1,0\" data-index-in-node=\"0\"><span class=\"citation-22\">Ekonomi\u0161kai efektyvus prek\u0117s \u017eenklo k\u016brimas:<\/span><\/b><span class=\"citation-22\"> Ry\u0161kus vienspalvis \u0161ilkografinis atspaudas (juodas arba baltas), idealiai tinkantis logotipams ir tekstui<\/span><\/span><\/p>\n<\/li>\n<li>\n<p data-path-to-node=\"11,1,1\"><span data-path-to-node=\"11,1,1,0\"><b data-path-to-node=\"11,1,1,0\" data-index-in-node=\"0\"><span class=\"citation-21\">Didelis saugumas:<\/span><\/b><span class=\"citation-21\"> I\u0161 anksto sunumeruoti su nuosekliais serijos numeriais ir apsaugoti nuo klastojimo klijais. <\/span><\/span><\/p>\n<\/li>\n<li>\n<p data-path-to-node=\"11,2,1\"><span data-path-to-node=\"11,2,1,0\"><b data-path-to-node=\"11,2,1,0\" data-index-in-node=\"0\"><span class=\"citation-20\">Patvari med\u017eiaga:<\/span><\/b><span class=\"citation-20\"> Pagaminta i\u0161 tikros \u201eDuPont\u2122 Tyvek\u00ae\u201c med\u017eiagos \u2013 atsparios vandeniui ir ply\u0161imui. <\/span><\/span><\/p>\n<\/li>\n<li>\n<p data-path-to-node=\"11,3,0\"><b data-path-to-node=\"11,3,0\" data-index-in-node=\"0\">Greita gamyba:<\/b> Grei\u010diausias individualus sprendimas esant grie\u017etiems terminams.<\/p>\n<\/li>\n<\/ul>","protected":false},"featured_media":6108,"comment_status":"closed","ping_status":"closed","template":"","meta":[],"product_brand":[],"product_cat":[41],"product_tag":[],"class_list":{"0":"post-5497","1":"product","2":"type-product","3":"status-publish","4":"has-post-thumbnail","6":"product_cat-tyvek","8":"first","9":"instock","10":"shipping-taxable","11":"purchasable","12":"product-type-simple"},"_links":{"self":[{"href":"https:\/\/displayproducts.eu\/lt\/wp-json\/wp\/v2\/product\/5497","targetHints":{"allow":["GET"]}}],"collection":[{"href":"https:\/\/displayproducts.eu\/lt\/wp-json\/wp\/v2\/product"}],"about":[{"href":"https:\/\/displayproducts.eu\/lt\/wp-json\/wp\/v2\/types\/product"}],"replies":[{"embeddable":true,"href":"https:\/\/displayproducts.eu\/lt\/wp-json\/wp\/v2\/comments?post=5497"}],"wp:featuredmedia":[{"embeddable":true,"href":"https:\/\/displayproducts.eu\/lt\/wp-json\/wp\/v2\/media\/6108"}],"wp:attachment":[{"href":"https:\/\/displayproducts.eu\/lt\/wp-json\/wp\/v2\/media?parent=5497"}],"wp:term":[{"taxonomy":"product_brand","embeddable":true,"href":"https:\/\/displayproducts.eu\/lt\/wp-json\/wp\/v2\/product_brand?post=5497"},{"taxonomy":"product_cat","embeddable":true,"href":"https:\/\/displayproducts.eu\/lt\/wp-json\/wp\/v2\/product_cat?post=5497"},{"taxonomy":"product_tag","embeddable":true,"href":"https:\/\/displayproducts.eu\/lt\/wp-json\/wp\/v2\/product_tag?post=5497"}],"curies":[{"name":"wp","href":"https:\/\/api.w.org\/{rel}","templated":true}]}}