{"id":5416,"date":"2025-11-13T17:37:51","date_gmt":"2025-11-13T14:37:51","guid":{"rendered":"https:\/\/wristbandfactory.eu\/?post_type=product&#038;p=5416"},"modified":"2026-04-01T21:52:03","modified_gmt":"2026-04-01T18:52:03","slug":"usb-wristbands-custom-silicone","status":"publish","type":"product","link":"https:\/\/displayproducts.eu\/lt\/p\/usb-wristbands-custom-silicone\/","title":{"rendered":"USB apyrank\u0117s (pagamintos pagal u\u017esakym\u0105 su silikonu)"},"content":{"rendered":"<p>Palikite ilgalaik\u012f \u012fsp\u016bd\u012f kitame \u012fmon\u0117s renginyje ar parodoje su m\u016bs\u0173 pagal u\u017esakym\u0105 pagamintomis silikonin\u0117mis USB apyrank\u0117mis. \u0160is novatori\u0161kas reklaminis produktas sujungia ne\u0161iojamos apyrank\u0117s patogum\u0105 su USB atmintin\u0117s prakti\u0161kumu, u\u017etikrindamas, kad j\u016bs\u0173 prek\u0117s \u017eenklas i\u0161liks d\u0117mesio centre dar ilgai po renginio pabaigos.<\/p>\n<p>\u0160ios USB apyrank\u0117s yra puiki priemon\u0117 skaitmeniniams katalogams, pristatymo med\u017eiagai ar rinkodaros vaizdo \u012fra\u0161ams platinti klientams ir partneriams. Pagamintos i\u0161 patvaraus, patogaus silikono, jas galima visi\u0161kai pritaikyti prie j\u016bs\u0173 prek\u0117s \u017eenklo tapatyb\u0117s. Pasirinkite konkre\u010di\u0105 spalv\u0105 ir prid\u0117kite savo logotip\u0105, kad u\u017etikrintum\u0117te maksimal\u0173 matomum\u0105.<\/p>\n<p>Si\u016blome \u012fvairiapus\u012f atminties talpos asortiment\u0105, kad patenkint\u0173 bet kokius verslo poreikius \u2013 nuo 8 GB iki 128 GB. Minimalus u\u017esakymo kiekis \u2013 100 vienet\u0173, tod\u0117l \u0161ios USB atmintini\u0173 apyrank\u0117s yra pritaikomas ir efektyvus sprendimas rinkodaros kampanijoms, vidiniams mokymams ar rengini\u0173 dovanoms.<\/p>\n<p><b>Pagrindin\u0117s savyb\u0117s:<\/b><\/p>\n<ul>\n<li><b>Dvigubos funkcijos dizainas:<\/b> Tarnauja ir kaip ne\u0161iojama silikonin\u0117 apyrank\u0117, ir kaip funkcionali USB atmintin\u0117.<\/li>\n<li><b>Visi\u0161kas pritaikymas:<\/b> Galima \u012fsigyti bet kokios pasirinktin\u0117s spalvos, kad idealiai atitikt\u0173 j\u016bs\u0173 prek\u0117s \u017eenklo gaires.<\/li>\n<li><b>Universalus saugojimas:<\/b> Rinkit\u0117s i\u0161 plataus talpos asortimento (8 GB, 16 GB, 32 GB, 64 GB, 128 GB) savo duomenims.<\/li>\n<li><b>Paruo\u0161tas masinis u\u017esakymas:<\/b> Idealiai tinka dideliems renginiams ir reklamin\u0117ms akcijoms, kai u\u017esakoma ne ma\u017eiau kaip 100 vienet\u0173.<\/li>\n<li><b>Patvari med\u017eiaga:<\/b> Pagaminta i\u0161 lanks\u010dio ir patogaus silikono (20,5 x 1,7 cm), skirta ilgalaikiam ne\u0161iojimui.<\/li>\n<\/ul>","protected":false},"excerpt":{"rendered":"<ul>\n<li>Prakti\u0161kas 2 viename reklaminis elementas: patogus silikoninis apyrank\u0117 ir USB atmintin\u0117.<\/li>\n<li>Visi\u0161kai pritaikoma su j\u016bs\u0173 prek\u0117s \u017eenklo logotipu ir specifin\u0117mis \u012fmon\u0117s spalvomis.<\/li>\n<li>Galima \u012fsigyti \u012fvairi\u0173 talp\u0173 (nuo 8 GB iki 128 GB), kad atitikt\u0173 j\u016bs\u0173 duomen\u0173 poreikius.<\/li>\n<li>Idealiai tinka \u012fmoni\u0173 renginiams, prekybos parodoms ir konferencijoms. Minimalus u\u017esakymas: 100 vnt.<\/li>\n<\/ul>","protected":false},"featured_media":6253,"comment_status":"closed","ping_status":"closed","template":"","meta":[],"product_brand":[],"product_cat":[128,88],"product_tag":[],"class_list":{"0":"post-5416","1":"product","2":"type-product","3":"status-publish","4":"has-post-thumbnail","6":"product_cat-mobile-tech-accessories","7":"product_cat-smart-wristbands","9":"first","10":"instock","11":"shipping-taxable","12":"product-type-simple"},"_links":{"self":[{"href":"https:\/\/displayproducts.eu\/lt\/wp-json\/wp\/v2\/product\/5416","targetHints":{"allow":["GET"]}}],"collection":[{"href":"https:\/\/displayproducts.eu\/lt\/wp-json\/wp\/v2\/product"}],"about":[{"href":"https:\/\/displayproducts.eu\/lt\/wp-json\/wp\/v2\/types\/product"}],"replies":[{"embeddable":true,"href":"https:\/\/displayproducts.eu\/lt\/wp-json\/wp\/v2\/comments?post=5416"}],"wp:featuredmedia":[{"embeddable":true,"href":"https:\/\/displayproducts.eu\/lt\/wp-json\/wp\/v2\/media\/6253"}],"wp:attachment":[{"href":"https:\/\/displayproducts.eu\/lt\/wp-json\/wp\/v2\/media?parent=5416"}],"wp:term":[{"taxonomy":"product_brand","embeddable":true,"href":"https:\/\/displayproducts.eu\/lt\/wp-json\/wp\/v2\/product_brand?post=5416"},{"taxonomy":"product_cat","embeddable":true,"href":"https:\/\/displayproducts.eu\/lt\/wp-json\/wp\/v2\/product_cat?post=5416"},{"taxonomy":"product_tag","embeddable":true,"href":"https:\/\/displayproducts.eu\/lt\/wp-json\/wp\/v2\/product_tag?post=5416"}],"curies":[{"name":"wp","href":"https:\/\/api.w.org\/{rel}","templated":true}]}}