{"id":5409,"date":"2025-11-13T17:32:46","date_gmt":"2025-11-13T14:32:46","guid":{"rendered":"https:\/\/wristbandfactory.eu\/?post_type=product&#038;p=5409"},"modified":"2026-04-01T21:52:03","modified_gmt":"2026-04-01T18:52:03","slug":"charging-cable-with-rpet-phone-strap-60w-usb-c","status":"publish","type":"product","link":"https:\/\/displayproducts.eu\/lt\/p\/charging-cable-with-rpet-phone-strap-60w-usb-c\/","title":{"rendered":"\u012ekrovimo laidas su rPET telefono dir\u017eeliu (60 W USB-C)"},"content":{"rendered":"<p><span style=\"font-family: -apple-system, BlinkMacSystemFont, 'Segoe UI', Roboto, 'Helvetica Neue', Arial, 'Noto Sans', sans-serif, 'Apple Color Emoji', 'Segoe UI Emoji', 'Segoe UI Symbol', 'Noto Color Emoji';\">Kitoje prekybos parodoje ar \u012fmon\u0117s renginyje pasi\u016blykite tikrai prakti\u0161k\u0105 ir tvar\u0173 technikos gamin\u012f. \u0160is novatori\u0161kas 2 viename \u012fkrovimo laidas yra daugiau nei tik maitinimo \u0161altinis; tai patvarus telefono dir\u017eelis, u\u017etikrinantis, kad j\u016bs\u0173 prek\u0117s \u017eenklas i\u0161likt\u0173 prisijung\u0119s ir matomas.<\/span><\/p>\n<p>\u0160io gaminio \u0161erdis \u2013 tai auk\u0161tos kokyb\u0117s 60 W USB C tipo\u2013C tipo laidas, palaikantis greit\u0105 \u012fkrovim\u0105 ir didel\u0117s spartos duomen\u0173 perdavim\u0105. Pintas laidas pagamintas i\u0161 perdirbto PET (rPET), tod\u0117l patrauklus aplinkai s\u0105moningiems klientams ir partneriams. Antrin\u0117 jo funkcija \u2013 tvirtas telefono dir\u017eelis, suderinamas su dauguma telefon\u0173 d\u0117kl\u0173. Dir\u017eelis yra lengvas, reguliuojamas ir \u012fsp\u016bdingai patvarus, i\u0161bandytas ir gali atlaikyti iki 8 kg svor\u012f.<\/p>\n<p>\u0160is daugiafunkcis \u012fkrovimo laidas yra puiki reklamos priemon\u0117 technologij\u0173 \u012fmon\u0117ms, \u012fmoni\u0173 konferencijoms ir rinkodaros agent\u016broms. Pa\u017eym\u0117dami patvar\u0173 aliuminio korpus\u0105, dalyviams suteikiate nauding\u0105 daikt\u0105, kur\u012f jie naudos ilgai po renginio, taip padidindami prek\u0117s \u017eenklo matomum\u0105.<\/p>\n<p><b>Pagrindin\u0117s savyb\u0117s:<\/b><\/p>\n<ul>\n<li><b>60 W greitas \u012fkrovimas:<\/b> Didel\u0117s spartos USB-C\u2013USB-C laidas greitai maitina \u012frenginius ir palaiko duomen\u0173 perdavim\u0105.<\/li>\n<li><b>Patvarus telefono dir\u017eelis:<\/b> Veikia kaip laisv\u0173 rank\u0173 rie\u0161o dir\u017eelis, i\u0161bandytas ir saugiai i\u0161laiko iki 8 kg.<\/li>\n<li><b>Ekologi\u0161ka med\u017eiaga:<\/b> I\u0161 perdirbt\u0173 rPET buteli\u0173 pagamintas pintas laidas idealiai tinka tvarumo principu pagr\u012fstam prek\u0117s \u017eenklo k\u016brimui.<\/li>\n<li><b>Universalus suderinamumas:<\/b> Sukurtas naudoti su dauguma telefon\u0173 d\u0117kl\u0173, lengvai pritvirtinamas ir i\u0161 karto naudojamas.<\/li>\n<li><b>Premium versija:<\/b> Turi patvarius aliuminio jung\u010di\u0173 korpusus, puikiai tinkan\u010dius j\u016bs\u0173 logotipo graviravimui lazeriu.<\/li>\n<\/ul>","protected":false},"excerpt":{"rendered":"<ul>\n<li>3 viename sprendimas: telefono rie\u0161o dir\u017eelis, 60 W greito \u012fkrovimo laidas ir duomen\u0173 perdavimo laidas.<\/li>\n<li>Pagaminta i\u0161 tvarios rPET-nailonin\u0117s pintos med\u017eiagos.<\/li>\n<li>Turi C tipo\u2013C tipo jungtis \u0161iuolaikiniams \u012frenginiams.<\/li>\n<li>Labai naudingas reklaminis elementas technologij\u0173 konferencijoms ir \u012fmoni\u0173 renginiams.<\/li>\n<\/ul>","protected":false},"featured_media":6681,"comment_status":"closed","ping_status":"closed","template":"","meta":[],"product_brand":[],"product_cat":[128],"product_tag":[],"class_list":{"0":"post-5409","1":"product","2":"type-product","3":"status-publish","4":"has-post-thumbnail","6":"product_cat-mobile-tech-accessories","8":"first","9":"instock","10":"shipping-taxable","11":"purchasable","12":"product-type-simple"},"_links":{"self":[{"href":"https:\/\/displayproducts.eu\/lt\/wp-json\/wp\/v2\/product\/5409","targetHints":{"allow":["GET"]}}],"collection":[{"href":"https:\/\/displayproducts.eu\/lt\/wp-json\/wp\/v2\/product"}],"about":[{"href":"https:\/\/displayproducts.eu\/lt\/wp-json\/wp\/v2\/types\/product"}],"replies":[{"embeddable":true,"href":"https:\/\/displayproducts.eu\/lt\/wp-json\/wp\/v2\/comments?post=5409"}],"wp:featuredmedia":[{"embeddable":true,"href":"https:\/\/displayproducts.eu\/lt\/wp-json\/wp\/v2\/media\/6681"}],"wp:attachment":[{"href":"https:\/\/displayproducts.eu\/lt\/wp-json\/wp\/v2\/media?parent=5409"}],"wp:term":[{"taxonomy":"product_brand","embeddable":true,"href":"https:\/\/displayproducts.eu\/lt\/wp-json\/wp\/v2\/product_brand?post=5409"},{"taxonomy":"product_cat","embeddable":true,"href":"https:\/\/displayproducts.eu\/lt\/wp-json\/wp\/v2\/product_cat?post=5409"},{"taxonomy":"product_tag","embeddable":true,"href":"https:\/\/displayproducts.eu\/lt\/wp-json\/wp\/v2\/product_tag?post=5409"}],"curies":[{"name":"wp","href":"https:\/\/api.w.org\/{rel}","templated":true}]}}