{"id":5406,"date":"2025-11-13T17:14:36","date_gmt":"2025-11-13T14:14:36","guid":{"rendered":"https:\/\/wristbandfactory.eu\/?post_type=product&#038;p=5406"},"modified":"2026-04-01T21:52:03","modified_gmt":"2026-04-01T18:52:03","slug":"microfiber-wristbands-with-zipper","status":"publish","type":"product","link":"https:\/\/displayproducts.eu\/lt\/p\/microfiber-wristbands-with-zipper\/","title":{"rendered":"Mikropluo\u0161to apyrank\u0117s su u\u017etrauktuku"},"content":{"rendered":"<p>Apr\u016bpinkite savo renginio dalyvius ar komand\u0105 prakti\u0161ku ir gerai matomu reklaminiu elementu. <span class=\"citation-205 citation-end-205\">M\u016bs\u0173 mikropluo\u0161to apyrank\u0117se yra integruota u\u017etrauktuku u\u017esegama ki\u0161en\u0117, kurioje saugiai ne\u0161iosit\u0117s raktus, grynuosius pinigus ar smulkius vertingus daiktus sporto, festivali\u0173 ir kitos laisvalaikio veiklos metu.<\/span>.<\/p>\n<p><span class=\"citation-204 citation-end-204\">Pagaminta i\u0161 patvarios, bet mink\u0161tos mikropluo\u0161to med\u017eiagos, \u0161i apyrank\u0117 u\u017etikrina patog\u0173 ir tvirt\u0105 prigludim\u0105 vis\u0105 dien\u0105.<\/span>. <span class=\"citation-203 citation-end-203\">U\u017etrauktuku u\u017esegama atitinkamos spalvos ki\u0161en\u0117 yra sukurta pritaikymui, suteikiant 5,5 x 4 cm spausdinimo plot\u0105 j\u016bs\u0173 \u012fmon\u0117s logotipui ar renginio prek\u0117s \u017eenklui, naudojant \u0161ilkografij\u0105 arba patvar\u0173 transferin\u012f klijavim\u0105.<\/span><\/p>\n<p>Idealiai tinkanti \u012fmoni\u0173 sveikatingumo programoms, sporto sali\u0173 r\u0117mimui, prekybos parod\u0173 dovanoms arba kaip funkcionalus daiktas festivali\u0173 dalyviams, \u0161i rie\u0161o pinigin\u0117 u\u017etikrina, kad j\u016bs\u0173 prek\u0117s \u017eenklas b\u016bt\u0173 matomas kelyje.<\/p>\n<p><b>Pagrindin\u0117s savyb\u0117s:<\/b><\/p>\n<ul>\n<li><b><span class=\"citation-202\">Saugi u\u017etrauktuku u\u017esegama ki\u0161en\u0117:<\/span><\/b><span class=\"citation-202 citation-end-202\"> Turi integruot\u0105 ki\u0161en\u0119 su atitinkamos spalvos u\u017etrauktuku saugiam laikymui<\/span>.<\/li>\n<li><b><span class=\"citation-201\">Mink\u0161ta mikropluo\u0161to med\u017eiaga:<\/span><\/b><span class=\"citation-201 citation-end-201\"> Pagaminta i\u0161 patvaraus ir mink\u0161to mikropluo\u0161to, skirta sportui ir laisvalaikiui<\/span>.<\/li>\n<li><b><span class=\"citation-200\">Patogus, tvirtas prigludimas:<\/span><\/b><span class=\"citation-200 citation-end-200\"> 10 x 9 cm dyd\u017eio, tod\u0117l patogiai priglunda ir tinka aktyviam naudojimui.<\/span>.<\/li>\n<li><b><span class=\"citation-199\">Individualaus prek\u0117s \u017eenklo sritis:<\/span><\/b><span class=\"citation-199 citation-end-199\"> Ki\u0161en\u0117je yra 5,5 x 4 cm spausdinimo plotas j\u016bs\u0173 logotipui<\/span>.<\/li>\n<li><b><span class=\"citation-198\">Ry\u0161kios spalvos:<\/span><\/b><span class=\"citation-198 citation-end-198\"> Galima rinktis i\u0161 keli\u0173 ry\u0161ki\u0173 atspalvi\u0173, kad atitikt\u0173 j\u016bs\u0173 prek\u0117s \u017eenklo tapatyb\u0119<\/span>.<\/li>\n<\/ul>","protected":false},"excerpt":{"rendered":"<ul>\n<li><span class=\"citation-209 citation-end-209\">Turi saugi\u0105 u\u017etrauktuku u\u017esegam\u0105 ki\u0161en\u0119 raktams, pinigams ar smulkiems daiktams<\/span>.<\/li>\n<li><span class=\"citation-208 citation-end-208\">Pagaminta i\u0161 mink\u0161tos, patvarios mikropluo\u0161to med\u017eiagos, idealiai tinka sportui ir aktyviems renginiams<\/span>.<\/li>\n<li><span class=\"citation-207 citation-end-207\">Didel\u0117 5,5 x 4 cm spausdinimo vieta ki\u0161en\u0117je j\u016bs\u0173 logotipui<\/span>.\n<div class=\"source-inline-chip-container ng-star-inserted\"><\/div>\n<\/li>\n<li><span class=\"citation-206 citation-end-206\">Galima rinktis i\u0161 \u012fvairi\u0173 ry\u0161ki\u0173 spalv\u0173, kad atitikt\u0173 j\u016bs\u0173 prek\u0117s \u017eenkl\u0105<\/span><\/li>\n<\/ul>","protected":false},"featured_media":6414,"comment_status":"closed","ping_status":"closed","template":"","meta":[],"product_brand":[],"product_cat":[66,118,122],"product_tag":[],"class_list":{"0":"post-5406","1":"product","2":"type-product","3":"status-publish","4":"has-post-thumbnail","6":"product_cat-wristbands","7":"product_cat-sports-fitness","8":"product_cat-promotional-accessories","10":"first","11":"instock","12":"shipping-taxable","13":"purchasable","14":"product-type-simple"},"_links":{"self":[{"href":"https:\/\/displayproducts.eu\/lt\/wp-json\/wp\/v2\/product\/5406","targetHints":{"allow":["GET"]}}],"collection":[{"href":"https:\/\/displayproducts.eu\/lt\/wp-json\/wp\/v2\/product"}],"about":[{"href":"https:\/\/displayproducts.eu\/lt\/wp-json\/wp\/v2\/types\/product"}],"replies":[{"embeddable":true,"href":"https:\/\/displayproducts.eu\/lt\/wp-json\/wp\/v2\/comments?post=5406"}],"wp:featuredmedia":[{"embeddable":true,"href":"https:\/\/displayproducts.eu\/lt\/wp-json\/wp\/v2\/media\/6414"}],"wp:attachment":[{"href":"https:\/\/displayproducts.eu\/lt\/wp-json\/wp\/v2\/media?parent=5406"}],"wp:term":[{"taxonomy":"product_brand","embeddable":true,"href":"https:\/\/displayproducts.eu\/lt\/wp-json\/wp\/v2\/product_brand?post=5406"},{"taxonomy":"product_cat","embeddable":true,"href":"https:\/\/displayproducts.eu\/lt\/wp-json\/wp\/v2\/product_cat?post=5406"},{"taxonomy":"product_tag","embeddable":true,"href":"https:\/\/displayproducts.eu\/lt\/wp-json\/wp\/v2\/product_tag?post=5406"}],"curies":[{"name":"wp","href":"https:\/\/api.w.org\/{rel}","templated":true}]}}