{"id":5404,"date":"2025-11-13T17:06:02","date_gmt":"2025-11-13T14:06:02","guid":{"rendered":"https:\/\/wristbandfactory.eu\/?post_type=product&#038;p=5404"},"modified":"2026-04-01T21:52:03","modified_gmt":"2026-04-01T18:52:03","slug":"rpet-phone-strap-with-60w-data-cable","status":"publish","type":"product","link":"https:\/\/displayproducts.eu\/lt\/p\/rpet-phone-strap-with-60w-data-cable\/","title":{"rendered":"RPET telefono dir\u017eelis su 60 W duomen\u0173 kabeliu"},"content":{"rendered":"<p>Kitoje technologij\u0173 konferencijoje ar \u012fmon\u0117s renginyje pasi\u016blykite itin nauding\u0105, tvar\u0173 reklamin\u012f element\u0105. VRIST yra daugiafunkcin\u0117 apyrank\u0117, sukurta \u0161iuolaikiniams profesionalams, kurioje derinamas laisv\u0173 rank\u0173 patogumas ir b\u016btinos \u012fkrovimo galimyb\u0117s.<\/p>\n<p>45 cm dir\u017eelis pagamintas i\u0161 ekologi\u0161kos RPET (perdirbto PET) med\u017eiagos, pabr\u0117\u017eian\u010dios j\u016bs\u0173 prek\u0117s \u017eenklo \u012fsipareigojim\u0105 tvarumui. Jis veikia kaip saugus telefono laikiklis, leid\u017eiantis dalyviams laikyti savo \u012frengin\u012f po ranka.<\/p>\n<p>Pagrindin\u0117 apyrank\u0117s funkcija yra galinga <b>60 W C tipo \u012f C tipo laidas<\/b>, palaikantis tiek greit\u0105j\u012f \u012fkrovim\u0105, tiek <b>duomen\u0173 perdavimas<\/b>. D\u0117l to tai ne\u012ftik\u0117tinai prakti\u0161ka dovana technologi\u0161kai i\u0161prususiai auditorijai. Papildom\u0105 funkcionalum\u0105 suteikia rakt\u0173 segtukas. \u0160is produktas pagamintas \u201eamfori BSCI\u201c audituotoje gamykloje, u\u017etikrinant atsaking\u0105 tiekimo grandin\u0119.<\/p>\n<p><b>Pagrindin\u0117s savyb\u0117s:<\/b><\/p>\n<ul>\n<li><b>Daugiafunkcinis dizainas:<\/b> Tarnauja kaip telefono laikiklis, apyrank\u0117, didel\u0117s spartos duomen\u0173 kabelis ir rakt\u0173 segtukas.<\/li>\n<li><b>Ekologi\u0161ka med\u017eiaga:<\/b> Dir\u017eelis pagamintas i\u0161 perdirbto PET (RPET), taip \u012frodant \u012fmon\u0117s tvarum\u0105.<\/li>\n<li><b>60 W galia ir duomenys:<\/b> Didel\u0117s spartos 60 W C tipo \u012f C tipo laidas palaiko tiek greit\u0105j\u012f \u012fkrovim\u0105, tiek duomen\u0173 perdavim\u0105.<\/li>\n<li><b>Naudojimas laisv\u0173 rank\u0173 \u012franga renginiuose:<\/b> Leid\u017eia dalyviams saugiai ir lengvai laikyti telefonus ir raktus.<\/li>\n<li><b>Atsakingas tiekimas:<\/b> Pagaminta \u201eamfori BSCI\u201c audituotoje gamykloje.<\/li>\n<\/ul>","protected":false},"excerpt":{"rendered":"<ul>\n<li>Ekologi\u0161kas dir\u017eelis, pagamintas i\u0161 perdirbtos PET (RPET) med\u017eiagos.<\/li>\n<li>Didel\u0117s spartos 60 W \u201eType-C\u201c \u012f \u201eType-C\u201c laidas \u012fkrovimui ir duomen\u0173 perdavimui.<\/li>\n<li>Apyrank\u0117 skirta telefono laikikliui, kad b\u016bt\u0173 patogu naudotis laisvomis rankomis rengini\u0173 metu.<\/li>\n<li>Pridedamas rakt\u0173 segtukas, kad b\u016bt\u0173 patogiau.<\/li>\n<\/ul>","protected":false},"featured_media":6666,"comment_status":"closed","ping_status":"closed","template":"","meta":[],"product_brand":[],"product_cat":[128],"product_tag":[],"class_list":{"0":"post-5404","1":"product","2":"type-product","3":"status-publish","4":"has-post-thumbnail","6":"product_cat-mobile-tech-accessories","8":"first","9":"instock","10":"shipping-taxable","11":"purchasable","12":"product-type-simple"},"_links":{"self":[{"href":"https:\/\/displayproducts.eu\/lt\/wp-json\/wp\/v2\/product\/5404","targetHints":{"allow":["GET"]}}],"collection":[{"href":"https:\/\/displayproducts.eu\/lt\/wp-json\/wp\/v2\/product"}],"about":[{"href":"https:\/\/displayproducts.eu\/lt\/wp-json\/wp\/v2\/types\/product"}],"replies":[{"embeddable":true,"href":"https:\/\/displayproducts.eu\/lt\/wp-json\/wp\/v2\/comments?post=5404"}],"wp:featuredmedia":[{"embeddable":true,"href":"https:\/\/displayproducts.eu\/lt\/wp-json\/wp\/v2\/media\/6666"}],"wp:attachment":[{"href":"https:\/\/displayproducts.eu\/lt\/wp-json\/wp\/v2\/media?parent=5404"}],"wp:term":[{"taxonomy":"product_brand","embeddable":true,"href":"https:\/\/displayproducts.eu\/lt\/wp-json\/wp\/v2\/product_brand?post=5404"},{"taxonomy":"product_cat","embeddable":true,"href":"https:\/\/displayproducts.eu\/lt\/wp-json\/wp\/v2\/product_cat?post=5404"},{"taxonomy":"product_tag","embeddable":true,"href":"https:\/\/displayproducts.eu\/lt\/wp-json\/wp\/v2\/product_tag?post=5404"}],"curies":[{"name":"wp","href":"https:\/\/api.w.org\/{rel}","templated":true}]}}