{"id":5402,"date":"2025-11-13T16:55:11","date_gmt":"2025-11-13T13:55:11","guid":{"rendered":"https:\/\/wristbandfactory.eu\/?post_type=product&#038;p=5402"},"modified":"2026-04-01T21:52:03","modified_gmt":"2026-04-01T18:52:03","slug":"floating-foam-wristband-keychains","status":"publish","type":"product","link":"https:\/\/displayproducts.eu\/lt\/p\/floating-foam-wristband-keychains\/","title":{"rendered":"Plaukiojan\u010dios putplas\u010dio apyrank\u0117s rakt\u0173 pakabukai"},"content":{"rendered":"<p>U\u017etikrinkite savo klient\u0173 rakt\u0173 saugum\u0105 \u012fmoni\u0173 vandens rengini\u0173, prieplauk\u0173 ar plaukiojimo laivu metu su m\u016bs\u0173 plaukiojan\u010diais putplas\u010dio apyranki\u0173 rakt\u0173 pakabukais. \u0160is prakti\u0161kas reklaminis daiktas yra b\u016btinas bet kokiam verslui, susijusiam su vandeniu, svetingumu ar laivyba.<\/p>\n<p>\u0160is rakt\u0173 pakabukas, sukurtas patogiam ne\u0161iojimui ant rie\u0161o, pagamintas i\u0161 patvarios PET poliesterio med\u017eiagos, u\u017epildytos putomis. \u0160i konstrukcija u\u017etikrina, kad jis i\u0161likt\u0173 pl\u016bdrus ir standartiniai raktai nenusk\u0119st\u0173, jei b\u016bt\u0173 numesti \u012f vanden\u012f. Ry\u0161ki PANTONE 298C spalva u\u017etikrina ger\u0105 matomum\u0105, tod\u0117l j\u012f lengva pasteb\u0117ti.<\/p>\n<p>Idealiai tinka platinti laiv\u0173 parodose, kaip standartinis daiktas prieplaukos nariams arba kaip funkcionali dovana kelioni\u0173 ir svetingumo preki\u0173 \u017eenklams, \u0161is plaukiojantis rakt\u0173 pakabukas u\u017etikrina, kad j\u016bs\u0173 prek\u0117s \u017eenklas b\u016bt\u0173 siejamas su saugumu ir prakti\u0161kumu.<\/p>\n<p><b>Pagrindin\u0117s savyb\u0117s:<\/b><\/p>\n<ul>\n<li><b>Pl\u016bduriuojantis putplas\u010diu u\u017epildytas dizainas:<\/b> Patikimai pl\u016bduriuoja, neleisdamas raktams nusk\u0119sti vandenyje.<\/li>\n<li><b>Patvari PET med\u017eiaga:<\/b> Pagaminta i\u0161 tvirto poliesterio, skirta ilgalaikiam naudojimui j\u016brin\u0117je aplinkoje.<\/li>\n<li><b>Gerai matoma spalva:<\/b> Ry\u0161kios PANTONE 298C spalvos, kad b\u016bt\u0173 lengva pasteb\u0117ti vandenyje.<\/li>\n<li><b>Naudojimas laisv\u0173 rank\u0173 \u012franga:<\/b> Praktiniam patogumui naudojama ir kaip apyrank\u0117, ir kaip rakt\u0173 pakabukas.<\/li>\n<li><b>Sertifikuota gamyba:<\/b> Pagaminta \u201eamfori BSCI\u201c audituotoje gamykloje, u\u017etikrinan\u010dioje atsaking\u0105 tiekim\u0105.<\/li>\n<\/ul>","protected":false},"excerpt":{"rendered":"<ul>\n<li>Apsaugo raktus nuo nuskendimo, idealiai tinka plaukiojimui laivuose, prieplaukose ir renginiams prie vandens.<\/li>\n<li>Pagaminta i\u0161 patvaraus, putomis u\u017epildyto PET poliesterio, u\u017etikrinan\u010dio patikim\u0105 pl\u016bdrum\u0105.<\/li>\n<li>Suteikia gerai matom\u0105 reklamin\u0119 prek\u0119 su vandeniu susijusiems preki\u0173 \u017eenklams.<\/li>\n<li>Galima \u012fsigyti ry\u0161kios PANTONE 298C m\u0117lynos spalvos, kad b\u016bt\u0173 lengva pasteb\u0117ti.<\/li>\n<\/ul>","protected":false},"featured_media":6411,"comment_status":"closed","ping_status":"closed","template":"","meta":[],"product_brand":[],"product_cat":[66,94],"product_tag":[],"class_list":{"0":"post-5402","1":"product","2":"type-product","3":"status-publish","4":"has-post-thumbnail","6":"product_cat-wristbands","7":"product_cat-keychains","9":"first","10":"instock","11":"shipping-taxable","12":"purchasable","13":"product-type-simple"},"_links":{"self":[{"href":"https:\/\/displayproducts.eu\/lt\/wp-json\/wp\/v2\/product\/5402","targetHints":{"allow":["GET"]}}],"collection":[{"href":"https:\/\/displayproducts.eu\/lt\/wp-json\/wp\/v2\/product"}],"about":[{"href":"https:\/\/displayproducts.eu\/lt\/wp-json\/wp\/v2\/types\/product"}],"replies":[{"embeddable":true,"href":"https:\/\/displayproducts.eu\/lt\/wp-json\/wp\/v2\/comments?post=5402"}],"wp:featuredmedia":[{"embeddable":true,"href":"https:\/\/displayproducts.eu\/lt\/wp-json\/wp\/v2\/media\/6411"}],"wp:attachment":[{"href":"https:\/\/displayproducts.eu\/lt\/wp-json\/wp\/v2\/media?parent=5402"}],"wp:term":[{"taxonomy":"product_brand","embeddable":true,"href":"https:\/\/displayproducts.eu\/lt\/wp-json\/wp\/v2\/product_brand?post=5402"},{"taxonomy":"product_cat","embeddable":true,"href":"https:\/\/displayproducts.eu\/lt\/wp-json\/wp\/v2\/product_cat?post=5402"},{"taxonomy":"product_tag","embeddable":true,"href":"https:\/\/displayproducts.eu\/lt\/wp-json\/wp\/v2\/product_tag?post=5402"}],"curies":[{"name":"wp","href":"https:\/\/api.w.org\/{rel}","templated":true}]}}