{"id":5393,"date":"2025-11-13T16:47:58","date_gmt":"2025-11-13T13:47:58","guid":{"rendered":"https:\/\/wristbandfactory.eu\/?post_type=product&#038;p=5393"},"modified":"2026-04-01T21:52:03","modified_gmt":"2026-04-01T18:52:03","slug":"silicone-wristbands-with-aluminium-plate","status":"publish","type":"product","link":"https:\/\/displayproducts.eu\/lt\/p\/silicone-wristbands-with-aluminium-plate\/","title":{"rendered":"Silikonin\u0117s apyrank\u0117s su aliuminio plok\u0161tele"},"content":{"rendered":"<p><span class=\"citation-125 citation-end-125\">Pakelkite savo reklamini\u0173 preki\u0173 \u012fvaizd\u012f su m\u016bs\u0173 silikonin\u0117mis apyrank\u0117mis su ry\u0161kia aliuminio plok\u0161tele. <\/span><span class=\"citation-124 citation-end-124\">\u0160is modelis sujungia silikono patogum\u0105 ir patvarum\u0105 su auk\u0161\u010diausios kokyb\u0117s metaline plok\u0161tele, sukurdamas tobul\u0105 drob\u0119 j\u016bs\u0173 \u012fmon\u0117s logotipui. <\/span><\/p>\n<p><span class=\"citation-123 citation-end-123\">Skirtingai nuo standartini\u0173 spausdint\u0173 ar \u012fspaust\u0173 juosteli\u0173, sidabrin\u0117 aliuminio plok\u0161tel\u0117 <\/span> skirtas lazeriniam graviravimui, u\u017etikrinantis ry\u0161ki\u0105, ilgalaik\u0119 ir auk\u0161tos kokyb\u0117s apdail\u0105, kuri nenusid\u0117vi. Tod\u0117l tai puikus pasirinkimas \u012fmoni\u0173 renginiams, VIP pri\u0117mimams arba kaip patvari reklamin\u0117 prek\u0117, kuri\u0105 \u012fvertins klientai ir darbuotojai.<\/p>\n<p><span class=\"citation-122 citation-end-122\">Pati apyrank\u0117 pagaminta i\u0161 auk\u0161tos kokyb\u0117s, patvaraus silikono, u\u017etikrinan\u010dio patog\u0173 d\u0117v\u0117jim\u0105 vis\u0105 dien\u0105 konferencijose ar prekybos parodose. <\/span> 202 x 12 x 3 mm dydis tinka daugumai suaugusi\u0173j\u0173. \u0160is mi\u0161ri\u0173 med\u017eiag\u0173 dizainas suteiks j\u016bs\u0173 kitai rinkodaros kampanijai rafinuot\u0105 ir modern\u0173 vaizd\u0105.<\/p>\n<p><b>Pagrindin\u0117s savyb\u0117s:<\/b><\/p>\n<ul>\n<li><b><span class=\"citation-121\">Auk\u0161\u010diausios kokyb\u0117s metalin\u0117 plok\u0161t\u0117:<\/span><\/b><span class=\"citation-121 citation-end-121\"> Turi ry\u0161kiai sidabro spalvos aliuminio plok\u0161tel\u0119, idealiai tinkan\u010di\u0105 lazeriniam graviravimui. <\/span><\/li>\n<li><b><span class=\"citation-120\">Patvari silikonin\u0117 apyrank\u0117:<\/span><\/b><span class=\"citation-120 citation-end-120\"> Pagaminta i\u0161 auk\u0161tos kokyb\u0117s 100% silikono, u\u017etikrinan\u010dio komfort\u0105 ir ilgaam\u017ei\u0161kum\u0105. <\/span><\/li>\n<li><b>Auk\u0161tos klas\u0117s prek\u0117s \u017eenklo k\u016brimas:<\/b> Si\u016blo modernesn\u012f ir patvaresn\u012f prek\u0117s \u017eenklo \u017eym\u0117jimo variant\u0105 nei standartin\u0117s silikonin\u0117s apyrank\u0117s.<\/li>\n<li><b>Standartinis suaugusi\u0173j\u0173 dydis:<\/b> 202 x 12 x 3 mm matmenys tinka daugumai dalyvi\u0173.<\/li>\n<li><b>Lengvas svoris:<\/b> Sveria tik 8 g, tod\u0117l patogu ne\u0161ioti vis\u0105 dien\u0105.<\/li>\n<\/ul>","protected":false},"excerpt":{"rendered":"<ul>\n<li><span class=\"citation-127 citation-end-127\">Turi auk\u0161\u010diausios kokyb\u0117s sidabro spalvos aliuminio plok\u0161tel\u0119, skirt\u0105 patvariam, i\u0161graviruotam logotipui. <\/span><\/li>\n<li><span class=\"citation-126 citation-end-126\">Patvari 100% silikonin\u0117 apyrank\u0117 patogi d\u0117v\u0117ti visos dienos renginiuose. <\/span><\/li>\n<li>Idealiai tinka \u012fmoni\u0173 renginiams, l\u0117\u0161\u0173 rinkimo akcijoms ir kaip auk\u0161\u010diausios kokyb\u0117s reklaminis elementas.<\/li>\n<li>Standartinis 202 x 12 x 3 mm dydis tinka daugumai suaugusi\u0173j\u0173 rie\u0161\u0173.<\/li>\n<\/ul>","protected":false},"featured_media":5946,"comment_status":"closed","ping_status":"closed","template":"","meta":[],"product_brand":[],"product_cat":[49],"product_tag":[],"class_list":{"0":"post-5393","1":"product","2":"type-product","3":"status-publish","4":"has-post-thumbnail","6":"product_cat-silicone","8":"first","9":"instock","10":"shipping-taxable","11":"purchasable","12":"product-type-simple"},"_links":{"self":[{"href":"https:\/\/displayproducts.eu\/lt\/wp-json\/wp\/v2\/product\/5393","targetHints":{"allow":["GET"]}}],"collection":[{"href":"https:\/\/displayproducts.eu\/lt\/wp-json\/wp\/v2\/product"}],"about":[{"href":"https:\/\/displayproducts.eu\/lt\/wp-json\/wp\/v2\/types\/product"}],"replies":[{"embeddable":true,"href":"https:\/\/displayproducts.eu\/lt\/wp-json\/wp\/v2\/comments?post=5393"}],"wp:featuredmedia":[{"embeddable":true,"href":"https:\/\/displayproducts.eu\/lt\/wp-json\/wp\/v2\/media\/5946"}],"wp:attachment":[{"href":"https:\/\/displayproducts.eu\/lt\/wp-json\/wp\/v2\/media?parent=5393"}],"wp:term":[{"taxonomy":"product_brand","embeddable":true,"href":"https:\/\/displayproducts.eu\/lt\/wp-json\/wp\/v2\/product_brand?post=5393"},{"taxonomy":"product_cat","embeddable":true,"href":"https:\/\/displayproducts.eu\/lt\/wp-json\/wp\/v2\/product_cat?post=5393"},{"taxonomy":"product_tag","embeddable":true,"href":"https:\/\/displayproducts.eu\/lt\/wp-json\/wp\/v2\/product_tag?post=5393"}],"curies":[{"name":"wp","href":"https:\/\/api.w.org\/{rel}","templated":true}]}}