{"id":5317,"date":"2025-10-24T14:59:22","date_gmt":"2025-10-24T11:59:22","guid":{"rendered":"https:\/\/wristbandfactory.eu\/?post_type=product&#038;p=5317"},"modified":"2026-04-01T21:52:35","modified_gmt":"2026-04-01T18:52:35","slug":"round-cord-lanyards-with-logo-pad-safety-breakaway","status":"publish","type":"product","link":"https:\/\/displayproducts.eu\/lt\/p\/round-cord-lanyards-with-logo-pad-safety-breakaway\/","title":{"rendered":"Apval\u016bs virveliniai dir\u017eeliai su logotipo pamink\u0161tinimu ir apsauginiu atkabinimu"},"content":{"rendered":"<p data-path-to-node=\"9\">Supaprastinkite prieig\u0105 prie rengini\u0173 ir sustiprinkite \u012fmon\u0117s saugos protokolus su m\u016bs\u0173 apvaliais virveliniais kaklajuost\u0117mis su logotipo kilim\u0117liu. \u0160is i\u0161maniai sukurtas gaminys i\u0161sprend\u017eia da\u017en\u0105 problem\u0105: kaip efektyviai papuo\u0161ti patog\u0173, plon\u0105 virvelin\u012f kaklajuost\u0119. Integruodami speciali\u0105 centrin\u0119 spausdinimo i\u0161klotin\u0119, mes sukuriame plok\u0161\u010di\u0105, gerai matom\u0105 pavir\u0161i\u0173 j\u016bs\u0173 logotipui, i\u0161laikydami minimalistin\u012f apvalaus kaklajuost\u0117s patogum\u0105.<\/p>\n<p data-path-to-node=\"10\">Pagaminti i\u0161 patvaraus, bet mink\u0161to poliesterio kaklajuost\u0117s, \u0161ie kaklajuost\u0117s yra itin patog\u016bs ilgalaikiam d\u0117v\u0117jimui prekybos parodose, konferencijose ar biure. Apvalus profilis yra ma\u017eiau \u012fkyrus nei pla\u010dios juostel\u0117s, tod\u0117l jis yra m\u0117gstamas aktyvi\u0173 darbuotoj\u0173.<\/p>\n<p data-path-to-node=\"11\"><b>Saugumas svarbiausia B2B aplinkoje<\/b> Siekiant didesnio naudotojo saugumo, kiekvienas dir\u017eelis standarti\u0161kai turi nuimam\u0105 apsaugin\u012f spaustuk\u0105 ties kaklu. \u0160is mechanizmas automati\u0161kai atsipalaiduoja, jei virvel\u0117 patraukiama arba u\u017ekli\u016bna u\u017e mechanizm\u0173 ar dur\u0173, tod\u0117l tai tinkamas pasirinkimas pramoninei aplinkai, mokykloms, ligonin\u0117ms ir intensyvaus intensyvumo renginiams. Patikimas metalinis karabino segtukas saugiai laiko asmens tapatyb\u0117s korteles, prieigos korteles ar raktus.<\/p>\n<p data-path-to-node=\"12\"><b>Pagrindin\u0117s savyb\u0117s:<\/b><\/p>\n<ul data-path-to-node=\"13\">\n<li>\n<p data-path-to-node=\"13,0,0\"><b>Centrin\u0117 logotipo plok\u0161t\u0117:<\/b> Apvalus plastikinis diskas suteikia special\u0173 pavir\u0161i\u0173 ry\u0161kiam ir ai\u0161kiam logotipo spausdinimui.<\/p>\n<\/li>\n<li>\n<p data-path-to-node=\"13,1,0\"><b>Saugos atjungimo skl\u0105stis:<\/b> Esmin\u0117 saugos funkcija, kuri atsipalaiduoja veikiant sl\u0117giui, kad b\u016bt\u0173 i\u0161vengta su\u017ealojim\u0173.<\/p>\n<\/li>\n<li>\n<p data-path-to-node=\"13,2,0\"><b>Patvarus apvalus laidas:<\/b> 100% poliesterio virvel\u0117 pasi\u017eymi geresniu patvarumu ir patogumu, palyginti su plok\u0161\u010diomis juostel\u0117mis.<\/p>\n<\/li>\n<li>\n<p data-path-to-node=\"13,3,0\"><b>Metalinis karabino segtukas:<\/b> Tvirtas tvirtinimas u\u017etikrina asmens tapatyb\u0117s korteli\u0173 ir rakt\u0173 saugum\u0105.<\/p>\n<\/li>\n<li>\n<p data-path-to-node=\"13,4,0\"><b>Didelis prieinamumas:<\/b> Idealiai tinka didelio masto renginiams ir \u012fmoni\u0173 pirkimams (minimalus u\u017esakymo kiekis \u2013 100).<\/p>\n<\/li>\n<\/ul>","protected":false},"excerpt":{"rendered":"<ul>\n<li>\n<p data-path-to-node=\"8,0,0\"><b>I\u0161manus prek\u0117s \u017eenklo k\u016brimas:<\/b> Specialus centrinis plastikinis kilim\u0117lis u\u017etikrina, kad j\u016bs\u0173 logotipas b\u016bt\u0173 ai\u0161kiai matomas ant kaklajuost\u0117s.<\/p>\n<\/li>\n<li>\n<p data-path-to-node=\"8,1,0\"><b>Saugos atitiktis:<\/b> \u012erengtas apsauginiu fiksatoriumi, kuris atsipalaiduoja \u012ftempus.<\/p>\n<\/li>\n<li>\n<p data-path-to-node=\"8,2,0\"><b>Patogus dizainas:<\/b> Mink\u0161tas, apvalus poliesterio kordas apsaugo nuo odos dirginimo d\u0117vint vis\u0105 dien\u0105.<\/p>\n<\/li>\n<li>\n<p data-path-to-node=\"8,3,0\"><b>Saugus priedas:<\/b> Pridedamas patvarus metalinis karabinas asmens tapatyb\u0117s \u017eenkleliams ir raktams.<\/p>\n<\/li>\n<\/ul>","protected":false},"featured_media":6768,"comment_status":"closed","ping_status":"closed","template":"","meta":[],"product_brand":[],"product_cat":[125,104,106],"product_tag":[],"class_list":{"0":"post-5317","1":"product","2":"type-product","3":"status-publish","4":"has-post-thumbnail","6":"product_cat-cord-lanyards","7":"product_cat-custom-printed-lanyards","8":"product_cat-breakaway-lanyards","10":"first","11":"instock","12":"shipping-taxable","13":"purchasable","14":"product-type-simple"},"_links":{"self":[{"href":"https:\/\/displayproducts.eu\/lt\/wp-json\/wp\/v2\/product\/5317","targetHints":{"allow":["GET"]}}],"collection":[{"href":"https:\/\/displayproducts.eu\/lt\/wp-json\/wp\/v2\/product"}],"about":[{"href":"https:\/\/displayproducts.eu\/lt\/wp-json\/wp\/v2\/types\/product"}],"replies":[{"embeddable":true,"href":"https:\/\/displayproducts.eu\/lt\/wp-json\/wp\/v2\/comments?post=5317"}],"wp:featuredmedia":[{"embeddable":true,"href":"https:\/\/displayproducts.eu\/lt\/wp-json\/wp\/v2\/media\/6768"}],"wp:attachment":[{"href":"https:\/\/displayproducts.eu\/lt\/wp-json\/wp\/v2\/media?parent=5317"}],"wp:term":[{"taxonomy":"product_brand","embeddable":true,"href":"https:\/\/displayproducts.eu\/lt\/wp-json\/wp\/v2\/product_brand?post=5317"},{"taxonomy":"product_cat","embeddable":true,"href":"https:\/\/displayproducts.eu\/lt\/wp-json\/wp\/v2\/product_cat?post=5317"},{"taxonomy":"product_tag","embeddable":true,"href":"https:\/\/displayproducts.eu\/lt\/wp-json\/wp\/v2\/product_tag?post=5317"}],"curies":[{"name":"wp","href":"https:\/\/api.w.org\/{rel}","templated":true}]}}