{"id":5312,"date":"2025-10-24T14:27:43","date_gmt":"2025-10-24T11:27:43","guid":{"rendered":"https:\/\/wristbandfactory.eu\/?post_type=product&#038;p=5312"},"modified":"2026-04-01T21:52:35","modified_gmt":"2026-04-01T18:52:35","slug":"eco-friendly-cardboard-lanyards-20mm","status":"publish","type":"product","link":"https:\/\/displayproducts.eu\/lt\/p\/eco-friendly-cardboard-lanyards-20mm\/","title":{"rendered":"Popieriniai kaklajuos\u010diai (Perdirbtas kartonas)"},"content":{"rendered":"<p data-path-to-node=\"11\">Pateikite dr\u0105s\u0173 ir matom\u0105 parei\u0161kim\u0105 apie savo organizacijos aplinkosaugos vertybes su m\u016bs\u0173 <b>Ekologi\u0161ki kartoniniai kaklajuost\u0117s<\/b>. \u0160ie kaklajuost\u0117s, kaip geriausias sprendimas \u201cantiplastikui\u201d, yra skirtos renginiams be atliek\u0173, ekologi\u0161koms konferencijoms ir preki\u0173 \u017eenklams, norintiems laikytis tvarumo princip\u0173.<\/p>\n<p data-path-to-node=\"12\">Pagaminta i\u0161 <b>atsparus perdirbtas kartonas<\/b> (sustiprintos popieriaus med\u017eiagos), \u0161ie kaklajuost\u0117s yra tvari alternatyva poliesteriui ir nailonui. Nors jos yra nat\u016bralios ir lengvos kaip popierius, jos yra sukurtos taip, kad b\u016bt\u0173 pakankamai patvarios, jog atlaikyt\u0173 \u012fprastos prekybos parodos ar \u012fmon\u0117s renginio nusid\u0117v\u0117jim\u0105. J\u0173 i\u0161skirtin\u0117 \u201ckraftpopieriaus\u201d i\u0161vaizda i\u0161 karto perteikia taupymo \u017eini\u0105 kiekvienam dalyviui.<\/p>\n<p data-path-to-node=\"13\">Kiekvienas virvelis yra standartinio 20 mm plo\u010dio, kad b\u016bt\u0173 patogu, ir apr\u016bpintas auk\u0161tos kokyb\u0117s <b>metalinis pasukamas karabinas<\/b>. Tai u\u017etikrina, kad net j\u016bs\u0173 tvirtinimo mechanizmas yra patvarus ir patikimas. Pasirinkdami \u0161\u012f \u201cNature Line\u201d produkt\u0105, j\u016bs visi\u0161kai pa\u0161alinate vienkartinio naudojimo plastik\u0105 i\u0161 savo renginio tiekimo grandin\u0117s.<\/p>\n<p data-path-to-node=\"14\"><b>Pagrindin\u0117s savyb\u0117s:<\/b><\/p>\n<ul data-path-to-node=\"15\">\n<li>\n<p data-path-to-node=\"15,0,0\"><b>Med\u017eiaga:<\/b> 100% atsparus perdirbtas kartonas (popieriaus pagrindu).<\/p>\n<\/li>\n<li>\n<p data-path-to-node=\"15,1,0\"><b>Tvarumas:<\/b> Visi\u0161kai be plastiko alternatyva ekologi\u0161kam prek\u0117s \u017eenklo k\u016brimui.<\/p>\n<\/li>\n<li>\n<p data-path-to-node=\"15,2,0\"><b>Patvarumas:<\/b> Sukurta saugiai laikyti asmens tapatyb\u0117s korteles standartini\u0173 rengini\u0173 metu.<\/p>\n<\/li>\n<li>\n<p data-path-to-node=\"15,3,0\"><b>Aparatin\u0117 \u012franga:<\/b> Komplekte yra tvirtas metalinis pasukamas karabinas, kad b\u016bt\u0173 lengva pritvirtinti.<\/p>\n<\/li>\n<li>\n<p data-path-to-node=\"15,4,0\"><b>Estetika:<\/b> Nat\u016bralus, matinis pavir\u0161ius, pabr\u0117\u017eiantis ekologi\u0161k\u0105 kilm\u0119.<\/p>\n<\/li>\n<\/ul>","protected":false},"excerpt":{"rendered":"<ul>\n<li>\n<p data-path-to-node=\"9,0,0\"><b>Nulinio plastiko sprendimas:<\/b> Visi\u0161kai be plastiko pagamintas kaklajuost\u0117s variantas i\u0161 patvarios, perdirbtos popieriaus pagrindo med\u017eiagos.<\/p>\n<\/li>\n<li>\n<p data-path-to-node=\"9,1,0\"><b>Gamtos linija:<\/b> M\u016bs\u0173 i\u0161skirtinio ekologi\u0161ko asortimento dalis, pasi\u017eyminti i\u0161skirtine, nat\u016bralia estetika (i\u0161vaizda i\u0161 kraftpopieriaus).<\/p>\n<\/li>\n<li>\n<p data-path-to-node=\"9,2,0\"><b>Steb\u0117tinai patvarus:<\/b> Sukurtas taip, kad b\u016bt\u0173 pakankamai atsparus vienos dienos renginiams, konferencijoms ir susitikimams.<\/p>\n<\/li>\n<li>\n<p data-path-to-node=\"9,3,0\"><b>Standartinis dydis:<\/b> 20 mm plotis u\u017etikrina matomum\u0105 ir patogum\u0105, apr\u016bpintas tvirtu metaliniu pasukamu karabinu.<\/p>\n<\/li>\n<\/ul>","protected":false},"featured_media":6697,"comment_status":"closed","ping_status":"closed","template":"","meta":[],"product_brand":[],"product_cat":[107,113],"product_tag":[],"class_list":{"0":"post-5312","1":"product","2":"type-product","3":"status-publish","4":"has-post-thumbnail","6":"product_cat-eco-friendly-lanyards","7":"product_cat-plain-lanyards","9":"first","10":"instock","11":"shipping-taxable","12":"purchasable","13":"product-type-simple"},"_links":{"self":[{"href":"https:\/\/displayproducts.eu\/lt\/wp-json\/wp\/v2\/product\/5312","targetHints":{"allow":["GET"]}}],"collection":[{"href":"https:\/\/displayproducts.eu\/lt\/wp-json\/wp\/v2\/product"}],"about":[{"href":"https:\/\/displayproducts.eu\/lt\/wp-json\/wp\/v2\/types\/product"}],"replies":[{"embeddable":true,"href":"https:\/\/displayproducts.eu\/lt\/wp-json\/wp\/v2\/comments?post=5312"}],"wp:featuredmedia":[{"embeddable":true,"href":"https:\/\/displayproducts.eu\/lt\/wp-json\/wp\/v2\/media\/6697"}],"wp:attachment":[{"href":"https:\/\/displayproducts.eu\/lt\/wp-json\/wp\/v2\/media?parent=5312"}],"wp:term":[{"taxonomy":"product_brand","embeddable":true,"href":"https:\/\/displayproducts.eu\/lt\/wp-json\/wp\/v2\/product_brand?post=5312"},{"taxonomy":"product_cat","embeddable":true,"href":"https:\/\/displayproducts.eu\/lt\/wp-json\/wp\/v2\/product_cat?post=5312"},{"taxonomy":"product_tag","embeddable":true,"href":"https:\/\/displayproducts.eu\/lt\/wp-json\/wp\/v2\/product_tag?post=5312"}],"curies":[{"name":"wp","href":"https:\/\/api.w.org\/{rel}","templated":true}]}}