{"id":5307,"date":"2025-10-24T14:13:39","date_gmt":"2025-10-24T11:13:39","guid":{"rendered":"https:\/\/wristbandfactory.eu\/?post_type=product&#038;p=5307"},"modified":"2026-04-01T21:52:35","modified_gmt":"2026-04-01T18:52:35","slug":"plantable-seed-paper-id-badges","status":"publish","type":"product","link":"https:\/\/displayproducts.eu\/lt\/p\/plantable-seed-paper-id-badges\/","title":{"rendered":"S\u0117jam\u0173j\u0173 s\u0117kl\u0173 popieriaus ID \u017eenkleliai"},"content":{"rendered":"<p>Standartinis rengini\u0173 identifikavimas da\u017enai tiesiogiai prisideda prie s\u0105vartyn\u0173 atliek\u0173 susidarymo. M\u016bs\u0173 identifikavimo \u017eenkleliai i\u0161 s\u0117kl\u0173 popieriaus paver\u010dia \u0161i\u0105 problem\u0105 veiksminga ir tvaria rinkodaros \u017einute. \u0160is ekologi\u0161kas identifikatorius ne tik atlieka savo funkcij\u0105 j\u016bs\u0173 renginio metu, bet ir yra \u012fsimintinas, be atliek\u0173 maistas i\u0161sine\u0161imui.<\/p>\n<p>Pagamintas i\u0161 perdirbto kartono, kiekvienas \u017eenkliukas turi speciali\u0105 kortel\u0119 su laukini\u0173 g\u0117li\u0173 s\u0117klomis. Po konferencijos ar prekybos parodos dalyviai gali pasodinti vis\u0105 \u017eenkliuk\u0105, paversdami j\u012f \u012fvairi\u0173 laukini\u0173 g\u0117li\u0173 lysve. \u0160i unikali savyb\u0117 sustiprina j\u016bs\u0173 prek\u0117s \u017eenklo \u012fsipareigojim\u0105 tvarumui ilgai po renginio pabaigos.<\/p>\n<p>Kiekvienas \u017eenklelis turi ai\u0161kias sodinimo instrukcijas ir \u201cPagaminta Europoje\u201d emblem\u0105, u\u017etikrinan\u010di\u0105 kokyb\u0119 ir ma\u017eesn\u012f anglies p\u0117dsak\u0105. Jie idealus pasirinkimas ekologi\u0161kiems \u012fmoni\u0173 renginiams, ekologi\u0161kai s\u0105moningoms prekybos parodoms ir bet kuriai organizacijai, norin\u010diai padaryti ap\u010diuopiam\u0105 aplinkosaugos parei\u0161kim\u0105.<\/p>\n<p><b>Pagrindin\u0117s savyb\u0117s:<\/b><\/p>\n<ul>\n<li><b>Ekologi\u0161ka med\u017eiaga:<\/b> Pagrindinis laikiklis pagamintas i\u0161 perdirbto kartono.<\/li>\n<li><b>S\u0117jamasis s\u0117kl\u0173 popierius:<\/b> Pridedama kortel\u0117 su laukini\u0173 g\u0117li\u0173 s\u0117klomis, kurios i\u0161dygsta pasodinus.<\/li>\n<li><b>Nulin\u0117s atliekos sprendimas:<\/b> Vis\u0105 \u017eenklel\u012f galima pasodinti, nepaliekant joki\u0173 atliek\u0173.<\/li>\n<li><b>Pagaminta Europoje:<\/b> Pa\u017eenklintas \u201cPagaminta Europoje\u201d emblema, kuri simbolizuoja kokyb\u0119 ir ma\u017eesn\u012f anglies p\u0117dsak\u0105.<\/li>\n<li><b>\u012eskaitant instrukcijas:<\/b> Viduje atspausdintos ai\u0161kios sodinimo instrukcijos.<\/li>\n<li><b>Matmenys:<\/b> 11,3 x 9,3 cm.<\/li>\n<\/ul>","protected":false},"excerpt":{"rendered":"<ul>\n<li>Renginiuose pademonstruokite savo \u012fsipareigojim\u0105 tvarumui.<\/li>\n<li>Pagaminta i\u0161 perdirbto kartono su prid\u0117tu popieriniu kartonu i\u0161 laukini\u0173 g\u0117li\u0173 s\u0117kl\u0173.<\/li>\n<li>Vis\u0105 \u017eenklel\u012f galima pasodinti po renginio.<\/li>\n<li>\u201cPagaminta Europoje\u201d u\u017etikrina kokyb\u0119 ir ma\u017eesn\u012f anglies p\u0117dsak\u0105.<\/li>\n<\/ul>","protected":false},"featured_media":5308,"comment_status":"closed","ping_status":"closed","template":"","meta":[],"product_brand":[],"product_cat":[91],"product_tag":[],"class_list":{"0":"post-5307","1":"product","2":"type-product","3":"status-publish","4":"has-post-thumbnail","6":"product_cat-badge-holders","8":"first","9":"instock","10":"shipping-taxable","11":"purchasable","12":"product-type-simple"},"_links":{"self":[{"href":"https:\/\/displayproducts.eu\/lt\/wp-json\/wp\/v2\/product\/5307","targetHints":{"allow":["GET"]}}],"collection":[{"href":"https:\/\/displayproducts.eu\/lt\/wp-json\/wp\/v2\/product"}],"about":[{"href":"https:\/\/displayproducts.eu\/lt\/wp-json\/wp\/v2\/types\/product"}],"replies":[{"embeddable":true,"href":"https:\/\/displayproducts.eu\/lt\/wp-json\/wp\/v2\/comments?post=5307"}],"wp:featuredmedia":[{"embeddable":true,"href":"https:\/\/displayproducts.eu\/lt\/wp-json\/wp\/v2\/media\/5308"}],"wp:attachment":[{"href":"https:\/\/displayproducts.eu\/lt\/wp-json\/wp\/v2\/media?parent=5307"}],"wp:term":[{"taxonomy":"product_brand","embeddable":true,"href":"https:\/\/displayproducts.eu\/lt\/wp-json\/wp\/v2\/product_brand?post=5307"},{"taxonomy":"product_cat","embeddable":true,"href":"https:\/\/displayproducts.eu\/lt\/wp-json\/wp\/v2\/product_cat?post=5307"},{"taxonomy":"product_tag","embeddable":true,"href":"https:\/\/displayproducts.eu\/lt\/wp-json\/wp\/v2\/product_tag?post=5307"}],"curies":[{"name":"wp","href":"https:\/\/api.w.org\/{rel}","templated":true}]}}