{"id":5304,"date":"2025-10-24T13:51:56","date_gmt":"2025-10-24T10:51:56","guid":{"rendered":"https:\/\/wristbandfactory.eu\/?post_type=product&#038;p=5304"},"modified":"2026-04-01T21:52:35","modified_gmt":"2026-04-01T18:52:35","slug":"reusable-event-cups-extra-large-1-2l","status":"publish","type":"product","link":"https:\/\/displayproducts.eu\/lt\/p\/reusable-event-cups-extra-large-1-2l\/","title":{"rendered":"Daugkartinio naudojimo rengini\u0173 puodeliai (ypa\u010d dideli 1,2 l)"},"content":{"rendered":"<p data-path-to-node=\"7\">Suma\u017einkite eiles ir padidinkite dalyvi\u0173 pasitenkinim\u0105 didelio masto renginyje su m\u016bs\u0173 1,2 l talpos ypa\u010d dideliais daugkartinio naudojimo PP puodeliais. \u0160ie didel\u0117s talpos puodeliai puikiai tinka stadionams, dideliems festivaliams ir koncertams, nes leid\u017eia patiekti didesnes porcijas ir gerokai suma\u017einti papildymo poreik\u012f.<\/p>\n<p data-path-to-node=\"8\">Pagaminti i\u0161 patvaraus, bet lanks\u010dio PP (polipropileno), \u0161ie puodeliai yra atspar\u016bs l\u016b\u017eiams ir skirti daugkartiniam naudojimui, si\u016blydami tvirt\u0105 ir ekologi\u0161k\u0105 alternatyv\u0105 vienkartiniams plastikiniams indams.<\/p>\n<p data-path-to-node=\"9\">Permatoma apdaila suteikia gerai matom\u0105 drob\u0119 j\u016bs\u0173 \u012fmon\u0117s logotipui ar renginio prek\u0117s \u017eenklui. Unikali \u0161io puodelio savyb\u0117 \u2013 specialiai suformuotas pagrindas, kuris u\u017etikrina papildom\u0105 stabilum\u0105, kai puodelis dedamas ant pad\u0117kliuk\u0173.<\/p>\n<p data-path-to-node=\"10\"><b>Pagrindin\u0117s savyb\u0117s:<\/b><\/p>\n<ul data-path-to-node=\"11\">\n<li>\n<p data-path-to-node=\"11,0,0\"><b>Ypa\u010d didel\u0117 1,2 l talpa:<\/b> Suma\u017eina papildym\u0173 poreik\u012f didelio lankytoj\u0173 skai\u010diaus festivaliuose, stadionuose ir koncertuose.<\/p>\n<\/li>\n<li>\n<p data-path-to-node=\"11,1,0\"><b>Patvari PP med\u017eiaga:<\/b> Lankstus, atsparus l\u016b\u017eiams ir visi\u0161kai daugkartinio naudojimo, tinka \u012fvairiems renginiams.<\/p>\n<\/li>\n<li>\n<p data-path-to-node=\"11,2,0\"><b>Permatoma apdaila:<\/b> Suteikia ideal\u0173, gerai matom\u0105 pavir\u0161i\u0173 individualaus prek\u0117s \u017eenklo \u017eenklinimui.<\/p>\n<\/li>\n<li>\n<p data-path-to-node=\"11,3,0\"><b>Stabilus pagrindo dizainas:<\/b> Specialios formos pagrindas, kad b\u016bt\u0173 galima saugiai pastatyti ant pad\u0117kliuk\u0173.<\/p>\n<\/li>\n<li>\n<p data-path-to-node=\"11,4,0\"><b>Dideli matmenys:<\/b> Auk\u0161tis \u2013 19 cm, skersmuo \u2013 10,7 cm.<\/p>\n<\/li>\n<\/ul>","protected":false},"excerpt":{"rendered":"<ul>\n<li>\n<p data-path-to-node=\"6,0,0\">Ypa\u010d didel\u0117 1,2 litro talpa suma\u017eina papildym\u0173 poreik\u012f didelio masto renginiuose.<\/p>\n<\/li>\n<li>\n<p data-path-to-node=\"6,1,0\">Pagaminta i\u0161 patvarios, lanks\u010dios ir sm\u016bgiams atsparios PP med\u017eiagos.<\/p>\n<\/li>\n<li>\n<p data-path-to-node=\"6,2,0\">Permatoma apdaila suteikia gerai matom\u0105 pagrind\u0105 prek\u0117s \u017eenklo reklamai.<\/p>\n<\/li>\n<li>\n<p data-path-to-node=\"6,3,0\">Pasi\u017eymi unikaliu, stabiliu pagrindo dizainu, skirtu naudoti su pad\u0117kliukais.<\/p>\n<\/li>\n<li><\/li>\n<\/ul>","protected":false},"featured_media":6622,"comment_status":"closed","ping_status":"closed","template":"","meta":[],"product_brand":[],"product_cat":[111],"product_tag":[],"class_list":{"0":"post-5304","1":"product","2":"type-product","3":"status-publish","4":"has-post-thumbnail","6":"product_cat-reusable-event-cups","8":"first","9":"instock","10":"shipping-taxable","11":"product-type-simple"},"_links":{"self":[{"href":"https:\/\/displayproducts.eu\/lt\/wp-json\/wp\/v2\/product\/5304","targetHints":{"allow":["GET"]}}],"collection":[{"href":"https:\/\/displayproducts.eu\/lt\/wp-json\/wp\/v2\/product"}],"about":[{"href":"https:\/\/displayproducts.eu\/lt\/wp-json\/wp\/v2\/types\/product"}],"replies":[{"embeddable":true,"href":"https:\/\/displayproducts.eu\/lt\/wp-json\/wp\/v2\/comments?post=5304"}],"wp:featuredmedia":[{"embeddable":true,"href":"https:\/\/displayproducts.eu\/lt\/wp-json\/wp\/v2\/media\/6622"}],"wp:attachment":[{"href":"https:\/\/displayproducts.eu\/lt\/wp-json\/wp\/v2\/media?parent=5304"}],"wp:term":[{"taxonomy":"product_brand","embeddable":true,"href":"https:\/\/displayproducts.eu\/lt\/wp-json\/wp\/v2\/product_brand?post=5304"},{"taxonomy":"product_cat","embeddable":true,"href":"https:\/\/displayproducts.eu\/lt\/wp-json\/wp\/v2\/product_cat?post=5304"},{"taxonomy":"product_tag","embeddable":true,"href":"https:\/\/displayproducts.eu\/lt\/wp-json\/wp\/v2\/product_tag?post=5304"}],"curies":[{"name":"wp","href":"https:\/\/api.w.org\/{rel}","templated":true}]}}