{"id":5300,"date":"2025-10-24T12:52:28","date_gmt":"2025-10-24T09:52:28","guid":{"rendered":"https:\/\/wristbandfactory.eu\/?post_type=product&#038;p=5300"},"modified":"2026-04-01T21:52:35","modified_gmt":"2026-04-01T18:52:35","slug":"laser-engravable-rectangular-glass-trophies","status":"publish","type":"product","link":"https:\/\/displayproducts.eu\/lt\/p\/laser-engravable-rectangular-glass-trophies\/","title":{"rendered":"Lazeriu graviruojami sta\u010diakampiai stiklo trof\u0117jai"},"content":{"rendered":"<p>Padarykite reik\u0161ming\u0105 \u012fsp\u016bd\u012f kitoje apdovanojim\u0173 ceremonijoje ar \u012fmon\u0117s \u0161vent\u0117je. M\u016bs\u0173 didelis sta\u010diakampis stiklinis trof\u0117jus \u2013 tai auk\u0161\u010diausios kokyb\u0117s, \u017eenkli apdovanojimas, puikiai tinkantis pagerbti geriausius atlik\u0117jus, pagrindinius klientus ar konkurs\u0173 nugal\u0117tojus.<\/p>\n<p>\u0160is trof\u0117jus yra 19 cm auk\u0161\u010dio ir pagamintas i\u0161 storo, auk\u0161tos kokyb\u0117s stiklo, sveriantis 690 gram\u0173, tod\u0117l suteikia pastebimai prabang\u0173 poj\u016bt\u012f. \u0160varus, sta\u010diakampis dizainas pasi\u017eymi dideliu, plok\u0161\u010diu pavir\u0161iumi, specialiai sukurtu didelio tikslumo lazerinei spausdinimui (graviravimui). Tai u\u017etikrina, kad j\u016bs\u0173 \u012fmon\u0117s logotipas, apdovanojimo pavadinimas ir gav\u0117jo duomenys b\u016bt\u0173 suasmeninti ir i\u0161skirtinai ai\u0161k\u016bs. Idealiai tinka pardavimo apdovanojimams, m\u0117nesio darbuotoj\u0173 programoms ar pad\u0117kai pagrindiniams partneriams, kiekvienas trof\u0117jus pristatomas atskirame apsauginiame d\u0117kle, u\u017etikrinant, kad jis b\u016bt\u0173 saugus transportuojant ir paruo\u0161tas pateikimui.<\/p>\n<p><b>Pagrindin\u0117s savyb\u0117s:<\/b><\/p>\n<ul>\n<li><b>Didelis sta\u010diakampis dizainas:<\/b> 19 cm auk\u0161\u010dio, tad yra daug vietos individualiam graviravimui.<\/li>\n<li><b>Auk\u0161\u010diausios kokyb\u0117s sunkiasvoris stiklas:<\/b> \u0160is trof\u0117jus, sveriantis 690 g, yra solidus, tod\u0117l dar labiau padidina jo vert\u0119.<\/li>\n<li><b>Optimizuotas lazeriniam graviravimui:<\/b> Specialiai sukurtas pavir\u0161ius leid\u017eia atlikti ry\u0161kius, detalius lazeriu spausdintus pritaikymo veiksmus.<\/li>\n<li><b>Stabilus pagrindas:<\/b> Turi patvar\u0173, 4,5 cm gylio stiklin\u012f pagrind\u0105, kad b\u016bt\u0173 galima tvirtai pastatyti ant bet kokio stalo ar lentynos.<\/li>\n<li><b>\u012e komplekt\u0105 \u012feina apsauginis d\u0117klas:<\/b> Kiekvienas trof\u0117jus pateikiamas atskirame d\u0117kle, kad b\u016bt\u0173 galima saugiai transportuoti ir dovanoti.<\/li>\n<\/ul>\n<p>&nbsp;<\/p>","protected":false},"excerpt":{"rendered":"<ul>\n<li>Auk\u0161\u010diausios kokyb\u0117s 19 cm auk\u0161\u010dio sta\u010diakampis stiklinis apdovanojimas.<\/li>\n<li>Net 690 g svoris suteikia puiki\u0105 vert\u0119.<\/li>\n<li>Optimizuotas pavir\u0161ius tiksliam j\u016bs\u0173 logotipo lazeriniam graviravimui.<\/li>\n<li>Pridedamas individualus apsauginis d\u0117klas saugiam pateikimui.<\/li>\n<\/ul>","protected":false},"featured_media":6540,"comment_status":"closed","ping_status":"closed","template":"","meta":[],"product_brand":[],"product_cat":[79],"product_tag":[],"class_list":{"0":"post-5300","1":"product","2":"type-product","3":"status-publish","4":"has-post-thumbnail","6":"product_cat-awards","8":"first","9":"instock","10":"shipping-taxable","11":"purchasable","12":"product-type-simple"},"_links":{"self":[{"href":"https:\/\/displayproducts.eu\/lt\/wp-json\/wp\/v2\/product\/5300","targetHints":{"allow":["GET"]}}],"collection":[{"href":"https:\/\/displayproducts.eu\/lt\/wp-json\/wp\/v2\/product"}],"about":[{"href":"https:\/\/displayproducts.eu\/lt\/wp-json\/wp\/v2\/types\/product"}],"replies":[{"embeddable":true,"href":"https:\/\/displayproducts.eu\/lt\/wp-json\/wp\/v2\/comments?post=5300"}],"wp:featuredmedia":[{"embeddable":true,"href":"https:\/\/displayproducts.eu\/lt\/wp-json\/wp\/v2\/media\/6540"}],"wp:attachment":[{"href":"https:\/\/displayproducts.eu\/lt\/wp-json\/wp\/v2\/media?parent=5300"}],"wp:term":[{"taxonomy":"product_brand","embeddable":true,"href":"https:\/\/displayproducts.eu\/lt\/wp-json\/wp\/v2\/product_brand?post=5300"},{"taxonomy":"product_cat","embeddable":true,"href":"https:\/\/displayproducts.eu\/lt\/wp-json\/wp\/v2\/product_cat?post=5300"},{"taxonomy":"product_tag","embeddable":true,"href":"https:\/\/displayproducts.eu\/lt\/wp-json\/wp\/v2\/product_tag?post=5300"}],"curies":[{"name":"wp","href":"https:\/\/api.w.org\/{rel}","templated":true}]}}