{"id":5296,"date":"2025-10-24T12:46:54","date_gmt":"2025-10-24T09:46:54","guid":{"rendered":"https:\/\/wristbandfactory.eu\/?post_type=product&#038;p=5296"},"modified":"2026-04-01T21:52:35","modified_gmt":"2026-04-01T18:52:35","slug":"laser-engravable-circular-glass-trophies","status":"publish","type":"product","link":"https:\/\/displayproducts.eu\/lt\/p\/laser-engravable-circular-glass-trophies\/","title":{"rendered":"Lazeriu graviruojami apval\u016bs stikliniai trof\u0117jai"},"content":{"rendered":"<p>\u012evertinkite i\u0161skirtinius rezultatus ir svarbius pasiekimus auk\u0161\u010diausios kokyb\u0117s apdovanojimu. M\u016bs\u0173 apvali stiklin\u0117 taur\u0117 \u2013 tai modernus ir eleganti\u0161kas sprendimas \u012fmon\u0117s pripa\u017einimui, pardavim\u0173 prad\u017eiai ir komandos pasiekimams pamin\u0117ti.<\/p>\n<p>Pagamintas i\u0161 storo, auk\u0161tos kokyb\u0117s stiklo, \u0161is trof\u0117jus pasi\u017eymi nesenstan\u010diu apvalios lentel\u0117s dizainu, pritvirtintu prie stabilaus kvadratinio pagrindo. 400 gram\u0173 svoris suteikia jam tvirtumo ir vert\u0117s poj\u016bt\u012f, puikiai tinkant\u012f eksponavimui. Jis specialiai sukurtas lazerinei spausdinimui (graviravimui), tod\u0117l galite tiksliai suasmeninti savo logotip\u0105, tekst\u0105 ir apdovanojimo informacij\u0105. Kiekvienas trof\u0117jus pateikiamas atskirame apsauginiame d\u0117kle, u\u017etikrinant, kad jis saugiai pristatytas ir paruo\u0161tas pateikimui.<\/p>\n<p><b>Pagrindin\u0117s savyb\u0117s:<\/b><\/p>\n<ul>\n<li><b>Auk\u0161\u010diausios kokyb\u0117s stiklo konstrukcija:<\/b> Storas, sunkus stiklas (400 g) u\u017etikrina auk\u0161t\u0105 suvokiam\u0105 vert\u0119.<\/li>\n<li><b>Optimizuotas lazeriniam graviravimui:<\/b> Specialiai sukurtas pavir\u0161ius ai\u0161kiems, detaliems lazeriu spausdintiems logotipams ir tekstui.<\/li>\n<li><b>Eleganti\u0161kas apvalus dizainas:<\/b> Moderni apvali lentel\u0117 (10 cm) ant tvirto kvadratinio pagrindo (6 cm).<\/li>\n<li><b>Paruo\u0161ta pristatymui:<\/b> Kiekvienas apdovanojimas pateikiamas atskirame apsauginiame d\u0117kle, kad b\u016bt\u0173 galima saugiai j\u012f laikyti ir pateikti.<\/li>\n<\/ul>","protected":false},"excerpt":{"rendered":"<ul>\n<li>Auk\u0161\u010diausios kokyb\u0117s apvalus stiklinis trof\u0117jus ant tvirto kvadratinio pagrindo.<\/li>\n<li>Specialiai sukurtas didelio tikslumo lazeriniam graviravimui.<\/li>\n<li>Idealiai tinka \u012fmoni\u0173 pripa\u017einimui, pardavim\u0173 apdovanojimams ir renginiams.<\/li>\n<li>Pristatomi individualiame apsauginiame d\u0117kle saugiam transportavimui.<\/li>\n<\/ul>","protected":false},"featured_media":6535,"comment_status":"closed","ping_status":"closed","template":"","meta":[],"product_brand":[],"product_cat":[79],"product_tag":[],"class_list":{"0":"post-5296","1":"product","2":"type-product","3":"status-publish","4":"has-post-thumbnail","6":"product_cat-awards","8":"first","9":"instock","10":"shipping-taxable","11":"purchasable","12":"product-type-simple"},"_links":{"self":[{"href":"https:\/\/displayproducts.eu\/lt\/wp-json\/wp\/v2\/product\/5296","targetHints":{"allow":["GET"]}}],"collection":[{"href":"https:\/\/displayproducts.eu\/lt\/wp-json\/wp\/v2\/product"}],"about":[{"href":"https:\/\/displayproducts.eu\/lt\/wp-json\/wp\/v2\/types\/product"}],"replies":[{"embeddable":true,"href":"https:\/\/displayproducts.eu\/lt\/wp-json\/wp\/v2\/comments?post=5296"}],"wp:featuredmedia":[{"embeddable":true,"href":"https:\/\/displayproducts.eu\/lt\/wp-json\/wp\/v2\/media\/6535"}],"wp:attachment":[{"href":"https:\/\/displayproducts.eu\/lt\/wp-json\/wp\/v2\/media?parent=5296"}],"wp:term":[{"taxonomy":"product_brand","embeddable":true,"href":"https:\/\/displayproducts.eu\/lt\/wp-json\/wp\/v2\/product_brand?post=5296"},{"taxonomy":"product_cat","embeddable":true,"href":"https:\/\/displayproducts.eu\/lt\/wp-json\/wp\/v2\/product_cat?post=5296"},{"taxonomy":"product_tag","embeddable":true,"href":"https:\/\/displayproducts.eu\/lt\/wp-json\/wp\/v2\/product_tag?post=5296"}],"curies":[{"name":"wp","href":"https:\/\/api.w.org\/{rel}","templated":true}]}}