{"id":5292,"date":"2025-10-24T12:42:32","date_gmt":"2025-10-24T09:42:32","guid":{"rendered":"https:\/\/wristbandfactory.eu\/?post_type=product&#038;p=5292"},"modified":"2026-04-01T21:52:35","modified_gmt":"2026-04-01T18:52:35","slug":"window-name-badges-with-clip-and-pin","status":"publish","type":"product","link":"https:\/\/displayproducts.eu\/lt\/p\/window-name-badges-with-clip-and-pin\/","title":{"rendered":"Lang\u0173 vard\u0173 \u017eenkleliai su segtuku ir smeigtuku"},"content":{"rendered":"<p>Su \u0161iais daugkartinio naudojimo lang\u0173 vard\u0173 \u017eenkleliais ai\u0161kiai ir profesionaliai atpa\u017einsite savo komand\u0105, konferencij\u0173 dalyvius ar rengini\u0173 darbuotojus. \u0160ie \u017eenkleliai pasi\u017eymi \u0161variu, moderniu dizainu ir blizgia apdaila, tod\u0117l bet kokiai \u012fmon\u0117s aplinkai suteikiamas eleganti\u0161kas vaizdas.<\/p>\n<p>Priekinio langelio anga leid\u017eia greitai keisti spausdintas vardines korteles, tod\u0117l jos yra ekonomi\u0161kas ir lankstus sprendimas lankytoj\u0173 valdymui, laikiniesiems darbuotojams ar pasikartojantiems renginiams. \u017denklelio gale \u012frengta tvirta dvigubo tvirtinimo sistema. \u0160is dvigubas tvirtinimas, kur\u012f sudaro metalinis segtukas ir apsauginis kai\u0161tis, u\u017etikrina saug\u0173 ir stabil\u0173 pritaikym\u0105 prie bet kokio tipo drabu\u017ei\u0173 \u2013 nuo \u0161vark\u0173 iki uniform\u0173.<\/p>\n<p><b>Pagrindin\u0117s savyb\u0117s:<\/b><\/p>\n<ul>\n<li><b>Daugkartinio naudojimo lang\u0173 dizainas:<\/b> Leid\u017eia greitai ir lengvai pakeisti vardinius \u012fd\u0117klus.<\/li>\n<li><b>Dviguba tvirtinimo sistema:<\/b> Su metaliniu spaustuku ir apsauginiu kai\u0161\u010diu, kad b\u016bt\u0173 galima saugiai ir universaliai pritvirtinti.<\/li>\n<li><b>Profesionalus blizgus pavir\u0161ius:<\/b> Suteikia modern\u0173, eleganti\u0161k\u0105 vaizd\u0105, tinkant\u012f \u012fmoni\u0173 aplinkai.<\/li>\n<li><b>Kompakti\u0161ki matmenys:<\/b> Matmenys 6,8 x 3,4 cm, kad b\u016bt\u0173 ai\u0161kus matomumas, ta\u010diau jis neb\u016bt\u0173 nepatogus.<\/li>\n<\/ul>","protected":false},"excerpt":{"rendered":"<ul>\n<li>Profesionalus blizgus pavir\u0161ius, suteikiantis modern\u0173 \u012fmon\u0117s \u012fvaizd\u012f.<\/li>\n<li>Universalus dvigubas u\u017esegimas: turi ir metalin\u012f segtuk\u0105, ir apsaugin\u012f smeigtuk\u0105.<\/li>\n<li>Daugkartinio naudojimo langelio dizainas, kad b\u016bt\u0173 lengva \u012fd\u0117ti vardines korteles.<\/li>\n<li>Idealiai tinka dideliems pirkimams renginiams, darbuotojams ir prekybos parodoms.<\/li>\n<\/ul>","protected":false},"featured_media":5293,"comment_status":"closed","ping_status":"closed","template":"","meta":[],"product_brand":[],"product_cat":[91],"product_tag":[],"class_list":{"0":"post-5292","1":"product","2":"type-product","3":"status-publish","4":"has-post-thumbnail","6":"product_cat-badge-holders","8":"first","9":"instock","10":"shipping-taxable","11":"purchasable","12":"product-type-simple"},"_links":{"self":[{"href":"https:\/\/displayproducts.eu\/lt\/wp-json\/wp\/v2\/product\/5292","targetHints":{"allow":["GET"]}}],"collection":[{"href":"https:\/\/displayproducts.eu\/lt\/wp-json\/wp\/v2\/product"}],"about":[{"href":"https:\/\/displayproducts.eu\/lt\/wp-json\/wp\/v2\/types\/product"}],"replies":[{"embeddable":true,"href":"https:\/\/displayproducts.eu\/lt\/wp-json\/wp\/v2\/comments?post=5292"}],"wp:featuredmedia":[{"embeddable":true,"href":"https:\/\/displayproducts.eu\/lt\/wp-json\/wp\/v2\/media\/5293"}],"wp:attachment":[{"href":"https:\/\/displayproducts.eu\/lt\/wp-json\/wp\/v2\/media?parent=5292"}],"wp:term":[{"taxonomy":"product_brand","embeddable":true,"href":"https:\/\/displayproducts.eu\/lt\/wp-json\/wp\/v2\/product_brand?post=5292"},{"taxonomy":"product_cat","embeddable":true,"href":"https:\/\/displayproducts.eu\/lt\/wp-json\/wp\/v2\/product_cat?post=5292"},{"taxonomy":"product_tag","embeddable":true,"href":"https:\/\/displayproducts.eu\/lt\/wp-json\/wp\/v2\/product_tag?post=5292"}],"curies":[{"name":"wp","href":"https:\/\/api.w.org\/{rel}","templated":true}]}}