{"id":5288,"date":"2025-10-24T12:36:41","date_gmt":"2025-10-24T09:36:41","guid":{"rendered":"https:\/\/wristbandfactory.eu\/?post_type=product&#038;p=5288"},"modified":"2026-04-01T21:52:35","modified_gmt":"2026-04-01T18:52:35","slug":"aluminium-name-badges-with-clip-and-pin","status":"publish","type":"product","link":"https:\/\/displayproducts.eu\/lt\/p\/aluminium-name-badges-with-clip-and-pin\/","title":{"rendered":"Aliuminio vardiniai \u017eenkleliai su segtuku ir smeigtuku"},"content":{"rendered":"<p>U\u017etikrinkite profesional\u0173 ir nuosekl\u0173 darbuotoj\u0173 identifikavim\u0105 \u012fmoni\u0173 renginiuose, parodose ir biure su \u0161iais daugkartinio naudojimo aliuminio vardiniais \u017eenkleliais. Eleganti\u0161kas, anoduotas aliuminio r\u0117mas suteikia patvar\u0173 ir auk\u0161\u010diausios kokyb\u0117s apdail\u0105, kuri pagerina j\u016bs\u0173 \u012fmon\u0117s \u012fvaizd\u012f.<\/p>\n<p>\u0160ios vardin\u0117s kortel\u0117s sukurtos lankstumui u\u017etikrinti, jos leid\u017eia greitai ir lengvai pakeisti popierinius \u012fd\u0117klus, tod\u0117l puikiai tinka laikiniesiems darbuotojams, konferencij\u0173 dalyviams ar \u012fmon\u0117ms, kuriose didel\u0117 darbuotoj\u0173 kaita. Galin\u0117je pus\u0117je yra tvirtas, dvigubos paskirties tvirtinimas su segtuku ir smeigtuku, suteikiantis vartotojams galimyb\u0119 pasirinkti, kaip saugiai pritvirtinti \u017eenklel\u012f prie bet kokio drabu\u017eio. \u0160is universalus ir ekonomi\u0161kas sprendimas tiekiamas urmu, kad patenkint\u0173 visus j\u016bs\u0173 identifikavimo poreikius.<\/p>\n<p><b>Pagrindin\u0117s savyb\u0117s:<\/b><\/p>\n<ul>\n<li><b>Patvarus aliuminio r\u0117mas:<\/b> Pasi\u017eymi auk\u0161tos kokyb\u0117s anoduota apdaila, u\u017etikrinan\u010dia profesionali\u0105 ir ilgalaik\u0119 i\u0161vaizd\u0105.<\/li>\n<li><b>Dviguba tvirtinimo sistema:<\/b> Pridedamas ir segtukas, ir smeigtukas gale, kad b\u016bt\u0173 galima universaliai ir saugiai pritvirtinti prie bet koki\u0173 drabu\u017ei\u0173.<\/li>\n<li><b>Daugkartinio naudojimo ir ekonomi\u0161kas:<\/b> Skirta standartiniams popieriniams \u012fd\u0117klams (nepridedami), kad b\u016bt\u0173 lengva atnaujinti informacij\u0105 naujiems darbuotojams ar renginiams.<\/li>\n<li><b>Eleganti\u0161ki matmenys:<\/b> 70 x 25 mm matmenys, tod\u0117l vardas ir pavard\u0117 rodomi ai\u0161kiai ir netrukdydami.<\/li>\n<\/ul>","protected":false},"excerpt":{"rendered":"<ul>\n<li>Profesionalus anoduoto aliuminio r\u0117mas, suteikiantis i\u0161skirtin\u0119 i\u0161vaizd\u0105.<\/li>\n<li>Universalus dvigubas spaustukas ir kai\u0161\u010dio tvirtinimas saugiam tvirtinimui.<\/li>\n<li>Daugkartinio naudojimo dizainas: tiesiog atsispausdinkite ir \u012fd\u0117kite naujas vardines korteles.<\/li>\n<li>Idealiai tinka dideliems u\u017esakymams \u012fmoni\u0173 darbuotojams, renginiams ir prekybos parodoms.<\/li>\n<\/ul>","protected":false},"featured_media":5289,"comment_status":"closed","ping_status":"closed","template":"","meta":[],"product_brand":[],"product_cat":[91],"product_tag":[],"class_list":{"0":"post-5288","1":"product","2":"type-product","3":"status-publish","4":"has-post-thumbnail","6":"product_cat-badge-holders","8":"first","9":"instock","10":"shipping-taxable","11":"purchasable","12":"product-type-simple"},"_links":{"self":[{"href":"https:\/\/displayproducts.eu\/lt\/wp-json\/wp\/v2\/product\/5288","targetHints":{"allow":["GET"]}}],"collection":[{"href":"https:\/\/displayproducts.eu\/lt\/wp-json\/wp\/v2\/product"}],"about":[{"href":"https:\/\/displayproducts.eu\/lt\/wp-json\/wp\/v2\/types\/product"}],"replies":[{"embeddable":true,"href":"https:\/\/displayproducts.eu\/lt\/wp-json\/wp\/v2\/comments?post=5288"}],"wp:featuredmedia":[{"embeddable":true,"href":"https:\/\/displayproducts.eu\/lt\/wp-json\/wp\/v2\/media\/5289"}],"wp:attachment":[{"href":"https:\/\/displayproducts.eu\/lt\/wp-json\/wp\/v2\/media?parent=5288"}],"wp:term":[{"taxonomy":"product_brand","embeddable":true,"href":"https:\/\/displayproducts.eu\/lt\/wp-json\/wp\/v2\/product_brand?post=5288"},{"taxonomy":"product_cat","embeddable":true,"href":"https:\/\/displayproducts.eu\/lt\/wp-json\/wp\/v2\/product_cat?post=5288"},{"taxonomy":"product_tag","embeddable":true,"href":"https:\/\/displayproducts.eu\/lt\/wp-json\/wp\/v2\/product_tag?post=5288"}],"curies":[{"name":"wp","href":"https:\/\/api.w.org\/{rel}","templated":true}]}}