{"id":5279,"date":"2025-10-23T23:25:16","date_gmt":"2025-10-23T20:25:16","guid":{"rendered":"https:\/\/wristbandfactory.eu\/?post_type=product&#038;p=5279"},"modified":"2026-04-01T21:52:35","modified_gmt":"2026-04-01T18:52:35","slug":"extendable-id-holder-with-carabiner","status":"publish","type":"product","link":"https:\/\/displayproducts.eu\/lt\/p\/extendable-id-holder-with-carabiner\/","title":{"rendered":"I\u0161traukiamas asmens dokumento laikiklis su karabinu"},"content":{"rendered":"<p>Supaprastinkite prieigos kontrol\u0119 ir padidinkite saugum\u0105 savo darbo vietoje, konferencijoje ar prekybos parodoje. M\u016bs\u0173 i\u0161traukiamas ID d\u0117klas u\u017etikrina, kad \u012fgaliojimai visada b\u016bt\u0173 po ranka ir netrukdyt\u0173, tod\u0117l tai profesionalus sprendimas darbuotojams ir dalyviams.<\/p>\n<p>\u0160is laikiklis pasi\u017eymi glaustu, funkcionaliu dizainu ir tvirtu metaliniu karabinu, kuris saugiai pritvirtinamas prie dir\u017eo kilp\u0173, virveli\u0173 ar krep\u0161i\u0173. 75 cm i\u0161traukiamas mechanizmas leid\u017eia skland\u017eiai j\u012f \u012ftraukti, tod\u0117l lengva nuskaityti asmens tapatyb\u0117s korteles prieigos ta\u0161kuose.<\/p>\n<p>ID kortel\u0117s arba \u017eenklelio d\u0117kl\u0105 galima u\u017esegti sag\u0173 u\u017esegimu. D\u0117l didelio 20 x 20 mm spausdinimo ploto \u0161is ID d\u0117klas puikiai tinka suasmeninimui su \u012fmon\u0117s logotipu naudojant tamponin\u0119 spaud\u0105 (iki 4 spalv\u0173), taip sustiprinant prek\u0117s \u017eenklo identitet\u0105 visuose \u012fmon\u0117s renginiuose.<\/p>\n<p><b>Pagrindin\u0117s savyb\u0117s:<\/b><\/p>\n<ul>\n<li>I\u0161traukiamas mechanizmas iki 75 cm<\/li>\n<li>Patvarus metalinis karabino spaustukas<\/li>\n<li>Saugus mygtuk\u0173 u\u017esegimas asmens tapatyb\u0117s kortelei pritvirtinti<\/li>\n<li>Platus spausdinimo plotas (20 x 20 mm)<\/li>\n<li>Idealiai tinka tampografijai (iki 4 spalv\u0173)<\/li>\n<\/ul>","protected":false},"excerpt":{"rendered":"<ul>\n<li>Saugiai ir lengvai pasiekiamai saugo darbuotoj\u0173 ID korteles.<\/li>\n<li>Turi tvirt\u0105 metalin\u012f karabin\u0105, kad b\u016bt\u0173 lengva pritvirtinti prie dir\u017eo ar krep\u0161io.<\/li>\n<li>75 cm i\u0161traukiamas laidas greitam \u017eenkleli\u0173 nuskaitymui.<\/li>\n<li>Platus 20 \u00d7 20 mm plotas j\u016bs\u0173 logotipo tamponiniam spausdinimui.<\/li>\n<\/ul>","protected":false},"featured_media":5280,"comment_status":"closed","ping_status":"closed","template":"","meta":[],"product_brand":[],"product_cat":[91],"product_tag":[],"class_list":{"0":"post-5279","1":"product","2":"type-product","3":"status-publish","4":"has-post-thumbnail","6":"product_cat-badge-holders","8":"first","9":"instock","10":"shipping-taxable","11":"purchasable","12":"product-type-simple"},"_links":{"self":[{"href":"https:\/\/displayproducts.eu\/lt\/wp-json\/wp\/v2\/product\/5279","targetHints":{"allow":["GET"]}}],"collection":[{"href":"https:\/\/displayproducts.eu\/lt\/wp-json\/wp\/v2\/product"}],"about":[{"href":"https:\/\/displayproducts.eu\/lt\/wp-json\/wp\/v2\/types\/product"}],"replies":[{"embeddable":true,"href":"https:\/\/displayproducts.eu\/lt\/wp-json\/wp\/v2\/comments?post=5279"}],"wp:featuredmedia":[{"embeddable":true,"href":"https:\/\/displayproducts.eu\/lt\/wp-json\/wp\/v2\/media\/5280"}],"wp:attachment":[{"href":"https:\/\/displayproducts.eu\/lt\/wp-json\/wp\/v2\/media?parent=5279"}],"wp:term":[{"taxonomy":"product_brand","embeddable":true,"href":"https:\/\/displayproducts.eu\/lt\/wp-json\/wp\/v2\/product_brand?post=5279"},{"taxonomy":"product_cat","embeddable":true,"href":"https:\/\/displayproducts.eu\/lt\/wp-json\/wp\/v2\/product_cat?post=5279"},{"taxonomy":"product_tag","embeddable":true,"href":"https:\/\/displayproducts.eu\/lt\/wp-json\/wp\/v2\/product_tag?post=5279"}],"curies":[{"name":"wp","href":"https:\/\/api.w.org\/{rel}","templated":true}]}}