{"id":5272,"date":"2025-10-23T23:21:35","date_gmt":"2025-10-23T20:21:35","guid":{"rendered":"https:\/\/wristbandfactory.eu\/?post_type=product&#038;p=5272"},"modified":"2026-04-01T21:52:03","modified_gmt":"2026-04-01T18:52:03","slug":"promotional-hand-clappers","status":"publish","type":"product","link":"https:\/\/displayproducts.eu\/lt\/p\/promotional-hand-clappers\/","title":{"rendered":"Reklaminiai rank\u0173 plok\u0161tuvai"},"content":{"rendered":"<p>U\u017etikrinkite, kad j\u016bs\u0173 prek\u0117s \u017eenklas i\u0161siskirt\u0173 bet kuriame stadione ar \u012fmon\u0117s renginyje su m\u016bs\u0173 reklaminiais plok\u0161tel\u0117jimais rankomis. \u0160is \u201cMaracan\u00e1\u201d dizainas sukurtas taip, kad sukurt\u0173 tiek garsin\u012f, tiek vaizdin\u012f \u012fsitraukim\u0105, i\u0161spr\u0119sdamas pasyvi\u0173 rengini\u0173 reklamos problem\u0105.<\/p>\n<p>\u0160is rankos formos plok\u0161tainis \u2013 tai smagus ir interaktyvus b\u016bdas dalyviams i\u0161reik\u0161ti palaikym\u0105 ir sukelti triuk\u0161m\u0105. Galima rinktis i\u0161 \u012fvairi\u0173 ry\u0161ki\u0173 spalv\u0173, jis yra lengvas (20 g) ir puikaus dyd\u017eio (8,5 x 18,5 x 2 cm), kad j\u012f lengvai ne\u0161iot\u0173 didel\u0117s minios \u017emoni\u0173. Tai puikus ir nebrangus pasirinkimas dideliems kiekiams platinti festivaliuose, prekybos parodose ar sporto var\u017eybose, siekiant maksimaliai padidinti prek\u0117s \u017eenklo poveik\u012f.<\/p>\n<p><b>Pagrindin\u0117s savyb\u0117s:<\/b><\/p>\n<ul>\n<li>Rankos formos plok\u0161tel\u0117jimas garsiam minios \u012ftraukimui<\/li>\n<li>\u201cMaracan\u00e1\u201d dizainas sporto ir rengini\u0173 temoms<\/li>\n<li>Galima rinktis i\u0161 \u012fvairi\u0173 ry\u0161ki\u0173, gerai matom\u0173 spalv\u0173<\/li>\n<li>Lengvas ir kompakti\u0161kas: 8,5 x 18,5 x 2 cm, 20 g<\/li>\n<li>Idealiai tinka dideliems reklaminiams dovan\u0173 rinkiniams<\/li>\n<\/ul>","protected":false},"excerpt":{"rendered":"<ul>\n<li>Sukurkite minios triuk\u0161m\u0105 ir padidinkite prek\u0117s \u017eenklo matomum\u0105 sporto renginiuose ar mitinguose.<\/li>\n<li>Pasi\u017eymi linksmu, ry\u0161kiaspalviu \u201cMaracan\u00e1\u201d rank\u0173 dizainu.<\/li>\n<li>Lengvas (20 g) ir kompakti\u0161kas (18,5 cm), kad b\u016bt\u0173 lengvas mas\u0117s paskirstymas.<\/li>\n<li>Idealus nebrangus, didelio poveikio reklaminis elementas dideliems u\u017esakymams.<\/li>\n<\/ul>","protected":false},"featured_media":6584,"comment_status":"closed","ping_status":"closed","template":"","meta":[],"product_brand":[],"product_cat":[123],"product_tag":[],"class_list":{"0":"post-5272","1":"product","2":"type-product","3":"status-publish","4":"has-post-thumbnail","6":"product_cat-fan-cheering-items","8":"first","9":"instock","10":"shipping-taxable","11":"purchasable","12":"product-type-simple"},"_links":{"self":[{"href":"https:\/\/displayproducts.eu\/lt\/wp-json\/wp\/v2\/product\/5272","targetHints":{"allow":["GET"]}}],"collection":[{"href":"https:\/\/displayproducts.eu\/lt\/wp-json\/wp\/v2\/product"}],"about":[{"href":"https:\/\/displayproducts.eu\/lt\/wp-json\/wp\/v2\/types\/product"}],"replies":[{"embeddable":true,"href":"https:\/\/displayproducts.eu\/lt\/wp-json\/wp\/v2\/comments?post=5272"}],"wp:featuredmedia":[{"embeddable":true,"href":"https:\/\/displayproducts.eu\/lt\/wp-json\/wp\/v2\/media\/6584"}],"wp:attachment":[{"href":"https:\/\/displayproducts.eu\/lt\/wp-json\/wp\/v2\/media?parent=5272"}],"wp:term":[{"taxonomy":"product_brand","embeddable":true,"href":"https:\/\/displayproducts.eu\/lt\/wp-json\/wp\/v2\/product_brand?post=5272"},{"taxonomy":"product_cat","embeddable":true,"href":"https:\/\/displayproducts.eu\/lt\/wp-json\/wp\/v2\/product_cat?post=5272"},{"taxonomy":"product_tag","embeddable":true,"href":"https:\/\/displayproducts.eu\/lt\/wp-json\/wp\/v2\/product_tag?post=5272"}],"curies":[{"name":"wp","href":"https:\/\/api.w.org\/{rel}","templated":true}]}}