{"id":5265,"date":"2025-10-23T23:14:21","date_gmt":"2025-10-23T20:14:21","guid":{"rendered":"https:\/\/wristbandfactory.eu\/?post_type=product&#038;p=5265"},"modified":"2026-04-01T21:52:04","modified_gmt":"2026-04-01T18:52:04","slug":"inflatable-victory-hand-reusable","status":"publish","type":"product","link":"https:\/\/displayproducts.eu\/lt\/p\/inflatable-victory-hand-reusable\/","title":{"rendered":"Pripu\u010diama pergal\u0117s ranka (daugkartinio naudojimo)"},"content":{"rendered":"<p>Tegul j\u016bs\u0173 prek\u0117s \u017eenklas b\u016bna matomas, o j\u016bs\u0173 \u017einut\u0117 i\u0161girsta su m\u016bs\u0173 pripu\u010diama Pergal\u0117s ranka. \u0160i \u012ftraukianti reklamin\u0117 priemon\u0117 puikiai tinka norint \u012fkv\u0117pti minias sporto renginiuose, \u012fmoni\u0173 komandos formavimo renginiuose ar didel\u0117se prekybos parodose. U\u017etikrinkite, kad j\u016bs\u0173 prek\u0117s \u017eenklas b\u016bt\u0173 \u0161vent\u0117s centre.<\/p>\n<p>Pagaminta i\u0161 atsparios, spalvingos LDPE med\u017eiagos, \u0161i palaikymo ranka sukurta taip, kad tarnaut\u0173 bet kokiame renginyje. Skirtingai nuo vienkartinio naudojimo daikt\u0173, ji yra visi\u0161kai daugkartinio naudojimo ir turi patog\u0173 prip\u016btimo vo\u017etuv\u0105, u\u017etikrinant\u012f ilgalaik\u012f prek\u0117s \u017eenklo matomum\u0105. Tai lengvas, gerai matomas produktas, puikiai tinkantis dideliems kiekiams platinti, siekiant maksimaliai padidinti auditorijos \u012fsitraukim\u0105.<\/p>\n<p><b>Pagrindin\u0117s savyb\u0117s:<\/b><\/p>\n<ul>\n<li>Patvari, spalvinga LDPE med\u017eiaga<\/li>\n<li>Ikonin\u0117 \u201cPergal\u0117s\u201d rankos forma<\/li>\n<li>Visi\u0161kai daugkartinio naudojimo ilgalaikei reklamai<\/li>\n<li>Yra patogus prip\u016btimo vo\u017etuvas<\/li>\n<\/ul>","protected":false},"excerpt":{"rendered":"<ul>\n<li>Sustiprinkite savo prek\u0117s \u017eenkl\u0105 sporto renginiuose, prekybos parodose ir raliuose.<\/li>\n<li>Pagaminta i\u0161 patvarios ir daugkartinio naudojimo LDPE med\u017eiagos.<\/li>\n<li>Turi paprastai naudojam\u0105 prip\u016btimo vo\u017etuv\u0105.<\/li>\n<li>Idealiai tinka dideliems u\u017esakymams, siekiant maksimaliai padidinti minios dalyvavim\u0105 ir prek\u0117s \u017eenklo matomum\u0105.<\/li>\n<\/ul>\n<p>&nbsp;<\/p>","protected":false},"featured_media":6529,"comment_status":"closed","ping_status":"closed","template":"","meta":[],"product_brand":[],"product_cat":[123],"product_tag":[],"class_list":{"0":"post-5265","1":"product","2":"type-product","3":"status-publish","4":"has-post-thumbnail","6":"product_cat-fan-cheering-items","8":"first","9":"instock","10":"shipping-taxable","11":"purchasable","12":"product-type-simple"},"_links":{"self":[{"href":"https:\/\/displayproducts.eu\/lt\/wp-json\/wp\/v2\/product\/5265","targetHints":{"allow":["GET"]}}],"collection":[{"href":"https:\/\/displayproducts.eu\/lt\/wp-json\/wp\/v2\/product"}],"about":[{"href":"https:\/\/displayproducts.eu\/lt\/wp-json\/wp\/v2\/types\/product"}],"replies":[{"embeddable":true,"href":"https:\/\/displayproducts.eu\/lt\/wp-json\/wp\/v2\/comments?post=5265"}],"wp:featuredmedia":[{"embeddable":true,"href":"https:\/\/displayproducts.eu\/lt\/wp-json\/wp\/v2\/media\/6529"}],"wp:attachment":[{"href":"https:\/\/displayproducts.eu\/lt\/wp-json\/wp\/v2\/media?parent=5265"}],"wp:term":[{"taxonomy":"product_brand","embeddable":true,"href":"https:\/\/displayproducts.eu\/lt\/wp-json\/wp\/v2\/product_brand?post=5265"},{"taxonomy":"product_cat","embeddable":true,"href":"https:\/\/displayproducts.eu\/lt\/wp-json\/wp\/v2\/product_cat?post=5265"},{"taxonomy":"product_tag","embeddable":true,"href":"https:\/\/displayproducts.eu\/lt\/wp-json\/wp\/v2\/product_tag?post=5265"}],"curies":[{"name":"wp","href":"https:\/\/api.w.org\/{rel}","templated":true}]}}