{"id":5260,"date":"2025-10-23T23:07:40","date_gmt":"2025-10-23T20:07:40","guid":{"rendered":"https:\/\/wristbandfactory.eu\/?post_type=product&#038;p=5260"},"modified":"2026-04-01T21:52:04","modified_gmt":"2026-04-01T18:52:04","slug":"promotional-hawaiian-necklaces-polyester","status":"publish","type":"product","link":"https:\/\/displayproducts.eu\/lt\/p\/promotional-hawaiian-necklaces-polyester\/","title":{"rendered":"Reklaminiai Havaj\u0173 karoliai (poliesteris)"},"content":{"rendered":"<p>Su m\u016bs\u0173 reklaminiais havajieti\u0161kais v\u0117riniais galite pranokti standartinius rengini\u0173 aksesuarus. \u0160ie poliesterio lei v\u0117riniai yra puikus ir nebrangus sprendimas norint vasaros reklamoms, festivaliams ar tropin\u0117s tematikos \u012fmoni\u0173 renginiams suteikti ry\u0161k\u0173, temin\u012f prek\u0117s \u017eenkl\u0105, u\u017etikrinant, kad j\u016bs\u0173 renginys b\u016bt\u0173 \u012fsimintinas.<\/p>\n<p>Kiekvienas lei v\u0117rinys, sukurtas patogumui ir geram matomumui, pagamintas i\u0161 mink\u0161tos, lengvos poliesterio med\u017eiagos. Patvarus, \u012fvairiaspalvis vaivoryk\u0161t\u0117s dizainas suteikia \u0161ventin\u0119 i\u0161vaizd\u0105, kuri neapsunkins sve\u010di\u0173. Tai idealus pasirinkimas rengini\u0173 organizatoriams, kuriems reikia didelio kiekio temini\u0173 aksesuar\u0173 papl\u016bdimio vakar\u0117liams, prekybos parodoms ar didelio masto \u0161vent\u0117ms.<\/p>\n<p><b>Pagrindin\u0117s savyb\u0117s:<\/b><\/p>\n<ul>\n<li>Pagaminta i\u0161 mink\u0161tos, lengvos poliesterio med\u017eiagos<\/li>\n<li>Ry\u0161kus, \u012fvairiaspalvis vaivoryk\u0161t\u0117s g\u0117li\u0173 dizainas<\/li>\n<li>Patogu d\u0117v\u0117ti vis\u0105 dien\u0105 renginiuose<\/li>\n<li>Idealiai tinka teminiams vakar\u0117liams, festivaliams ir reklamin\u0117ms akcijoms<\/li>\n<li>Tiekiama dideliais kiekiais dideliems u\u017esakymams<\/li>\n<\/ul>\n<p>&nbsp;<\/p>","protected":false},"excerpt":{"rendered":"<ul>\n<li>Akimirksniu pagyvinkite \u012fmoni\u0173 vakar\u0117lius, prekybos parodas ar festivalius.<\/li>\n<li>Pasi\u017eymi ry\u0161kiu, \u012fvairiaspalviu vaivoryk\u0161t\u0117s spalvos poliesterio g\u0117li\u0173 dizainu.<\/li>\n<li>Lengvas ir patogus d\u0117v\u0117ti vis\u0105 dien\u0105 dalyviams.<\/li>\n<li>Dideliais kiekiais galima \u012fsigyti dideliems renginiams.<\/li>\n<li style=\"list-style-type: none;\"><\/li>\n<\/ul>","protected":false},"featured_media":6663,"comment_status":"closed","ping_status":"closed","template":"","meta":[],"product_brand":[],"product_cat":[129,120],"product_tag":[],"class_list":{"0":"post-5260","1":"product","2":"type-product","3":"status-publish","4":"has-post-thumbnail","6":"product_cat-leisure-lifestyle","7":"product_cat-themed-necklaces","9":"first","10":"instock","11":"shipping-taxable","12":"purchasable","13":"product-type-simple"},"_links":{"self":[{"href":"https:\/\/displayproducts.eu\/lt\/wp-json\/wp\/v2\/product\/5260","targetHints":{"allow":["GET"]}}],"collection":[{"href":"https:\/\/displayproducts.eu\/lt\/wp-json\/wp\/v2\/product"}],"about":[{"href":"https:\/\/displayproducts.eu\/lt\/wp-json\/wp\/v2\/types\/product"}],"replies":[{"embeddable":true,"href":"https:\/\/displayproducts.eu\/lt\/wp-json\/wp\/v2\/comments?post=5260"}],"wp:featuredmedia":[{"embeddable":true,"href":"https:\/\/displayproducts.eu\/lt\/wp-json\/wp\/v2\/media\/6663"}],"wp:attachment":[{"href":"https:\/\/displayproducts.eu\/lt\/wp-json\/wp\/v2\/media?parent=5260"}],"wp:term":[{"taxonomy":"product_brand","embeddable":true,"href":"https:\/\/displayproducts.eu\/lt\/wp-json\/wp\/v2\/product_brand?post=5260"},{"taxonomy":"product_cat","embeddable":true,"href":"https:\/\/displayproducts.eu\/lt\/wp-json\/wp\/v2\/product_cat?post=5260"},{"taxonomy":"product_tag","embeddable":true,"href":"https:\/\/displayproducts.eu\/lt\/wp-json\/wp\/v2\/product_tag?post=5260"}],"curies":[{"name":"wp","href":"https:\/\/api.w.org\/{rel}","templated":true}]}}