{"id":5256,"date":"2025-10-23T16:41:54","date_gmt":"2025-10-23T13:41:54","guid":{"rendered":"https:\/\/wristbandfactory.eu\/?post_type=product&#038;p=5256"},"modified":"2026-04-01T21:52:04","modified_gmt":"2026-04-01T18:52:04","slug":"led-promotional-coasters-3-mode","status":"publish","type":"product","link":"https:\/\/displayproducts.eu\/lt\/p\/led-promotional-coasters-3-mode\/","title":{"rendered":"LED reklaminiai pad\u0117kliukai (3 re\u017eimai)"},"content":{"rendered":"<p>Standartiniai pad\u0117kliukai lengvai ignoruojami. M\u016bs\u0173 reklaminiai LED g\u0117rim\u0173 pad\u0117kliukai kiekvien\u0105 stal\u0105 paver\u010dia \u0161vie\u010dian\u010dia reklama, pritraukian\u010dia d\u0117mes\u012f \u012fmoni\u0173 renginiuose, prekybos parodose ir remiamuose naktinio gyvenimo renginiuose.<\/p>\n<p>\u0160ie pad\u0117kliukai pagaminti i\u0161 patvaraus akrilo ir turi 6 ry\u0161kius \u012fvairiaspalvius \u0161viesos diodus. Be spaudos mygtukas ant pagrindo perjungia tris skirtingas ap\u0161vietimo pad\u0117tis: pastov\u0173 \u0161vyt\u0117jim\u0105, l\u0117t\u0105 mirks\u0117jim\u0105 ir greit\u0105 mirks\u0117jim\u0105, u\u017etikrinant, kad j\u016bs\u0173 asmeninis prek\u0117s \u017eenklas likt\u0173 matomas.<\/p>\n<p>Kiekvienas pad\u0117kliukas turi lipni\u0105 pagrind\u0105, tod\u0117l j\u012f galima tvirtai pritvirtinti prie bet kurios stiklin\u0117s ar butelio dugno. Jie atkeliauja paruo\u0161ti nedelsiant naudoti j\u016bs\u0173 renginyje, kartu su dviem sagos formos baterijomis. \u0160ie \u0161vie\u010diantys pad\u0117kliukai idealiai tinka dideliems kiekiams platinti, siekiant padidinti prek\u0117s \u017eenklo matomum\u0105.<\/p>\n<p><b>Pagrindin\u0117s savyb\u0117s:<\/b><\/p>\n<ul>\n<li>6 daugiaspalviai \u0161viesos diodai ry\u0161kiam ap\u0161vietimui<\/li>\n<li>3 \u0161viesos re\u017eimai: fiksuotas, l\u0117tas mirks\u0117jimas ir greitas mirks\u0117jimas<\/li>\n<li>Lipnus pagrindas, kad b\u016bt\u0173 lengva pritvirtinti prie g\u0117rim\u0173 tauri\u0173<\/li>\n<li>Patvari akrilo konstrukcija<\/li>\n<li>Valdoma paprastu pagrindo mygtuku<\/li>\n<li>Pridedamos 2 sagos formos baterijos<\/li>\n<\/ul>","protected":false},"excerpt":{"rendered":"<ul>\n<li>I\u0161ry\u0161kinkite savo prek\u0117s \u017eenkl\u0105 produkt\u0173 pristatymuose, parodose ar festivaliuose.<\/li>\n<li>Turi 3 daugiaspalvius \u0161viesos re\u017eimus: fiksuot\u0105, greit\u0105 mirks\u0117jim\u0105 ir l\u0117t\u0105 mirks\u0117jim\u0105.<\/li>\n<li>Lipnus pagrindas limpa tiesiai prie stiklini\u0173 ar buteli\u0173 pagrindo.<\/li>\n<li>Tiekiamas paruo\u0161tas naudoti su dviem mygtukin\u0117mis baterijomis.<\/li>\n<\/ul>","protected":false},"featured_media":6543,"comment_status":"closed","ping_status":"closed","template":"","meta":[],"product_brand":[],"product_cat":[119],"product_tag":[],"class_list":{"0":"post-5256","1":"product","2":"type-product","3":"status-publish","4":"has-post-thumbnail","6":"product_cat-drinkware-accessories","8":"first","9":"instock","10":"shipping-taxable","11":"purchasable","12":"product-type-simple"},"_links":{"self":[{"href":"https:\/\/displayproducts.eu\/lt\/wp-json\/wp\/v2\/product\/5256","targetHints":{"allow":["GET"]}}],"collection":[{"href":"https:\/\/displayproducts.eu\/lt\/wp-json\/wp\/v2\/product"}],"about":[{"href":"https:\/\/displayproducts.eu\/lt\/wp-json\/wp\/v2\/types\/product"}],"replies":[{"embeddable":true,"href":"https:\/\/displayproducts.eu\/lt\/wp-json\/wp\/v2\/comments?post=5256"}],"wp:featuredmedia":[{"embeddable":true,"href":"https:\/\/displayproducts.eu\/lt\/wp-json\/wp\/v2\/media\/6543"}],"wp:attachment":[{"href":"https:\/\/displayproducts.eu\/lt\/wp-json\/wp\/v2\/media?parent=5256"}],"wp:term":[{"taxonomy":"product_brand","embeddable":true,"href":"https:\/\/displayproducts.eu\/lt\/wp-json\/wp\/v2\/product_brand?post=5256"},{"taxonomy":"product_cat","embeddable":true,"href":"https:\/\/displayproducts.eu\/lt\/wp-json\/wp\/v2\/product_cat?post=5256"},{"taxonomy":"product_tag","embeddable":true,"href":"https:\/\/displayproducts.eu\/lt\/wp-json\/wp\/v2\/product_tag?post=5256"}],"curies":[{"name":"wp","href":"https:\/\/api.w.org\/{rel}","templated":true}]}}