{"id":5254,"date":"2025-10-23T16:34:48","date_gmt":"2025-10-23T13:34:48","guid":{"rendered":"https:\/\/wristbandfactory.eu\/?post_type=product&#038;p=5254"},"modified":"2026-04-01T21:52:04","modified_gmt":"2026-04-01T18:52:04","slug":"promotional-led-event-cups-340ml","status":"publish","type":"product","link":"https:\/\/displayproducts.eu\/lt\/p\/promotional-led-event-cups-340ml\/","title":{"rendered":"Reklaminiai LED rengini\u0173 puodeliai (340 ml)"},"content":{"rendered":"<p>Paverskite savo kit\u0105 \u012fmon\u0117s rengin\u012f, festival\u012f ar produkto pristatym\u0105 i\u0161 \u012fprasto \u012f nepamir\u0161tam\u0105. M\u016bs\u0173 LED rengini\u0173 puodeliai yra dinami\u0161kas prek\u0117s \u017eenklo k\u016brimo \u012frankis, skirtas patraukti d\u0117mes\u012f ir ap\u0161viesti j\u016bs\u0173 logotip\u0105, u\u017etikrinant, kad j\u016bs\u0173 prek\u0117s \u017eenklas b\u016bt\u0173 \u0161vent\u0117s centre.<\/p>\n<p>\u0160ie 340 ml puodeliai, pagaminti i\u0161 patvarios PS med\u017eiagos, turi \u012fmontuotas daugiaspalves LED lemputes, \u012fjungiamas paprastu mygtuku apa\u010dioje. Pasirinkite fiksuot\u0105 arba mirksint\u012f re\u017eim\u0105, kad atitikt\u0173 j\u016bs\u0173 renginio energij\u0105. Tai puikus, didelio poveikio reklaminis elementas koncertams, naktiniams klubams, prekybos parodoms ir privatiems vakar\u0117liams, si\u016blantis unikal\u0173 b\u016bd\u0105 patiekti g\u0117rimus ir pristatyti savo prek\u0117s \u017eenkl\u0105. Kiekvienas puodelis yra su baterijomis ir atskirai supakuotas \u012f kartonin\u0119 d\u0117\u017eut\u0119, paruo\u0161t\u0105 platinimui.<\/p>\n<p><b>Pagrindin\u0117s savyb\u0117s:<\/b><\/p>\n<ul>\n<li>Talpa: 340 ml<\/li>\n<li>Med\u017eiaga: PS plastikas<\/li>\n<li>Ap\u0161vietimas: Daugiaspalviai LED su 2 re\u017eimais (fiksuotas ir mirksintis)<\/li>\n<li>Aktyvinimas: mygtukas ant pagrindo<\/li>\n<li>Maitinimas: Pridedamos mygtukin\u0117s baterijos<\/li>\n<li>Pakuot\u0117: Atskirai supakuota \u012f kraft dizaino d\u0117\u017eut\u0119<\/li>\n<\/ul>\n<p>&nbsp;<\/p>","protected":false},"excerpt":{"rendered":"<ul>\n<li>Ap\u0161vieskite savo prek\u0117s \u017eenkl\u0105 \u012fmoni\u0173 renginiuose ir festivaliuose.<\/li>\n<li>Turi fiksuotus ir mirksin\u010dius daugiaspalvius LED re\u017eimus.<\/li>\n<li>Patvarios PS med\u017eiagos (340 ml); pridedamos baterijos.<\/li>\n<li>Tiekiama urmu paruo\u0161tose individualiose kraft d\u0117\u017e\u0117se.<\/li>\n<\/ul>","protected":false},"featured_media":6590,"comment_status":"closed","ping_status":"closed","template":"","meta":[],"product_brand":[],"product_cat":[111],"product_tag":[],"class_list":{"0":"post-5254","1":"product","2":"type-product","3":"status-publish","4":"has-post-thumbnail","6":"product_cat-reusable-event-cups","8":"first","9":"instock","10":"shipping-taxable","11":"product-type-simple"},"_links":{"self":[{"href":"https:\/\/displayproducts.eu\/lt\/wp-json\/wp\/v2\/product\/5254","targetHints":{"allow":["GET"]}}],"collection":[{"href":"https:\/\/displayproducts.eu\/lt\/wp-json\/wp\/v2\/product"}],"about":[{"href":"https:\/\/displayproducts.eu\/lt\/wp-json\/wp\/v2\/types\/product"}],"replies":[{"embeddable":true,"href":"https:\/\/displayproducts.eu\/lt\/wp-json\/wp\/v2\/comments?post=5254"}],"wp:featuredmedia":[{"embeddable":true,"href":"https:\/\/displayproducts.eu\/lt\/wp-json\/wp\/v2\/media\/6590"}],"wp:attachment":[{"href":"https:\/\/displayproducts.eu\/lt\/wp-json\/wp\/v2\/media?parent=5254"}],"wp:term":[{"taxonomy":"product_brand","embeddable":true,"href":"https:\/\/displayproducts.eu\/lt\/wp-json\/wp\/v2\/product_brand?post=5254"},{"taxonomy":"product_cat","embeddable":true,"href":"https:\/\/displayproducts.eu\/lt\/wp-json\/wp\/v2\/product_cat?post=5254"},{"taxonomy":"product_tag","embeddable":true,"href":"https:\/\/displayproducts.eu\/lt\/wp-json\/wp\/v2\/product_tag?post=5254"}],"curies":[{"name":"wp","href":"https:\/\/api.w.org\/{rel}","templated":true}]}}