{"id":5252,"date":"2025-10-23T15:50:34","date_gmt":"2025-10-23T12:50:34","guid":{"rendered":"https:\/\/wristbandfactory.eu\/?post_type=product&#038;p=5252"},"modified":"2026-04-01T21:52:35","modified_gmt":"2026-04-01T18:52:35","slug":"vertical-pvc-id-holder","status":"publish","type":"product","link":"https:\/\/displayproducts.eu\/lt\/p\/vertical-pvc-id-holder\/","title":{"rendered":"Vertikalus PVC ID laikiklis"},"content":{"rendered":"<p>U\u017etikrinkite, kad kiekvienas dalyvis, darbuotojas ir sve\u010dias b\u016bt\u0173 ai\u0161kiai identifikuoti su m\u016bs\u0173 vertikaliu PVC ID laikikliu. \u0160is laikiklis, skirtas profesionaliam naudojimui konferencijose, prekybos parodose ir \u012fmoni\u0173 aplinkoje, yra patvarus ir prakti\u0161kas sprendimas prieigos kortel\u0117ms ir identifikavimo dokumentams rodyti.<\/p>\n<p>Pagamintas i\u0161 skaidraus, tvirto PVC, \u0161is \u017eenkleli\u0173 laikiklis apsaugo identifikavimo korteles nuo nusid\u0117v\u0117jimo ir i\u0161laiko jas matomas. Laikiklio vir\u0161us yra sutvirtintas, kad atlaikyt\u0173 kasdien\u012f naudojim\u0105, apsaugodamas nuo \u012fply\u0161im\u0173 ar pa\u017eeidim\u0173 ten, kur tvirtinamas virvel\u0117. Jo i\u0161manus dizainas apima kelias perforacijas, si\u016blan\u010dias lanks\u010dias tvirtinimo galimybes tiek centriniams, tiek \u0161oniniams kaklajuost\u0117s segtukams arba \u017eenkleli\u0173 ritin\u0117liams.<\/p>\n<p>\u201cSkoll\u201d (nuoroda: 20639) ID laikiklis, parduodamas urmu, yra idealus pasirinkimas rengini\u0173 vadovams ir pirkim\u0173 vadybininkams, kuriems reikia patikimo, ekonomi\u0161ko ir greitai diegiamo sprendimo didelio masto \u017eenkliuk\u0173 \u017eenklinimo poreikiams tenkinti.<\/p>\n<p><b>Pagrindin\u0117s savyb\u0117s:<\/b><\/p>\n<ul>\n<li><b>Orientacija:<\/b> Vertikalus<\/li>\n<li><b>Med\u017eiaga:<\/b> Skaidrus, patvarus PVC<\/li>\n<li><b>Dizainas:<\/b> Sustiprintas vir\u0161us didesniam patvarumui<\/li>\n<li><b>Suderinamumas:<\/b> Daugialypis perforavimas centriniam ir \u0161oniniam kaklajuost\u0117s tvirtinimui<\/li>\n<li><b>Naudojimas:<\/b> Idealiai tinka \u012fmoni\u0173 ID, rengini\u0173 leidimams ir prieigos kortel\u0117ms<\/li>\n<\/ul>","protected":false},"excerpt":{"rendered":"<ul>\n<li>Patvari skaidri PVC konstrukcija, skirta didelio eismo renginiams.<\/li>\n<li>Sustiprintas vir\u0161utinis kra\u0161tas apsaugo nuo ply\u0161imo ir \u017eenklelio pametimo.<\/li>\n<li>Universal\u016bs lizdai tinka visiems standartiniams virveli\u0173 segtukams ir \u017eenkleli\u0173 ritin\u0117liams.<\/li>\n<li>Ekonomi\u0161kas sprendimas didelio masto \u012fmoni\u0173 ir rengini\u0173 identifikavimui.<\/li>\n<\/ul>","protected":false},"featured_media":5253,"comment_status":"closed","ping_status":"closed","template":"","meta":[],"product_brand":[],"product_cat":[91],"product_tag":[],"class_list":{"0":"post-5252","1":"product","2":"type-product","3":"status-publish","4":"has-post-thumbnail","6":"product_cat-badge-holders","8":"first","9":"instock","10":"shipping-taxable","11":"purchasable","12":"product-type-simple"},"_links":{"self":[{"href":"https:\/\/displayproducts.eu\/lt\/wp-json\/wp\/v2\/product\/5252","targetHints":{"allow":["GET"]}}],"collection":[{"href":"https:\/\/displayproducts.eu\/lt\/wp-json\/wp\/v2\/product"}],"about":[{"href":"https:\/\/displayproducts.eu\/lt\/wp-json\/wp\/v2\/types\/product"}],"replies":[{"embeddable":true,"href":"https:\/\/displayproducts.eu\/lt\/wp-json\/wp\/v2\/comments?post=5252"}],"wp:featuredmedia":[{"embeddable":true,"href":"https:\/\/displayproducts.eu\/lt\/wp-json\/wp\/v2\/media\/5253"}],"wp:attachment":[{"href":"https:\/\/displayproducts.eu\/lt\/wp-json\/wp\/v2\/media?parent=5252"}],"wp:term":[{"taxonomy":"product_brand","embeddable":true,"href":"https:\/\/displayproducts.eu\/lt\/wp-json\/wp\/v2\/product_brand?post=5252"},{"taxonomy":"product_cat","embeddable":true,"href":"https:\/\/displayproducts.eu\/lt\/wp-json\/wp\/v2\/product_cat?post=5252"},{"taxonomy":"product_tag","embeddable":true,"href":"https:\/\/displayproducts.eu\/lt\/wp-json\/wp\/v2\/product_tag?post=5252"}],"curies":[{"name":"wp","href":"https:\/\/api.w.org\/{rel}","templated":true}]}}