{"id":5247,"date":"2025-10-22T14:14:30","date_gmt":"2025-10-22T11:14:30","guid":{"rendered":"https:\/\/wristbandfactory.eu\/?post_type=product&#038;p=5247"},"modified":"2026-04-01T21:52:35","modified_gmt":"2026-04-01T18:52:35","slug":"elastic-fabric-wristbands","status":"publish","type":"product","link":"https:\/\/displayproducts.eu\/lt\/p\/elastic-fabric-wristbands\/","title":{"rendered":"Elastin\u0117s audinio apyrank\u0117s"},"content":{"rendered":"<p data-path-to-node=\"8\">Pasi\u016blykite savo dalyviams maksimal\u0173 patogum\u0105 ir komfort\u0105 su m\u016bs\u0173 elastin\u0117mis audinio apyrank\u0117mis. Pagamintos i\u0161 auk\u0161\u010diausios kokyb\u0117s, mink\u0161tos, tamprios med\u017eiagos, jos tiesiog u\u017emaunamos ant rankos ant rie\u0161o, tod\u0117l visi\u0161kai nereikia jokio plastikinio u\u017esegimo ar u\u017esegimo.<\/p>\n<p data-path-to-node=\"9\">\u0160is \u201cvieno dyd\u017eio\u201d dizainas supaprastina u\u017esakymo ir platinimo proces\u0105, tod\u0117l tai puikus ir patogus sprendimas \u012fmoni\u0173 reklamoms, prek\u0117ms ir keli\u0173 dien\u0173 renginiams, kur svarbiausia yra patogumas.<\/p>\n<h3>Spalvotas individualus prek\u0117s \u017eenklas<\/h3>\n<p data-path-to-node=\"11\">Visa juostel\u0117 yra tarsi tu\u0161\u010dia drob\u0117. Mes naudojame didel\u0117s rai\u0161kos, nuo kra\u0161to iki kra\u0161to sublimacin\u0119 spaud\u0105, kad j\u016bs\u0173 prek\u0117s \u017eenklas b\u016bt\u0173 ry\u0161kus, detalus ir skland\u017eiai integruotas \u012f mink\u0161t\u0105 audin\u012f.<\/p>\n<h3>Pasirinktinai i\u0161manioji etiket\u0117 (QR ir NFC)<\/h3>\n<p data-path-to-node=\"13\">Siekiant papildomo funkcionalumo, \u0161ios elastin\u0117s apyrank\u0117s gali b\u016bti papuo\u0161tos specialiai atspausdinta etikete. \u0160i etiket\u0117 puikiai tinka norint prid\u0117ti unikal\u0173 QR kod\u0105 arba br\u016bk\u0161nin\u012f kod\u0105 prieigai arba netgi integruoti NFC \u017eym\u0105. Tai patogi\u0105 apyrank\u0119 paver\u010dia galinga i\u0161mani\u0105ja priemone mok\u0117jimams be gryn\u0173j\u0173 pinig\u0173 arba skaitmeninei s\u0105veikai.<\/p>\n<h3 data-path-to-node=\"14\">Pagrindin\u0117s savyb\u0117s:<\/h3>\n<ul data-path-to-node=\"15\">\n<li>\n<p data-path-to-node=\"15,0,0\"><b>Med\u017eiaga:<\/b> Auk\u0161tos kokyb\u0117s, mink\u0161tas, elastingas, tamprus audinys.<\/p>\n<\/li>\n<li>\n<p data-path-to-node=\"15,1,0\"><b>Tinka:<\/b> Vieno dyd\u017eio, tinka daugumai, tempiasi pagal dyd\u012f.<\/p>\n<\/li>\n<li>\n<p data-path-to-node=\"15,2,0\"><b>U\u017edarymas:<\/b> Nereikia u\u017esegimo; patogus u\u017esegamas dizainas.<\/p>\n<\/li>\n<li>\n<p data-path-to-node=\"15,3,0\"><b>Spausdinimas:<\/b> Spalvota, didel\u0117s rai\u0161kos sublimacija (nuo kra\u0161to iki kra\u0161to).<\/p>\n<\/li>\n<li>\n<p data-path-to-node=\"15,4,0\"><b>I\u0161mani\u0173j\u0173 technologij\u0173 parinktis:<\/b> Galima pritvirtinti speciali\u0105 etiket\u0119 QR kodams arba NFC \u017eym\u0117ms.<\/p>\n<\/li>\n<li>\n<p data-path-to-node=\"15,5,0\"><b>Idealiai tinka:<\/b> Akcijos, prek\u0117s, festivaliai ir patogus naudojimas kelias dienas.<\/p>\n<\/li>\n<\/ul>","protected":false},"excerpt":{"rendered":"<ul>\n<li>\n<p data-path-to-node=\"7,0,0\"><b>Maksimalus komfortas:<\/b> Pagaminta i\u0161 mink\u0161to, tampraus, vieno dyd\u017eio audinio.<\/p>\n<\/li>\n<li>\n<p data-path-to-node=\"7,1,0\"><b>Nereikia u\u017erakto:<\/b> Lengvai u\u017esegamas, nereikia joki\u0173 plastikini\u0173 u\u017esegim\u0173.<\/p>\n<\/li>\n<li>\n<p data-path-to-node=\"7,2,0\"><b>Ry\u0161kus prek\u0117s \u017eenklas:<\/b> Visi\u0161kai pritaikoma naudojant sublimacin\u0119 spaud\u0105 nuo kra\u0161to iki kra\u0161to.<\/p>\n<\/li>\n<li>\n<p data-path-to-node=\"7,3,0\"><b>I\u0161manusis variantas:<\/b> Galima pritvirtinti speciali\u0105 etiket\u0119 QR kodams, br\u016bk\u0161niniams kodams arba NFC \u017eym\u0117ms.<\/p>\n<\/li>\n<\/ul>","protected":false},"featured_media":6382,"comment_status":"closed","ping_status":"closed","template":"","meta":[],"product_brand":[],"product_cat":[47],"product_tag":[],"class_list":{"0":"post-5247","1":"product","2":"type-product","3":"status-publish","4":"has-post-thumbnail","6":"product_cat-fabric-wristbands","8":"first","9":"instock","10":"shipping-taxable","11":"purchasable","12":"product-type-simple"},"_links":{"self":[{"href":"https:\/\/displayproducts.eu\/lt\/wp-json\/wp\/v2\/product\/5247","targetHints":{"allow":["GET"]}}],"collection":[{"href":"https:\/\/displayproducts.eu\/lt\/wp-json\/wp\/v2\/product"}],"about":[{"href":"https:\/\/displayproducts.eu\/lt\/wp-json\/wp\/v2\/types\/product"}],"replies":[{"embeddable":true,"href":"https:\/\/displayproducts.eu\/lt\/wp-json\/wp\/v2\/comments?post=5247"}],"wp:featuredmedia":[{"embeddable":true,"href":"https:\/\/displayproducts.eu\/lt\/wp-json\/wp\/v2\/media\/6382"}],"wp:attachment":[{"href":"https:\/\/displayproducts.eu\/lt\/wp-json\/wp\/v2\/media?parent=5247"}],"wp:term":[{"taxonomy":"product_brand","embeddable":true,"href":"https:\/\/displayproducts.eu\/lt\/wp-json\/wp\/v2\/product_brand?post=5247"},{"taxonomy":"product_cat","embeddable":true,"href":"https:\/\/displayproducts.eu\/lt\/wp-json\/wp\/v2\/product_cat?post=5247"},{"taxonomy":"product_tag","embeddable":true,"href":"https:\/\/displayproducts.eu\/lt\/wp-json\/wp\/v2\/product_tag?post=5247"}],"curies":[{"name":"wp","href":"https:\/\/api.w.org\/{rel}","templated":true}]}}