{"id":5242,"date":"2025-10-22T14:03:08","date_gmt":"2025-10-22T11:03:08","guid":{"rendered":"https:\/\/wristbandfactory.eu\/?post_type=product&#038;p=5242"},"modified":"2026-04-01T21:52:35","modified_gmt":"2026-04-01T18:52:35","slug":"pu-leather-wristbands","status":"publish","type":"product","link":"https:\/\/displayproducts.eu\/lt\/p\/pu-leather-wristbands\/","title":{"rendered":"Dirbtin\u0117s odos apyrank\u0117s"},"content":{"rendered":"<p>Pasi\u016blykite savo sve\u010diams i\u0161ties auk\u0161\u010diausios kokyb\u0117s patirt\u012f. M\u016bs\u0173 PU odos apyrank\u0117s atrodo ir jau\u010diasi kaip tikra oda, taip nustatydamos auk\u0161t\u0105 standart\u0105 j\u016bs\u0173 renginiui, VIP zonai ar produkt\u0173 pristatymui. Tai puikus pasirinkimas klientams, norintiems derinti stili\u0173 su saugia prieigos kontrole.<\/p>\n<p>Pagaminti i\u0161 auk\u0161tos kokyb\u0117s poliuretano (PU) odos, \u0161ie apyrankiai yra stilinga ir gyv\u016bnams draugi\u0161ka (vegani\u0161ka) alternatyva tradicinei odai. Jie patog\u016bs d\u0117v\u0117ti, ta\u010diau pakankamai tvirti, kad tarnaut\u0173 bet kokio renginio metu. Lygus pavir\u0161ius yra puikus j\u016bs\u0173 prek\u0117s \u017eenklo drob\u0117, kuri\u0105 galima atspausdinti arba \u012fspausti, kad b\u016bt\u0173 subtili, eleganti\u0161ka apdaila. \u0160ie apyrankiai paprastai turi saug\u0173, vienkartin\u012f u\u017esegim\u0105, u\u017etikrinant\u012f, kad jie b\u016bt\u0173 apsaugoti nuo klastojimo ir idealiai tinka prieigai valdyti.<\/p>\n<p><b>Pagrindin\u0117s savyb\u0117s:<\/b><\/p>\n<ul>\n<li><b>Med\u017eiaga:<\/b> Auk\u0161tos kokyb\u0117s PU oda (tinka veganams)<\/li>\n<li><b>I\u0161vaizda:<\/b> Eleganti\u0161kas, profesionalus ir auk\u0161\u010diausios kokyb\u0117s<\/li>\n<li><b>Pritaikymas:<\/b> Idealiai tinka logotip\u0173 spausdinimui arba \u012fspaudimui<\/li>\n<li><b>U\u017edarymas:<\/b> Saugus, vienkartinis u\u017esegimas rengini\u0173 kontrolei<\/li>\n<li><b>Idealiai tinka:<\/b> VIP zonos, \u012fmoni\u0173 renginiai, produkt\u0173 pristatymai ir svetingumas<\/li>\n<\/ul>\n<p>&nbsp;<\/p>","protected":false},"excerpt":{"rendered":"<ul>\n<li>Suteikia rafinuot\u0105 tikros odos i\u0161vaizd\u0105 ir poj\u016bt\u012f.<\/li>\n<li>Patvar\u016bs, atspar\u016bs vandeniui ir patog\u016bs ilgalaikiam d\u0117v\u0117jimui.<\/li>\n<li>Puikiai tinka VIP asmenims, \u012fmoni\u0173 vakar\u0117liams ir auk\u0161\u010diausios klas\u0117s prek\u0117s \u017eenklo reklamai.<\/li>\n<\/ul>\n<p>&nbsp;<\/p>","protected":false},"featured_media":6428,"comment_status":"closed","ping_status":"closed","template":"","meta":[],"product_brand":[],"product_cat":[117],"product_tag":[],"class_list":{"0":"post-5242","1":"product","2":"type-product","3":"status-publish","4":"has-post-thumbnail","6":"product_cat-leather-wristbands","8":"first","9":"instock","10":"shipping-taxable","11":"purchasable","12":"product-type-simple"},"_links":{"self":[{"href":"https:\/\/displayproducts.eu\/lt\/wp-json\/wp\/v2\/product\/5242","targetHints":{"allow":["GET"]}}],"collection":[{"href":"https:\/\/displayproducts.eu\/lt\/wp-json\/wp\/v2\/product"}],"about":[{"href":"https:\/\/displayproducts.eu\/lt\/wp-json\/wp\/v2\/types\/product"}],"replies":[{"embeddable":true,"href":"https:\/\/displayproducts.eu\/lt\/wp-json\/wp\/v2\/comments?post=5242"}],"wp:featuredmedia":[{"embeddable":true,"href":"https:\/\/displayproducts.eu\/lt\/wp-json\/wp\/v2\/media\/6428"}],"wp:attachment":[{"href":"https:\/\/displayproducts.eu\/lt\/wp-json\/wp\/v2\/media?parent=5242"}],"wp:term":[{"taxonomy":"product_brand","embeddable":true,"href":"https:\/\/displayproducts.eu\/lt\/wp-json\/wp\/v2\/product_brand?post=5242"},{"taxonomy":"product_cat","embeddable":true,"href":"https:\/\/displayproducts.eu\/lt\/wp-json\/wp\/v2\/product_cat?post=5242"},{"taxonomy":"product_tag","embeddable":true,"href":"https:\/\/displayproducts.eu\/lt\/wp-json\/wp\/v2\/product_tag?post=5242"}],"curies":[{"name":"wp","href":"https:\/\/api.w.org\/{rel}","templated":true}]}}