{"id":5234,"date":"2025-10-22T13:43:36","date_gmt":"2025-10-22T10:43:36","guid":{"rendered":"https:\/\/wristbandfactory.eu\/?post_type=product&#038;p=5234"},"modified":"2026-04-01T21:52:04","modified_gmt":"2026-04-01T18:52:04","slug":"custom-charm-wristbands","status":"publish","type":"product","link":"https:\/\/displayproducts.eu\/lt\/p\/custom-charm-wristbands\/","title":{"rendered":"Individual\u016bs \u017eavesio apyrank\u0117s"},"content":{"rendered":"<p>Pakelkite savo prek\u0117s \u017eenkl\u0105 \u012f auk\u0161tesn\u012f lyg\u012f arba pamin\u0117kite ypating\u0105 \u012fvyk\u012f su m\u016bs\u0173 visi\u0161kai pritaikomomis \u017eaviomis apyrank\u0117mis. \u0160ios apyrank\u0117s yra puikus B2B sprendimas kuriant auk\u0161tos kokyb\u0117s, patrauklias prekes suvenyr\u0173 parduotuv\u0117ms, kruizini\u0173 laiv\u0173 laivams, \u012fmoni\u0173 renginiams ar unikalioms reklamin\u0117ms dovanoms.<\/p>\n<p>Mes \u012fk\u016bnijame j\u016bs\u0173 vizij\u0105. Galite sukurti visi\u0161kai unikal\u0173 metalin\u012f arba emalin\u012f pakabuk\u0105 pagal savo \u012fmon\u0117s logotip\u0105, talisman\u0105 ar kampanijos tem\u0105. Pasirinkite kaklajuost\u0117s spalv\u0105 ir stili\u0173 \u2013 nuo paprast\u0173 virveli\u0173 iki sud\u0117ting\u0173 mazg\u0173 \u2013 ir prid\u0117kite dekoratyvini\u0173 karoliuk\u0173, toki\u0173 kaip kriaukl\u0117s, raid\u0117s ar metaliniai elementai, kad jie atitikt\u0173 j\u016bs\u0173 prek\u0117s \u017eenklo estetik\u0105.<\/p>\n<p>D\u0117l \u0161io universalumo jie idealiai tinka bet kokiai tikslinei auditorijai. Galime sukurti net \u201cGeriausi\u0173 draug\u0173\u201d arba por\u0173 rinkinius, puikiai tinkan\u010dius turistin\u0117ms vietoms ar gerb\u0117j\u0173 atributikai. Kiekvienas rinkinys pristatomas ant pagal u\u017esakym\u0105 atspausdintos pagrindin\u0117s kortel\u0117s, visi\u0161kai firminis ir paruo\u0161tas ma\u017emeninei prekybai.<\/p>\n<p><b>Pagrindin\u0117s savyb\u0117s:<\/b><\/p>\n<ul>\n<li><b>Pasirinktinio logotipo pakabukai:<\/b> Gaminame auk\u0161tos kokyb\u0117s emalio arba metalo pakabukus pagal j\u016bs\u0173 dizain\u0105.<\/li>\n<li><b>Visi\u0161kas pritaikymas:<\/b> Pasirinkite kaklajuost\u0117s spalvas, apyrank\u0117s stili\u0173 ir dekoratyvinius karoliukus (pvz., kriaukli\u0173, metalinius).<\/li>\n<li><b>Ma\u017emeninei prekybai paruo\u0161ta pakuot\u0117:<\/b> Apyrank\u0117s pristatomos ant pagal u\u017esakym\u0105 sukurtos kartonin\u0117s pakuot\u0117s, paruo\u0161tos eksponavimui.<\/li>\n<li><b>Universalios prek\u0117s:<\/b> Idealiai tinka dovan\u0173 parduotuv\u0117ms, turistiniams objektams, prek\u0117s \u017eenkl\u0173 bendradarbiavimui ir renginiams.<\/li>\n<li><b>Atitinkantys rinkiniai:<\/b> Galimyb\u0117 sukurti \u201cGeriausius draugus\u201d arba derinan\u010dius rinkinius vienoje kortel\u0117je.<\/li>\n<li><b>Reguliuojamas prigludimas:<\/b> Sukurta su reguliuojamais mazgais, kad tikt\u0173 \u012fvairiems klientams.<\/li>\n<\/ul>","protected":false},"excerpt":{"rendered":"<ul>\n<li>Sukurkite unikalias apyrankes su savo pasirinktais logotipo pakabukais.<\/li>\n<li>Rinkit\u0117s i\u0161 \u012fvairi\u0173 virveli\u0173 spalv\u0173, karoliuk\u0173 ir stili\u0173.<\/li>\n<li>Idealiai tinka firmin\u0117ms prek\u0117ms, suvenyr\u0173 parduotuv\u0117ms ar ypatingiems renginiams.<\/li>\n<li>Pristatoma ant pagal u\u017esakym\u0105 atspausdint\u0173 kartonini\u0173 pagrind\u0173, kad b\u016bt\u0173 galima parduoti.<\/li>\n<\/ul>","protected":false},"featured_media":6680,"comment_status":"closed","ping_status":"closed","template":"","meta":[],"product_brand":[],"product_cat":[122],"product_tag":[],"class_list":{"0":"post-5234","1":"product","2":"type-product","3":"status-publish","4":"has-post-thumbnail","6":"product_cat-promotional-accessories","8":"first","9":"instock","10":"shipping-taxable","11":"product-type-simple"},"_links":{"self":[{"href":"https:\/\/displayproducts.eu\/lt\/wp-json\/wp\/v2\/product\/5234","targetHints":{"allow":["GET"]}}],"collection":[{"href":"https:\/\/displayproducts.eu\/lt\/wp-json\/wp\/v2\/product"}],"about":[{"href":"https:\/\/displayproducts.eu\/lt\/wp-json\/wp\/v2\/types\/product"}],"replies":[{"embeddable":true,"href":"https:\/\/displayproducts.eu\/lt\/wp-json\/wp\/v2\/comments?post=5234"}],"wp:featuredmedia":[{"embeddable":true,"href":"https:\/\/displayproducts.eu\/lt\/wp-json\/wp\/v2\/media\/6680"}],"wp:attachment":[{"href":"https:\/\/displayproducts.eu\/lt\/wp-json\/wp\/v2\/media?parent=5234"}],"wp:term":[{"taxonomy":"product_brand","embeddable":true,"href":"https:\/\/displayproducts.eu\/lt\/wp-json\/wp\/v2\/product_brand?post=5234"},{"taxonomy":"product_cat","embeddable":true,"href":"https:\/\/displayproducts.eu\/lt\/wp-json\/wp\/v2\/product_cat?post=5234"},{"taxonomy":"product_tag","embeddable":true,"href":"https:\/\/displayproducts.eu\/lt\/wp-json\/wp\/v2\/product_tag?post=5234"}],"curies":[{"name":"wp","href":"https:\/\/api.w.org\/{rel}","templated":true}]}}