{"id":5224,"date":"2025-10-21T12:20:54","date_gmt":"2025-10-21T09:20:54","guid":{"rendered":"https:\/\/wristbandfactory.eu\/?post_type=product&#038;p=5224"},"modified":"2026-04-01T21:52:35","modified_gmt":"2026-04-01T18:52:35","slug":"tricolor-silicone-wristbands","status":"publish","type":"product","link":"https:\/\/displayproducts.eu\/lt\/p\/tricolor-silicone-wristbands\/","title":{"rendered":"Trispalv\u0117s silikonin\u0117s apyrank\u0117s"},"content":{"rendered":"<p>Maksimaliai padidinkite savo prek\u0117s \u017eenklo matomum\u0105 su m\u016bs\u0173 pagal u\u017esakym\u0105 pagamintomis trispalv\u0117mis silikonin\u0117mis apyrank\u0117mis. \u0160ios apyrank\u0117s susideda i\u0161 trij\u0173 atskir\u0173 spalv\u0173 segment\u0173, sujungt\u0173 \u012f vien\u0105 vientis\u0105 apyrank\u0119, suteikian\u010di\u0105 dr\u0105s\u0173, didelio kontrasto vaizd\u0105, kurio negali prilygti vienspalv\u0117s apyrank\u0117s.<\/p>\n<p>\u0160ios segmentuotos apyrank\u0117s yra galingas \u012frankis rengini\u0173 organizatoriams, rinkodaros vadovams ir organizacijoms. Naudokite jas savo prek\u0117s \u017eenklo spalvoms perteikti, paremti koki\u0105 nors iniciatyv\u0105 ar derinti prie konkre\u010dios renginio temos. Kiekvien\u0105 apyrank\u0119 gaminame i\u0161 auk\u0161tos kokyb\u0117s 100% nealergizuojan\u010dio silikono, kad u\u017etikrintume ilgalaik\u012f komfort\u0105 ir patvarum\u0105.<\/p>\n<p>J\u016bs\u0173 logotipas arba u\u017era\u0161as yra tiksliai \u012fspaustas (\u012fgilintas) \u012f juostel\u0119 ir u\u017epildomas viena kontrastinga Pantone spalva. \u0160is inkrustavimo metodas u\u017etikrina, kad j\u016bs\u0173 dizainas b\u016bt\u0173 apsaugotas nuo nusid\u0117v\u0117jimo ir ply\u0161im\u0173, garantuojant ilgalaik\u012f prek\u0117s \u017eenklo matomum\u0105. \u0160ias apyrankes galime pagaminti bet kokio dyd\u017eio, \u012fskaitant standartinius suaugusi\u0173j\u0173 (202 mm), jaunimo ar ma\u017eesnius vaik\u0173 dyd\u017eius, kad atitikt\u0173 j\u016bs\u0173 tikslin\u0119 auditorij\u0105.<\/p>\n<blockquote><p><b>Gamybos pastaba:<\/b> \u0160ios apyrank\u0117s gaminamos sujungiant skirting\u0173 spalv\u0173 silikonines dalis. D\u0117l \u0161io liejimo proceso spalv\u0173 riba negali b\u016bti idealiai tiesi ir nat\u016braliai susimai\u0161ys arba susilies.<\/p><\/blockquote>\n<p><b>Pagrindin\u0117s savyb\u0117s:<\/b><\/p>\n<ul>\n<li><b>Didelio poveikio trispalvis dizainas:<\/b> Trys skirtingi spalv\u0173 segmentai, sujungti kartu, kad b\u016bt\u0173 ry\u0161kus prek\u0117s \u017eenklo parei\u0161kimas.<\/li>\n<li><b>Patvarus \u012fd\u0117klas logotipas:<\/b> J\u016bs\u0173 dizainas yra \u012fspaustas (\u012fgilintas) ir u\u017epildytas vienspalviu intarpu, kad jis nei\u0161blukt\u0173 ir nenusid\u0117v\u0117t\u0173.<\/li>\n<li><b>Pilnas Pantone atitikimas:<\/b> Pritaikykite visus tris segmentus ir u\u017epildykite logotip\u0105 tiksliomis savo prek\u0117s \u017eenklo \u201ePantone\u201c spalvomis.<\/li>\n<li><b>100% kokyb\u0117s silikonas:<\/b> Pagaminta i\u0161 patvaraus, lankstaus, nealergizuojan\u010dio silikono (<span class=\"math-inline\" data-math=\"100\\\\%\">$100\\\\%$<\/span> lankstus, patvarus silikonas) ilgalaikiam komfortui.<\/li>\n<li><b>Universalus dyd\u017ei\u0173 pasirinkimas:<\/b> Galima \u012fsigyti standartinio dyd\u017eio suaugusiems (202 * 12) <span class=\"math-inline\" data-math=\"\\times\">*<\/span>\u00a02 mm), jaunimo ir individual\u016bs vaik\u0173 dyd\u017eiai.<\/li>\n<\/ul>","protected":false},"excerpt":{"rendered":"<ul>\n<li>Trys skirtingi, \u012fsp\u016bdingi spalv\u0173 segmentai, suteikiantys ry\u0161k\u0173 \u012fvaizd\u012f.<\/li>\n<li>Patvarus \u012fspaustas (\u012fgilintas) logotipas su vienspalviu u\u017epildu, kuris nenusitrins.<\/li>\n<li>Visi\u0161kai pritaikoma pagal j\u016bs\u0173 organizacijos \u201ePantone\u201c spalvas.<\/li>\n<li>Galima \u012fsigyti suaugusi\u0173j\u0173, jaunimo ir vaik\u0173 dyd\u017ei\u0173, kad tikt\u0173 bet kokiai renginio auditorijai.<\/li>\n<li><\/li>\n<\/ul>","protected":false},"featured_media":5974,"comment_status":"closed","ping_status":"closed","template":"","meta":[],"product_brand":[],"product_cat":[49],"product_tag":[],"class_list":{"0":"post-5224","1":"product","2":"type-product","3":"status-publish","4":"has-post-thumbnail","6":"product_cat-silicone","8":"first","9":"instock","10":"shipping-taxable","11":"purchasable","12":"product-type-simple"},"_links":{"self":[{"href":"https:\/\/displayproducts.eu\/lt\/wp-json\/wp\/v2\/product\/5224","targetHints":{"allow":["GET"]}}],"collection":[{"href":"https:\/\/displayproducts.eu\/lt\/wp-json\/wp\/v2\/product"}],"about":[{"href":"https:\/\/displayproducts.eu\/lt\/wp-json\/wp\/v2\/types\/product"}],"replies":[{"embeddable":true,"href":"https:\/\/displayproducts.eu\/lt\/wp-json\/wp\/v2\/comments?post=5224"}],"wp:featuredmedia":[{"embeddable":true,"href":"https:\/\/displayproducts.eu\/lt\/wp-json\/wp\/v2\/media\/5974"}],"wp:attachment":[{"href":"https:\/\/displayproducts.eu\/lt\/wp-json\/wp\/v2\/media?parent=5224"}],"wp:term":[{"taxonomy":"product_brand","embeddable":true,"href":"https:\/\/displayproducts.eu\/lt\/wp-json\/wp\/v2\/product_brand?post=5224"},{"taxonomy":"product_cat","embeddable":true,"href":"https:\/\/displayproducts.eu\/lt\/wp-json\/wp\/v2\/product_cat?post=5224"},{"taxonomy":"product_tag","embeddable":true,"href":"https:\/\/displayproducts.eu\/lt\/wp-json\/wp\/v2\/product_tag?post=5224"}],"curies":[{"name":"wp","href":"https:\/\/api.w.org\/{rel}","templated":true}]}}