{"id":5218,"date":"2025-10-21T11:56:09","date_gmt":"2025-10-21T08:56:09","guid":{"rendered":"https:\/\/wristbandfactory.eu\/?post_type=product&#038;p=5218"},"modified":"2026-04-01T21:52:35","modified_gmt":"2026-04-01T18:52:35","slug":"remote-control-led-wristbands","status":"publish","type":"product","link":"https:\/\/displayproducts.eu\/lt\/p\/remote-control-led-wristbands\/","title":{"rendered":"Nuotolinio valdymo LED apyrank\u0117s (RF ir DMX) pagal u\u017esakym\u0105"},"content":{"rendered":"<p data-path-to-node=\"9\">Paverskite savo koncert\u0105, festival\u012f ar \u012fmon\u0117s rengin\u012f nepamir\u0161tamu \u0161vies\u0173 \u0161ou. M\u016bs\u0173 nuotolinio valdymo LED apyrank\u0117s suteikia galimyb\u0119 sinchronizuoti kiekvien\u0105 sve\u010di\u0105 su j\u016bs\u0173 muzika ir programa, sukuriant \u012fsp\u016bding\u0105, viening\u0105 vaizdin\u0119 patirt\u012f, kuri skatina auditorijos \u012fsitraukim\u0105.<\/p>\n<p data-path-to-node=\"10\">Tai j\u016bs\u0173 pagrindinis centras, kuriame rasite visus m\u016bs\u0173 nuotoliniu b\u016bdu valdomus silikoninius ir plastikinius apyranki\u0173 modelius. \u010cia surinkome \u012fvairius savo stilius, kad pad\u0117tume jums i\u0161sirinkti tobul\u0105 sprendim\u0105, atitinkant\u012f j\u016bs\u0173 renginio techninius poreikius ir biud\u017eet\u0105.<\/p>\n<p data-path-to-node=\"11\">Visi modeliai suderinami su centriniu <strong><a href=\"https:\/\/displayproducts.eu\/lt\/p\/remote-dmx-controllers-for-led-wristbands\/\">Nuotolinio valdymo ir DMX valdiklis<\/a><\/strong> kuris parduodamas atskirai m\u016bs\u0173 <strong><a href=\"https:\/\/displayproducts.eu\/lt\/c\/event-supplies\/\">Rengini\u0173 reikmenys<\/a><\/strong> kategorija. \u0160is valdiklis leid\u017eia vienam operatoriui vienu metu keisti vis\u0173 renginio vietoje esan\u010di\u0173 apyranki\u0173 LED spalvas ir mirks\u0117jimo b\u016bdus.<\/p>\n<h3>Pasirinkite nuotolinio valdymo model\u012f<\/h3>\n<p data-path-to-node=\"13\">Pasirinkite konkret\u0173 model\u012f pagal savo renginio ry\u0161kumo, baterijos veikimo laiko, dizaino ar tvarumo reikalavimus:<\/p>\n<h4>1. \u201cRy\u0161kus\u201d (11 LED \/ maitinamas AAA baterijomis)<\/h4>\n<p><img fetchpriority=\"high\" decoding=\"async\" class=\"alignnone wp-image-5543\" src=\"https:\/\/displayproducts.eu\/wp-content\/uploads\/2025\/10\/the-bright.jpg\" alt=\"\" width=\"300\" height=\"300\" srcset=\"https:\/\/displayproducts.eu\/wp-content\/uploads\/2025\/10\/the-bright.jpg 1080w, https:\/\/displayproducts.eu\/wp-content\/uploads\/2025\/10\/the-bright-768x768.jpg 768w, https:\/\/displayproducts.eu\/wp-content\/uploads\/2025\/10\/the-bright-12x12.jpg 12w, https:\/\/displayproducts.eu\/wp-content\/uploads\/2025\/10\/the-bright-300x300.jpg 300w, https:\/\/displayproducts.eu\/wp-content\/uploads\/2025\/10\/the-bright-600x600.jpg 600w, https:\/\/displayproducts.eu\/wp-content\/uploads\/2025\/10\/the-bright-100x100.jpg 100w, https:\/\/displayproducts.eu\/wp-content\/uploads\/2025\/10\/the-bright-64x64.jpg 64w\" sizes=\"(max-width: 300px) 100vw, 300px\" \/><\/p>\n<p data-path-to-node=\"17\">\u0160is modelis, galingiausias m\u016bs\u0173 sprendimas, turi 11 atskir\u0173 \u0161viesos diod\u0173, u\u017etikrinan\u010di\u0173 maksimal\u0173 vizualin\u012f efekt\u0105 stadionuose. J\u012f maitina dvi standartin\u0117s, kei\u010diamos AAA baterijos, u\u017etikrinan\u010dios 12 valand\u0173 veikimo laik\u0105.<\/p>\n<ul data-path-to-node=\"18\">\n<li>\n<p data-path-to-node=\"18,0,0\"><b data-path-to-node=\"18,0,0\" data-index-in-node=\"0\">Geriausiai tinka:<\/b> Didelio masto stadion\u0173 turai ir lauko festivaliai.<\/p>\n<\/li>\n<\/ul>\n<h4>2. \u201cEkologi\u0161kas\u201d standartas<\/h4>\n<p><img decoding=\"async\" class=\"alignnone wp-image-5544\" src=\"https:\/\/displayproducts.eu\/wp-content\/uploads\/2025\/10\/eco-friendly.jpg\" alt=\"\" width=\"300\" height=\"300\" \/><\/p>\n<p data-path-to-node=\"19\"><span data-path-to-node=\"20,2\"><span class=\"citation-377\">\u0160is modelis yra m\u016bs\u0173 populiariausias ir universaliausias sprendimas, pagamintas i\u0161 patogaus ABS ir silikono. <\/span><\/span><span data-path-to-node=\"20,4\"> Jis pasi\u017eymi tvirta 12 valand\u0173 veikian\u010dia baterija (CR2032) ir 15 spalv\u0173 variant\u0173.<\/span><\/p>\n<ul data-path-to-node=\"20\">\n<li>\n<p data-path-to-node=\"20,0,0\"><b>Geriausiai tinka:<\/b> Preki\u0173 \u017eenklai ir renginiai, kuriuose daugiausia d\u0117mesio skiriama tvarumui ir patikimumui.<\/p>\n<\/li>\n<\/ul>\n<h4>3. \u201cSkulpt\u016brinis\u201d (3D dizainas)<\/h4>\n<p><img decoding=\"async\" class=\"alignnone wp-image-5545\" src=\"https:\/\/displayproducts.eu\/wp-content\/uploads\/2025\/10\/sculpted-1.jpg\" alt=\"\" width=\"300\" height=\"300\" srcset=\"https:\/\/displayproducts.eu\/wp-content\/uploads\/2025\/10\/sculpted-1.jpg 500w, https:\/\/displayproducts.eu\/wp-content\/uploads\/2025\/10\/sculpted-1-12x12.jpg 12w, https:\/\/displayproducts.eu\/wp-content\/uploads\/2025\/10\/sculpted-1-300x300.jpg 300w, https:\/\/displayproducts.eu\/wp-content\/uploads\/2025\/10\/sculpted-1-100x100.jpg 100w, https:\/\/displayproducts.eu\/wp-content\/uploads\/2025\/10\/sculpted-1-64x64.jpg 64w\" sizes=\"(max-width: 300px) 100vw, 300px\" \/><\/p>\n<p data-path-to-node=\"21\">I\u0161reik\u0161kite savo dizain\u0105. \u0160is modelis pasi\u017eymi unikaliu dizainu, <b>geometrinis 3D skulpt\u016brinis vir\u0161us<\/b> (galima \u012fsigyti su 2 arba 4 LED lemput\u0117mis). Tai auk\u0161\u010diausios kokyb\u0117s, ne\u0161iojamas i\u0161skirtinis elementas.<\/p>\n<ul data-path-to-node=\"22\">\n<li>\n<p data-path-to-node=\"22,0,0\"><b>Geriausiai tinka:<\/b> VIP zonos, produkt\u0173 pristatymai ir auk\u0161tosios mados renginiai.<\/p>\n<\/li>\n<\/ul>\n<h4>4. \u201cLengvas\u201d (20 g)<\/h4>\n<p><img loading=\"lazy\" decoding=\"async\" class=\"alignnone wp-image-5546\" src=\"https:\/\/displayproducts.eu\/wp-content\/uploads\/2025\/10\/lightweight.jpg\" alt=\"\" width=\"300\" height=\"300\" srcset=\"https:\/\/displayproducts.eu\/wp-content\/uploads\/2025\/10\/lightweight.jpg 500w, https:\/\/displayproducts.eu\/wp-content\/uploads\/2025\/10\/lightweight-12x12.jpg 12w, https:\/\/displayproducts.eu\/wp-content\/uploads\/2025\/10\/lightweight-300x300.jpg 300w, https:\/\/displayproducts.eu\/wp-content\/uploads\/2025\/10\/lightweight-100x100.jpg 100w, https:\/\/displayproducts.eu\/wp-content\/uploads\/2025\/10\/lightweight-64x64.jpg 64w\" sizes=\"(max-width: 300px) 100vw, 300px\" \/><\/p>\n<p data-path-to-node=\"24\">Sukurtas maksimaliam komfortui, \u0161is modelis sveria <b>tik 20 gram\u0173<\/b>, u\u017etikrinant, kad dalyviai gal\u0117t\u0173 j\u012f d\u0117v\u0117ti vis\u0105 nakt\u012f. Jis si\u016blo 15 spalv\u0173 variant\u0173 ir 12 valand\u0173 veikimo laik\u0105 (CR2032 baterijos).<\/p>\n<ul data-path-to-node=\"25\">\n<li>\n<p data-path-to-node=\"25,0,0\"><b>Geriausiai tinka:<\/b> Konferencijos, \u012fmoni\u0173 vakar\u0117liai ir renginiai, kuriuose svarbiausia yra komfortas.<\/p>\n<\/li>\n<\/ul>\n<h4>5. \u201cSteb\u0117jimas\u201d (\u012evyki\u0173 steb\u0117jimas)<\/h4>\n<p><img loading=\"lazy\" decoding=\"async\" class=\"alignnone wp-image-5548 size-full\" src=\"https:\/\/displayproducts.eu\/wp-content\/uploads\/2025\/10\/watch-e1763320779944.jpg\" alt=\"\" width=\"480\" height=\"288\" srcset=\"https:\/\/displayproducts.eu\/wp-content\/uploads\/2025\/10\/watch-e1763320779944.jpg 480w, https:\/\/displayproducts.eu\/wp-content\/uploads\/2025\/10\/watch-e1763320779944-18x12.jpg 18w, https:\/\/displayproducts.eu\/wp-content\/uploads\/2025\/10\/watch-e1763320779944-64x38.jpg 64w\" sizes=\"(max-width: 480px) 100vw, 480px\" \/><\/p>\n<p data-path-to-node=\"27\">\u0160is modelis pasi\u017eymi <b>laikrod\u017eio stiliaus<\/b> dizainas su dideliu, plok\u0161\u010diu pavir\u0161iumi, u\u017etikrinan\u010diu puik\u0173, gerai matom\u0105 plot\u0105 j\u016bs\u0173 pasirinktiniam logotipui.<\/p>\n<ul data-path-to-node=\"28\">\n<li>\n<p data-path-to-node=\"28,0,0\"><b>Geriausiai tinka:<\/b> \u012emoni\u0173 renginiai ir r\u0117m\u0117j\u0173 prek\u0117s \u017eenklo k\u016brimas.<\/p>\n<\/li>\n<\/ul>\n<h2 data-path-to-node=\"31\">Specifikacijos<\/h2>\n<ul data-path-to-node=\"32\">\n<li>\n<p data-path-to-node=\"32,0,1\"><span data-path-to-node=\"32,0,1,0\"><b data-path-to-node=\"32,0,1,0\" data-index-in-node=\"0\"><span class=\"citation-374\">Valdymo technologija:<\/span><\/b><span class=\"citation-374\"> RF (radijo da\u017enis) ir DMX512. <\/span><\/span><\/p>\n<\/li>\n<li>\n<p data-path-to-node=\"32,1,1\"><span data-path-to-node=\"32,1,1,0\"><b data-path-to-node=\"32,1,1,0\" data-index-in-node=\"0\"><span class=\"citation-373\">Med\u017eiagos:<\/span><\/b><span class=\"citation-373\"> Silikonas, ABS, PVC. <\/span><\/span><\/p>\n<\/li>\n<li>\n<p data-path-to-node=\"32,2,0\"><b data-path-to-node=\"32,2,0\" data-index-in-node=\"0\">Baterijos veikimo laikas:<\/b> 6\u201312 valand\u0173, priklausomai nuo modelio.<\/p>\n<\/li>\n<li>\n<p data-path-to-node=\"32,3,1\"><span data-path-to-node=\"32,3,1,0\"><b data-path-to-node=\"32,3,1,0\" data-index-in-node=\"0\"><span class=\"citation-372\">Prek\u0117s \u017eenklo k\u016brimas:<\/span><\/b><span class=\"citation-372\"> Individualus vienspalvis arba daugiaspalvis logotipo spausdinimas. <\/span><\/span><\/p>\n<\/li>\n<li>\n<p data-path-to-node=\"32,4,0\"><b data-path-to-node=\"32,4,0\" data-index-in-node=\"0\">Minimalus u\u017esakymo kiekis:<\/b> 100 vienet\u0173.<\/p>\n<\/li>\n<\/ul>\n<h3><strong><a href=\"https:\/\/displayproducts.eu\/lt\/p\/remote-dmx-controllers-for-led-wristbands\/\">Nuotolinio valdymo ir DMX valdiklis<\/a><\/strong><\/h3>\n<p><img loading=\"lazy\" decoding=\"async\" class=\"\" src=\"https:\/\/displayproducts.eu\/wp-content\/uploads\/2025\/10\/controller-2-scaled.jpeg\" width=\"365\" height=\"365\" \/><\/p>","protected":false},"excerpt":{"rendered":"<ul>\n<li>\n<p data-path-to-node=\"9,0,0\"><b data-path-to-node=\"9,0,0\" data-index-in-node=\"0\">Centralizuota sinchronizacija:<\/b> Visi\u0161kai suderinamas su RF ir DMX valdikliais, kad b\u016bt\u0173 galima atlikti \u012ftraukiant\u012f \u0161vies\u0173 \u0161ou visoje sal\u0117je.<\/p>\n<\/li>\n<li>\n<p data-path-to-node=\"9,1,0\"><b data-path-to-node=\"9,1,0\" data-index-in-node=\"0\">\u012evairus modeli\u0173 asortimentas:<\/b> Rinkit\u0117s i\u0161 11 skirting\u0173 modeli\u0173, \u012fskaitant itin lengvus, didelio ry\u0161kumo AAA ir 3D skulpt\u016brinius dizainus.<\/p>\n<\/li>\n<li>\n<p data-path-to-node=\"9,2,1\"><span data-path-to-node=\"9,2,1,0\"><b data-path-to-node=\"9,2,1,0\" data-index-in-node=\"0\"><span class=\"citation-351\">B2B prek\u0117s \u017eenklo k\u016brimas:<\/span><\/b><span class=\"citation-351\"> Visiems modeliams galimas auk\u0161tos kokyb\u0117s individualaus logotipo spausdinimas, siekiant maksimalaus r\u0117m\u0117jo matomumo. <\/span><\/span><\/p>\n<\/li>\n<li>\n<p data-path-to-node=\"9,3,0\"><b data-path-to-node=\"9,3,0\" data-index-in-node=\"0\">Tolimojo nuotolio valdymas:<\/b> Patikimas signalo apr\u0117ptis iki 300\u2013500 metr\u0173 stadiono dyd\u017eio renginiams.<\/p>\n<\/li>\n<\/ul>","protected":false},"featured_media":5031,"comment_status":"closed","ping_status":"closed","template":"","meta":[],"product_brand":[],"product_cat":[80],"product_tag":[],"class_list":{"0":"post-5218","1":"product","2":"type-product","3":"status-publish","4":"has-post-thumbnail","6":"product_cat-led-wristbands","8":"first","9":"instock","10":"shipping-taxable","11":"purchasable","12":"product-type-simple"},"_links":{"self":[{"href":"https:\/\/displayproducts.eu\/lt\/wp-json\/wp\/v2\/product\/5218","targetHints":{"allow":["GET"]}}],"collection":[{"href":"https:\/\/displayproducts.eu\/lt\/wp-json\/wp\/v2\/product"}],"about":[{"href":"https:\/\/displayproducts.eu\/lt\/wp-json\/wp\/v2\/types\/product"}],"replies":[{"embeddable":true,"href":"https:\/\/displayproducts.eu\/lt\/wp-json\/wp\/v2\/comments?post=5218"}],"wp:featuredmedia":[{"embeddable":true,"href":"https:\/\/displayproducts.eu\/lt\/wp-json\/wp\/v2\/media\/5031"}],"wp:attachment":[{"href":"https:\/\/displayproducts.eu\/lt\/wp-json\/wp\/v2\/media?parent=5218"}],"wp:term":[{"taxonomy":"product_brand","embeddable":true,"href":"https:\/\/displayproducts.eu\/lt\/wp-json\/wp\/v2\/product_brand?post=5218"},{"taxonomy":"product_cat","embeddable":true,"href":"https:\/\/displayproducts.eu\/lt\/wp-json\/wp\/v2\/product_cat?post=5218"},{"taxonomy":"product_tag","embeddable":true,"href":"https:\/\/displayproducts.eu\/lt\/wp-json\/wp\/v2\/product_tag?post=5218"}],"curies":[{"name":"wp","href":"https:\/\/api.w.org\/{rel}","templated":true}]}}