{"id":5209,"date":"2025-10-20T23:33:45","date_gmt":"2025-10-20T20:33:45","guid":{"rendered":"https:\/\/wristbandfactory.eu\/?post_type=product&#038;p=5209"},"modified":"2026-04-01T21:52:35","modified_gmt":"2026-04-01T18:52:35","slug":"printed-cup-holder-clip","status":"publish","type":"product","link":"https:\/\/displayproducts.eu\/lt\/p\/printed-cup-holder-clip\/","title":{"rendered":"Puodelio laikiklis su spauda"},"content":{"rendered":"<p data-path-to-node=\"12\">Pagerinkite dalyvi\u0173 patirt\u012f kitame festivalyje ar konferencijoje su m\u016bs\u0173 prakti\u0161kais sprendimais <b data-path-to-node=\"12\" data-index-in-node=\"112\">Spausdintas puodelio laikiklio spaustukas<\/b>. \u0160is i\u0161manus aksesuaras i\u0161sprend\u017eia da\u017en\u0105 rengini\u0173 problem\u0105: vis\u0105 dien\u0105 laikyti daugkartinio naudojimo puodel\u012f. Leisdami sve\u010diams saugiai pritvirtinti tu\u0161\u010di\u0105 g\u0117rim\u0173 ind\u0105 prie kaklajuost\u0117s ar dir\u017eo kilpos, atlaisvinate j\u0173 rankas bendravimui, \u0161okiams ar palaikymo \u0161\u016bksniams.<\/p>\n<p data-path-to-node=\"13\"><span data-path-to-node=\"13,1\"><span class=\"citation-56\">Sukurta skland\u017eiai veikti su m\u016bs\u0173 <\/span><b data-path-to-node=\"13,1\" data-index-in-node=\"37\"><span class=\"citation-56\">Kaklajuost\u0117s<\/span><\/b> <\/span><span data-path-to-node=\"13,4\"><span class=\"citation-55\">ir <\/span><b data-path-to-node=\"13,4\" data-index-in-node=\"4\"><span class=\"citation-55\">Daugkartinio naudojimo puodeliai<\/span><\/b><\/span><span data-path-to-node=\"13,6\">, \u0160is klipas yra esminis bet kurios ekologi\u0161ko renginio strategijos papildymas. Jis skatina pakartotinai naudoti puodelius, nes juos lengva ne\u0161iotis, taip suma\u017einant tikimyb\u0119, kad jie bus i\u0161mesti ar pamesti.<\/span><\/p>\n<h2 data-path-to-node=\"14\">Pagrindin\u0117s savyb\u0117s<\/h2>\n<ul data-path-to-node=\"15\">\n<li>\n<p data-path-to-node=\"15,0,0\"><b data-path-to-node=\"15,0,0\" data-index-in-node=\"0\">Saugus sukibimas:<\/b> Segtukas tvirtai priglunda prie standartini\u0173 daugkartinio naudojimo plastikini\u0173 puodeli\u0173 (PP) ir stiklini\u0173 kra\u0161t\u0173, u\u017etikrindamas, kad puodelis einant i\u0161likt\u0173 vietoje.<\/p>\n<\/li>\n<li>\n<p data-path-to-node=\"15,1,0\"><b data-path-to-node=\"15,1,0\" data-index-in-node=\"0\">Gerai matomas prek\u0117s \u017eenklas:<\/b> Nepaisant kompakti\u0161ko dyd\u017eio, segtukas turi ry\u0161ki\u0105 plok\u0161\u010di\u0105 srit\u012f, specialiai sukurt\u0105 j\u016bs\u0173 logotipui spausdinti, kad j\u016bs\u0173 prek\u0117s \u017eenklas b\u016bt\u0173 d\u0117mesio centre kiekvien\u0105 kart\u0105, kai vartotojas gurk\u0161teli.<\/p>\n<\/li>\n<li>\n<p data-path-to-node=\"15,2,0\"><b data-path-to-node=\"15,2,0\" data-index-in-node=\"0\">Spalv\u0173 koordinavimas:<\/b> Pagaminta i\u0161 patvaraus ABS plastiko, galima rinktis i\u0161 \u012fvairi\u0173 spalv\u0173, kad atitikt\u0173 j\u016bs\u0173 prek\u0117s \u017eenklo identitet\u0105 ar renginio tem\u0105.<\/p>\n<\/li>\n<li>\n<p data-path-to-node=\"15,3,0\"><b data-path-to-node=\"15,3,0\" data-index-in-node=\"0\">Lengvas dizainas:<\/b> Sveriantis vos 3 gramus, jis visi\u0161kai nepadidina dalyvio kaklajuost\u0117s svorio.<\/p>\n<\/li>\n<\/ul>\n<h2 data-path-to-node=\"16\">Specifikacijos<\/h2>\n<ul data-path-to-node=\"17\">\n<li>\n<p data-path-to-node=\"17,0,0\"><b data-path-to-node=\"17,0,0\" data-index-in-node=\"0\">Med\u017eiaga:<\/b> Atsparus ABS plastikas.<\/p>\n<\/li>\n<li>\n<p data-path-to-node=\"17,1,0\"><b data-path-to-node=\"17,1,0\" data-index-in-node=\"0\">Matmenys:<\/b> 1,6 x 2,2 x 2,2 cm.<\/p>\n<\/li>\n<li>\n<p data-path-to-node=\"17,2,0\"><b data-path-to-node=\"17,2,0\" data-index-in-node=\"0\">Svoris:<\/b> 3g.<\/p>\n<\/li>\n<li>\n<p data-path-to-node=\"17,3,0\"><b data-path-to-node=\"17,3,0\" data-index-in-node=\"0\">Suderinamumas:<\/b> Tinka standartin\u0117ms daugkartinio naudojimo festivalio taur\u0117ms ir stiklin\u0117ms.<\/p>\n<\/li>\n<li>\n<p data-path-to-node=\"17,4,0\"><b data-path-to-node=\"17,4,0\" data-index-in-node=\"0\">Priedas:<\/b> \u017diedo kilpa virvel\u0117ms arba karabinams.<\/p>\n<\/li>\n<li>\n<p data-path-to-node=\"17,5,0\"><b data-path-to-node=\"17,5,0\" data-index-in-node=\"0\">Pritaikymas:<\/b> Tamponin\u0117 spauda ant lygaus pavir\u0161iaus.<\/p>\n<\/li>\n<\/ul>\n<h2 data-path-to-node=\"18\">Naudojimo atvejai<\/h2>\n<ul data-path-to-node=\"19\">\n<li>\n<p data-path-to-node=\"19,0,0\"><b data-path-to-node=\"19,0,0\" data-index-in-node=\"0\">Muzikos festivaliai:<\/b> Leid\u017eia gerb\u0117jams \u0161okti nelaikant tu\u0161\u010dio puodelio.<\/p>\n<\/li>\n<li>\n<p data-path-to-node=\"19,1,0\"><b data-path-to-node=\"19,1,0\" data-index-in-node=\"0\">Alaus ir vyno degustacijos renginiai:<\/b> U\u017etikrina degustacijos stiklin\u0117s pasiekiamum\u0105 tarp sto\u010di\u0173.<\/p>\n<\/li>\n<li>\n<p data-path-to-node=\"19,2,0\"><b data-path-to-node=\"19,2,0\" data-index-in-node=\"0\">Prekybos parodos:<\/b> Atlaisvina rankas vizitin\u0117ms kortel\u0117ms keistis ne\u0161ant kavos puodel\u012f.<\/p>\n<\/li>\n<li>\n<p data-path-to-node=\"19,3,0\"><b data-path-to-node=\"19,3,0\" data-index-in-node=\"0\">Lauko renginiai:<\/b> Apsaugo nuo puodeli\u0173 pametimo ar palikimo ant \u017eem\u0117s.<\/p>\n<\/li>\n<\/ul>","protected":false},"excerpt":{"rendered":"<ul>\n<li>\n<p data-path-to-node=\"11,0,0\"><b data-path-to-node=\"11,0,0\" data-index-in-node=\"0\">Laisv\u0173 rank\u0173 patogumas:<\/b> Leid\u017eia dalyviams pritvirtinti daugkartinio naudojimo puodel\u012f prie kaklajuost\u0117s arba dir\u017eo kilpos.<\/p>\n<\/li>\n<li>\n<p data-path-to-node=\"11,1,0\"><b data-path-to-node=\"11,1,0\" data-index-in-node=\"0\">Universalus pritaikymas:<\/b> Tvirtai laikosi ant daugumos standartini\u0173 plastikini\u0173 festivalio stiklini\u0173 kra\u0161to.<\/p>\n<\/li>\n<li>\n<p data-path-to-node=\"11,2,0\"><b data-path-to-node=\"11,2,0\" data-index-in-node=\"0\">Individualus prek\u0117s \u017eenklo k\u016brimas:<\/b> Turi special\u0173 plok\u0161\u010di\u0105 pavir\u0161i\u0173, skirt\u0105 gerai matomo logotipo spausdinimui.<\/p>\n<\/li>\n<li>\n<p data-path-to-node=\"11,3,0\"><b data-path-to-node=\"11,3,0\" data-index-in-node=\"0\">Lengvas ir patvarus:<\/b> Pagaminta i\u0161 atsparaus ABS plastiko (3 g), galima \u012fsigyti \u012fvairi\u0173 spalv\u0173.<\/p>\n<\/li>\n<\/ul>","protected":false},"featured_media":6476,"comment_status":"closed","ping_status":"closed","template":"","meta":[],"product_brand":[],"product_cat":[119],"product_tag":[],"class_list":{"0":"post-5209","1":"product","2":"type-product","3":"status-publish","4":"has-post-thumbnail","6":"product_cat-drinkware-accessories","8":"first","9":"instock","10":"shipping-taxable","11":"purchasable","12":"product-type-simple"},"_links":{"self":[{"href":"https:\/\/displayproducts.eu\/lt\/wp-json\/wp\/v2\/product\/5209","targetHints":{"allow":["GET"]}}],"collection":[{"href":"https:\/\/displayproducts.eu\/lt\/wp-json\/wp\/v2\/product"}],"about":[{"href":"https:\/\/displayproducts.eu\/lt\/wp-json\/wp\/v2\/types\/product"}],"replies":[{"embeddable":true,"href":"https:\/\/displayproducts.eu\/lt\/wp-json\/wp\/v2\/comments?post=5209"}],"wp:featuredmedia":[{"embeddable":true,"href":"https:\/\/displayproducts.eu\/lt\/wp-json\/wp\/v2\/media\/6476"}],"wp:attachment":[{"href":"https:\/\/displayproducts.eu\/lt\/wp-json\/wp\/v2\/media?parent=5209"}],"wp:term":[{"taxonomy":"product_brand","embeddable":true,"href":"https:\/\/displayproducts.eu\/lt\/wp-json\/wp\/v2\/product_brand?post=5209"},{"taxonomy":"product_cat","embeddable":true,"href":"https:\/\/displayproducts.eu\/lt\/wp-json\/wp\/v2\/product_cat?post=5209"},{"taxonomy":"product_tag","embeddable":true,"href":"https:\/\/displayproducts.eu\/lt\/wp-json\/wp\/v2\/product_tag?post=5209"}],"curies":[{"name":"wp","href":"https:\/\/api.w.org\/{rel}","templated":true}]}}