{"id":5203,"date":"2025-10-20T23:28:16","date_gmt":"2025-10-20T20:28:16","guid":{"rendered":"https:\/\/wristbandfactory.eu\/?post_type=product&#038;p=5203"},"modified":"2026-04-01T21:52:35","modified_gmt":"2026-04-01T18:52:35","slug":"led-party-glasses","status":"publish","type":"product","link":"https:\/\/displayproducts.eu\/lt\/p\/led-party-glasses\/","title":{"rendered":"\u012evairiaspalviai LED vakar\u0117li\u0173 akiniai"},"content":{"rendered":"<p data-path-to-node=\"10\">Sukurkite nepamir\u0161tam\u0105 atmosfer\u0105 kitame \u012fmon\u0117s vakar\u0117lyje, muzikos festivalyje ar naktinio klubo renginyje su m\u016bs\u0173 daugiaspalviais LED vakar\u0117li\u0173 akiniais. \u0160ie akiniai, sukurti kaip pagrindinis ledlau\u017eis, si\u016blo ekonomi\u0161k\u0105 b\u016bd\u0105 \u012ftraukti sve\u010dius ir sukurti socialini\u0173 tinkl\u0173 nuotrauk\u0173, vert\u0173 d\u0117mesio, prog\u0173.<\/p>\n<p data-path-to-node=\"11\">Skirtingai nuo standartini\u0173 \u0161vie\u010dian\u010di\u0173 akini\u0173, \u0161ie akiniai pasi\u017eymi i\u0161skirtiniu dizainu su skaidriais r\u0117meliais ir \u201ctinklelio\u201d stiliaus l\u0119\u0161iais, kurie leid\u017eia \u0161viesai k\u016brybi\u0161kai i\u0161sklaidyti \u0161vies\u0105. Maitinami 6 intensyvi\u0173 daugiaspalvi\u0173 LED lempu\u010di\u0173, jos u\u017etikrina, kad ne\u0161iotojas i\u0161siskirt\u0173 i\u0161 bet kokios minios. Be spaudos \u012fjungimo \/ i\u0161jungimo mygtukas leid\u017eia vartotojams perjungti \u201cnuolatinio \u0161vyt\u0117jimo\u201d re\u017eim\u0105, kad sukurt\u0173 rami\u0105 nuotaik\u0105, arba \u201cmirksin\u010dio\u201d re\u017eimo, kad b\u016bt\u0173 energingos akimirkos.<\/p>\n<h2 data-path-to-node=\"12\">Pagrindin\u0117s savyb\u0117s<\/h2>\n<ul data-path-to-node=\"13\">\n<li>\n<p data-path-to-node=\"13,0,0\"><b data-path-to-node=\"13,0,0\" data-index-in-node=\"0\">Vizualinis i\u0161\u0161\u016bkis:<\/b> Skaidri\u0173 r\u0117meli\u0173 ir daugiaspalvi\u0173 \u0161viesos diod\u0173 derinys sukuria ry\u0161k\u0173 \u0161vies\u0173 \u0161ou.<\/p>\n<\/li>\n<li>\n<p data-path-to-node=\"13,1,0\"><b data-path-to-node=\"13,1,0\" data-index-in-node=\"0\">Vartotojo valdymas:<\/b> Be spaudos naudoti mygtukas, skirtas perjungti ap\u0161vietimo re\u017eimus (pastovus \/ mirks\u0117jimas \/ i\u0161jungta).<\/p>\n<\/li>\n<li>\n<p data-path-to-node=\"13,2,0\"><b data-path-to-node=\"13,2,0\" data-index-in-node=\"0\">Paruo\u0161ta renginiui:<\/b> Puikiai tinka preki\u0173 stalams, VIP dovan\u0173 krep\u0161iams arba masiniam \u0161oki\u0173 aik\u0161tel\u0117s dovan\u0173 rinkimui.<\/p>\n<\/li>\n<li>\n<p data-path-to-node=\"13,3,0\"><b data-path-to-node=\"13,3,0\" data-index-in-node=\"0\">Patogumas:<\/b> Pristatomos su jau \u012fd\u0117tomis mygtukin\u0117mis baterijomis, tod\u0117l jos veikia i\u0161 karto i\u0161pakavus.<\/p>\n<\/li>\n<\/ul>\n<h2 data-path-to-node=\"14\">Specifikacijos<\/h2>\n<ul data-path-to-node=\"15\">\n<li>\n<p data-path-to-node=\"15,0,0\"><b data-path-to-node=\"15,0,0\" data-index-in-node=\"0\">Produkto tipas:<\/b> LED \u0161vie\u010diantys akiniai.<\/p>\n<\/li>\n<li>\n<p data-path-to-node=\"15,1,0\"><b data-path-to-node=\"15,1,0\" data-index-in-node=\"0\">R\u0117mo stilius:<\/b> Skaidrus plastikas su tinklelio\/groteli\u0173 l\u0119\u0161iais.<\/p>\n<\/li>\n<li>\n<p data-path-to-node=\"15,2,0\"><b data-path-to-node=\"15,2,0\" data-index-in-node=\"0\">\u0160viesos \u0161altinis:<\/b> 6 x daugiaspalviai \u0161viesos diodai.<\/p>\n<\/li>\n<li>\n<p data-path-to-node=\"15,3,0\"><b data-path-to-node=\"15,3,0\" data-index-in-node=\"0\">Re\u017eimai:<\/b> 2 nustatymai (\u0161vie\u010dia nuolat, mirksi).<\/p>\n<\/li>\n<li>\n<p data-path-to-node=\"15,4,0\"><b data-path-to-node=\"15,4,0\" data-index-in-node=\"0\">Galia:<\/b> Mygtukin\u0117s baterijos (pridedamos ir kei\u010diamos).<\/p>\n<\/li>\n<li>\n<p data-path-to-node=\"15,5,0\"><b data-path-to-node=\"15,5,0\" data-index-in-node=\"0\">Miniminis u\u017esakymo kiekis:<\/b> 100 vnt.<\/p>\n<\/li>\n<\/ul>\n<h2 data-path-to-node=\"16\">Naudojimo atvejai<\/h2>\n<ul data-path-to-node=\"17\">\n<li>\n<p data-path-to-node=\"17,0,0\"><b data-path-to-node=\"17,0,0\" data-index-in-node=\"0\">\u012emoni\u0173 vakar\u0117liai:<\/b> Smag\u016bs rekvizitai foto kabinoms ir \u0161oki\u0173 aik\u0161tel\u0117ms.<\/p>\n<\/li>\n<li>\n<p data-path-to-node=\"17,1,0\"><b data-path-to-node=\"17,1,0\" data-index-in-node=\"0\">Festivaliai ir koncertai:<\/b> Didel\u0117s mar\u017eos prek\u0117s arba VIP aksesuarai.<\/p>\n<\/li>\n<li>\n<p data-path-to-node=\"17,2,0\"><b data-path-to-node=\"17,2,0\" data-index-in-node=\"0\">Naktiniai klubai:<\/b> Parduokite juos bare arba atiduokite, kad pagerintum\u0117te klubo ap\u0161vietim\u0105.<\/p>\n<\/li>\n<li>\n<p data-path-to-node=\"17,3,0\"><b data-path-to-node=\"17,3,0\" data-index-in-node=\"0\">Vestuv\u0117s:<\/b> Spindinti dovan\u0117l\u0117 vakar\u0117liui po vakar\u0117lio.<\/p>\n<\/li>\n<\/ul>","protected":false},"excerpt":{"rendered":"<ul>\n<li>\n<p data-path-to-node=\"9,0,0\"><b data-path-to-node=\"9,0,0\" data-index-in-node=\"0\">Didelis poveikis:<\/b> 6 ry\u0161kios daugiaspalv\u0117s \u0161viesos diod\u0117s poroje.<\/p>\n<\/li>\n<li>\n<p data-path-to-node=\"9,1,0\"><b data-path-to-node=\"9,1,0\" data-index-in-node=\"0\">Dvigubi re\u017eimai:<\/b> Perjungti nuolatin\u012f ir mirksint\u012f re\u017eim\u0105.<\/p>\n<\/li>\n<li>\n<p data-path-to-node=\"9,2,0\"><b data-path-to-node=\"9,2,0\" data-index-in-node=\"0\">Unikalus dizainas:<\/b> Skaidrus r\u0117melis su \u201ctinklo\u201d stiliaus l\u0119\u0161iais.<\/p>\n<\/li>\n<li>\n<p data-path-to-node=\"9,3,0\"><b data-path-to-node=\"9,3,0\" data-index-in-node=\"0\">Paruo\u0161ta naudoti:<\/b> Baterijos yra prid\u0117tos ir i\u0161 anksto \u012fdiegtos.<\/p>\n<\/li>\n<\/ul>","protected":false},"featured_media":6552,"comment_status":"closed","ping_status":"closed","template":"","meta":[],"product_brand":[],"product_cat":[76],"product_tag":[],"class_list":{"0":"post-5203","1":"product","2":"type-product","3":"status-publish","4":"has-post-thumbnail","6":"product_cat-glow-led-products","8":"first","9":"instock","10":"shipping-taxable","11":"product-type-simple"},"_links":{"self":[{"href":"https:\/\/displayproducts.eu\/lt\/wp-json\/wp\/v2\/product\/5203","targetHints":{"allow":["GET"]}}],"collection":[{"href":"https:\/\/displayproducts.eu\/lt\/wp-json\/wp\/v2\/product"}],"about":[{"href":"https:\/\/displayproducts.eu\/lt\/wp-json\/wp\/v2\/types\/product"}],"replies":[{"embeddable":true,"href":"https:\/\/displayproducts.eu\/lt\/wp-json\/wp\/v2\/comments?post=5203"}],"wp:featuredmedia":[{"embeddable":true,"href":"https:\/\/displayproducts.eu\/lt\/wp-json\/wp\/v2\/media\/6552"}],"wp:attachment":[{"href":"https:\/\/displayproducts.eu\/lt\/wp-json\/wp\/v2\/media?parent=5203"}],"wp:term":[{"taxonomy":"product_brand","embeddable":true,"href":"https:\/\/displayproducts.eu\/lt\/wp-json\/wp\/v2\/product_brand?post=5203"},{"taxonomy":"product_cat","embeddable":true,"href":"https:\/\/displayproducts.eu\/lt\/wp-json\/wp\/v2\/product_cat?post=5203"},{"taxonomy":"product_tag","embeddable":true,"href":"https:\/\/displayproducts.eu\/lt\/wp-json\/wp\/v2\/product_tag?post=5203"}],"curies":[{"name":"wp","href":"https:\/\/api.w.org\/{rel}","templated":true}]}}