{"id":5200,"date":"2025-10-20T23:22:10","date_gmt":"2025-10-20T20:22:10","guid":{"rendered":"https:\/\/wristbandfactory.eu\/?post_type=product&#038;p=5200"},"modified":"2026-04-01T21:52:35","modified_gmt":"2026-04-01T18:52:35","slug":"led-safety-whistle-with-cord","status":"publish","type":"product","link":"https:\/\/displayproducts.eu\/lt\/p\/led-safety-whistle-with-cord\/","title":{"rendered":"LED \u0161vilpukas su virvele"},"content":{"rendered":"<p data-path-to-node=\"10\">U\u017etikrinkite, kad j\u016bs\u0173 renginio personalas, apsaugos komandos ir vakar\u0117lio lankytojai b\u016bt\u0173 matomi ir girdimi, naudodami m\u016bs\u0173 LED saugos \u0161vilpuk\u0105. \u0160is dvigubos paskirties \u012frankis yra b\u016btinas norint valdyti minias esant prastam ap\u0161vietimui, koordinuoti personal\u0105 arba tiesiog suteikti gyvumo ir linksmybi\u0173 naktiniams festivaliams ir reivams.<\/p>\n<p data-path-to-node=\"11\">Patvariame plastikiniame korpuse \u012fmontuoti ry\u0161k\u016bs daugiaspalviai \u0161viesos diodai, kurie matomi i\u0161 tolo, o \u0161vilpuko mechanizmas skleid\u017eia a\u0161tr\u0173, gars\u0173 gars\u0105, kad i\u0161 karto patraukt\u0173 d\u0117mes\u012f. Naudotojai gali lengvai perjungti tris skirtingus ap\u0161vietimo re\u017eimus (greitas mirks\u0117jimas, vidutinis mirks\u0117jimas ir l\u0117tas mirks\u0117jimas) paprastu \u012fjungimo \/ i\u0161jungimo mygtuku. <span class=\"citation-28 citation-end-28\">Kiekvienas \u0161vilpukas turi atitinkam\u0105 kaklo virvel\u0119, tod\u0117l j\u012f visada galima pasiekti neu\u017eimant rank\u0173.<\/span><\/p>\n<h2 data-path-to-node=\"12\">Pagrindin\u0117s savyb\u0117s<\/h2>\n<ul data-path-to-node=\"13\">\n<li>\n<p data-path-to-node=\"13,0,0\"><b data-path-to-node=\"13,0,0\" data-index-in-node=\"0\">Didelis matomumas:<\/b> Daugiaspalviai \u0161viesos diodai paver\u010dia standartin\u012f saugos \u012frank\u012f \u0161vie\u010dian\u010diu \u0161vytur\u0117liu.<\/p>\n<\/li>\n<li>\n<p data-path-to-node=\"13,1,0\"><b data-path-to-node=\"13,1,0\" data-index-in-node=\"0\">Universal\u016bs re\u017eimai:<\/b> Trys skirtingi mirks\u0117jimo grei\u010diai, kad atitikt\u0173 skubum\u0105 ar vakar\u0117lio nuotaik\u0105.<\/p>\n<\/li>\n<li>\n<p data-path-to-node=\"13,2,0\"><b data-path-to-node=\"13,2,0\" data-index-in-node=\"0\">Momentinis diegimas:<\/b> Pridedamos 3 mygtukin\u0117s baterijos, tod\u0117l i\u0161 karto galima naudoti i\u0161pakavus.<\/p>\n<\/li>\n<li>\n<p data-path-to-node=\"13,3,0\"><b data-path-to-node=\"13,3,0\" data-index-in-node=\"0\">Minios valdymas:<\/b> Efektyvi ir nebrangi priemon\u0117 gidams, palydovams ir apsaugos darbuotojams.<\/p>\n<\/li>\n<\/ul>\n<h2 data-path-to-node=\"14\">Specifikacijos<\/h2>\n<ul data-path-to-node=\"15\">\n<li>\n<p data-path-to-node=\"15,0,0\"><b data-path-to-node=\"15,0,0\" data-index-in-node=\"0\">Produktas:<\/b> LED \u0161vilpukas su \u0161vie\u010dian\u010diu LED signalu.<\/p>\n<\/li>\n<li>\n<p data-path-to-node=\"15,1,0\"><b data-path-to-node=\"15,1,0\" data-index-in-node=\"0\">\u0160viesos spalva:<\/b> Daugiaspalvis (RGB).<\/p>\n<\/li>\n<li>\n<p data-path-to-node=\"15,2,0\"><b data-path-to-node=\"15,2,0\" data-index-in-node=\"0\">Re\u017eimai:<\/b> 3 nustatymai (greitas, vidutinis, l\u0117tas mirks\u0117jimas).<\/p>\n<\/li>\n<li>\n<p data-path-to-node=\"15,3,0\"><b data-path-to-node=\"15,3,0\" data-index-in-node=\"0\">Galia:<\/b> 3x mygtukin\u0117s baterijos (pridedamos).<\/p>\n<\/li>\n<li>\n<p data-path-to-node=\"15,4,0\"><b data-path-to-node=\"15,4,0\" data-index-in-node=\"0\">Priedas:<\/b><span class=\"citation-27 citation-end-27\"> Kaklo rai\u0161telis \/ virvel\u0117 pridedama.<\/span><\/p>\n<\/li>\n<li>\n<p data-path-to-node=\"15,5,0\"><b data-path-to-node=\"15,5,0\" data-index-in-node=\"0\">Miniminis u\u017esakymo kiekis:<\/b> 100 vnt.<\/p>\n<\/li>\n<\/ul>\n<h2 data-path-to-node=\"16\">Naudojimo atvejai<\/h2>\n<ul data-path-to-node=\"17\">\n<li>\n<p data-path-to-node=\"17,0,0\"><b data-path-to-node=\"17,0,0\" data-index-in-node=\"0\">Renginio apsauga:<\/b> Padeda darbuotojams koordinuoti darb\u0105 tamsiose vietose arba didel\u0117se miniose.<\/p>\n<\/li>\n<li>\n<p data-path-to-node=\"17,1,0\"><b data-path-to-node=\"17,1,0\" data-index-in-node=\"0\">Naktiniai b\u0117gimai ir sportas:<\/b> Prideda matomum\u0105 ir signalizacijos metod\u0105 dalyviams.<\/p>\n<\/li>\n<li>\n<p data-path-to-node=\"17,2,0\"><b data-path-to-node=\"17,2,0\" data-index-in-node=\"0\">Reivai ir festivaliai:<\/b> Populiarus, nebrangus daiktas, kuris papildo \u0161vies\u0173 \u0161ou.<\/p>\n<\/li>\n<li>\n<p data-path-to-node=\"17,3,0\"><b data-path-to-node=\"17,3,0\" data-index-in-node=\"0\">Avariniai rinkiniai:<\/b> Kompakti\u0161kas saugos \u012frenginys lauko i\u0161vykoms ar mokyklin\u0117ms i\u0161vykoms.<\/p>\n<\/li>\n<\/ul>","protected":false},"excerpt":{"rendered":"<ul>\n<li>\n<p data-path-to-node=\"9,0,0\"><b data-path-to-node=\"9,0,0\" data-index-in-node=\"0\">Garso ir vaizdo sauga:<\/b> Garsus garsas derinamas su ry\u0161kiais daugiaspalviais LED diodais.<\/p>\n<\/li>\n<li>\n<p data-path-to-node=\"9,1,0\"><b data-path-to-node=\"9,1,0\" data-index-in-node=\"0\">3 ap\u0161vietimo re\u017eimai:<\/b> Pasirinkite l\u0117t\u0105, vidutin\u012f arba greit\u0105 mirks\u0117jim\u0105.<\/p>\n<\/li>\n<li>\n<p data-path-to-node=\"9,2,0\"><b data-path-to-node=\"9,2,0\" data-index-in-node=\"0\">Paruo\u0161ta naudoti:<\/b> Baterijos yra prid\u0117tos ir i\u0161 anksto \u012fdiegtos.<\/p>\n<\/li>\n<li>\n<p data-path-to-node=\"9,3,0\"><b data-path-to-node=\"9,3,0\" data-index-in-node=\"0\">Laisv\u0173 rank\u0173 \u012franga:<\/b><span class=\"citation-29 citation-end-29\"> Pridedama patogi kaklo virvel\u0117.<\/span><\/p>\n<\/li>\n<\/ul>","protected":false},"featured_media":6546,"comment_status":"closed","ping_status":"closed","template":"","meta":[],"product_brand":[],"product_cat":[76],"product_tag":[],"class_list":{"0":"post-5200","1":"product","2":"type-product","3":"status-publish","4":"has-post-thumbnail","6":"product_cat-glow-led-products","8":"first","9":"instock","10":"shipping-taxable","11":"purchasable","12":"product-type-simple"},"_links":{"self":[{"href":"https:\/\/displayproducts.eu\/lt\/wp-json\/wp\/v2\/product\/5200","targetHints":{"allow":["GET"]}}],"collection":[{"href":"https:\/\/displayproducts.eu\/lt\/wp-json\/wp\/v2\/product"}],"about":[{"href":"https:\/\/displayproducts.eu\/lt\/wp-json\/wp\/v2\/types\/product"}],"replies":[{"embeddable":true,"href":"https:\/\/displayproducts.eu\/lt\/wp-json\/wp\/v2\/comments?post=5200"}],"wp:featuredmedia":[{"embeddable":true,"href":"https:\/\/displayproducts.eu\/lt\/wp-json\/wp\/v2\/media\/6546"}],"wp:attachment":[{"href":"https:\/\/displayproducts.eu\/lt\/wp-json\/wp\/v2\/media?parent=5200"}],"wp:term":[{"taxonomy":"product_brand","embeddable":true,"href":"https:\/\/displayproducts.eu\/lt\/wp-json\/wp\/v2\/product_brand?post=5200"},{"taxonomy":"product_cat","embeddable":true,"href":"https:\/\/displayproducts.eu\/lt\/wp-json\/wp\/v2\/product_cat?post=5200"},{"taxonomy":"product_tag","embeddable":true,"href":"https:\/\/displayproducts.eu\/lt\/wp-json\/wp\/v2\/product_tag?post=5200"}],"curies":[{"name":"wp","href":"https:\/\/api.w.org\/{rel}","templated":true}]}}