{"id":5195,"date":"2025-10-20T22:09:07","date_gmt":"2025-10-20T19:09:07","guid":{"rendered":"https:\/\/wristbandfactory.eu\/?post_type=product&#038;p=5195"},"modified":"2026-04-01T21:52:04","modified_gmt":"2026-04-01T18:52:04","slug":"promotional-recycled-aluminium-cups","status":"publish","type":"product","link":"https:\/\/displayproducts.eu\/lt\/p\/promotional-recycled-aluminium-cups\/","title":{"rendered":"Daugkartinio naudojimo aliuminio puodeliai su spauda"},"content":{"rendered":"<p>Pademonstruokite savo prek\u0117s \u017eenklo \u012fsipareigojim\u0105 tvarumui. \u0160ie 500 ml daugkartinio naudojimo puodeliai pagaminti i\u0161 GRS sertifikuoto perdirbto aliuminio \u2013 tai auk\u0161\u010diausios kokyb\u0117s ir ekologi\u0161ka alternatyva plastikui j\u016bs\u0173 kitai konferencijai, festivaliui ar \u012fmon\u0117s renginiui. J\u0173 eleganti\u0161ka, blizganti sidabrin\u0117 apdaila suteikia puiki\u0105, verting\u0105 drob\u0119 j\u016bs\u0173 logotipui.<\/p>\n<p>Tai daugiau nei puodelis; tai \u017einut\u0117. Perdirbtas aliuminis yra lengvas, ta\u010diau patvarus ir sertifikuotas pagal GRS (Global Recycled Standard). \u0160is sertifikatas garantuoja perdirbt\u0105 med\u017eiagos kilm\u0119 ir u\u017etikrina visi\u0161k\u0105 skaidrum\u0105 j\u016bs\u0173 tvariai rinkodarai. <span class=\"citation-5 citation-end-5\">Skirtingai nuo kit\u0173 med\u017eiag\u0173, aliumin\u012f galima beveik neribotai perdirbti neprarandant savo pirmini\u0173 savybi\u0173 \u2013 \u0161is procesas sunaudoja daug ma\u017eiau energijos nei naujos gamybos metu.<\/span> Pasirinkdami \u0161\u012f produkt\u0105, parodote savo prek\u0117s \u017eenklo vertybes.<\/p>\n<p><b>Pagrindin\u0117s savyb\u0117s:<\/b><\/p>\n<ul>\n<li><b>Talpa:<\/b> 500 ml<\/li>\n<li><b>Med\u017eiaga:<\/b> GRS sertifikuotas perdirbtas aliuminis<\/li>\n<li><b>Apdaila:<\/b> Blizgantis sidabras<\/li>\n<li><b>Ekologi\u0161kas:<\/b> Daugkartinio naudojimo ir neribotai perdirbamas<\/li>\n<li><b>Lengvas svoris:<\/b> Sve\u010diams lengva ne\u0161iotis<\/li>\n<li><b>Sertifikuota:<\/b><span class=\"citation-4 citation-end-4\"> GRS (Visuotinis perdirbt\u0173 produkt\u0173 standartas) garantuoja perdirbt\u0105 turin\u012f<\/span><\/li>\n<li><b>Prek\u0117s \u017eenklo k\u016brimas:<\/b> Idealiai tinka lazeriniam graviravimui arba logotipo spausdinimui<\/li>\n<\/ul>","protected":false},"excerpt":{"rendered":"<ul>\n<li>Pristatykite savo prek\u0117s \u017eenkl\u0105 ant auk\u0161\u010diausios kokyb\u0117s 500 ml perdirbto aliuminio puodelio.<\/li>\n<li>Lengvas, patvarus ir pasi\u017eymi eleganti\u0161ka, blizgan\u010dia sidabrine apdaila.<\/li>\n<li>GRS sertifikuota, siekiant u\u017etikrinti tvarum\u0105, perdirbtas med\u017eiagas.<\/li>\n<li>Puikiai tinka ekologi\u0161kiems renginiams, verslo dovanoms ir festivaliams.<\/li>\n<\/ul>","protected":false},"featured_media":6593,"comment_status":"closed","ping_status":"closed","template":"","meta":[],"product_brand":[],"product_cat":[111],"product_tag":[],"class_list":{"0":"post-5195","1":"product","2":"type-product","3":"status-publish","4":"has-post-thumbnail","6":"product_cat-reusable-event-cups","8":"first","9":"instock","10":"shipping-taxable","11":"purchasable","12":"product-type-simple"},"_links":{"self":[{"href":"https:\/\/displayproducts.eu\/lt\/wp-json\/wp\/v2\/product\/5195","targetHints":{"allow":["GET"]}}],"collection":[{"href":"https:\/\/displayproducts.eu\/lt\/wp-json\/wp\/v2\/product"}],"about":[{"href":"https:\/\/displayproducts.eu\/lt\/wp-json\/wp\/v2\/types\/product"}],"replies":[{"embeddable":true,"href":"https:\/\/displayproducts.eu\/lt\/wp-json\/wp\/v2\/comments?post=5195"}],"wp:featuredmedia":[{"embeddable":true,"href":"https:\/\/displayproducts.eu\/lt\/wp-json\/wp\/v2\/media\/6593"}],"wp:attachment":[{"href":"https:\/\/displayproducts.eu\/lt\/wp-json\/wp\/v2\/media?parent=5195"}],"wp:term":[{"taxonomy":"product_brand","embeddable":true,"href":"https:\/\/displayproducts.eu\/lt\/wp-json\/wp\/v2\/product_brand?post=5195"},{"taxonomy":"product_cat","embeddable":true,"href":"https:\/\/displayproducts.eu\/lt\/wp-json\/wp\/v2\/product_cat?post=5195"},{"taxonomy":"product_tag","embeddable":true,"href":"https:\/\/displayproducts.eu\/lt\/wp-json\/wp\/v2\/product_tag?post=5195"}],"curies":[{"name":"wp","href":"https:\/\/api.w.org\/{rel}","templated":true}]}}