{"id":5183,"date":"2025-10-20T22:05:04","date_gmt":"2025-10-20T19:05:04","guid":{"rendered":"https:\/\/wristbandfactory.eu\/?post_type=product&#038;p=5183"},"modified":"2026-04-01T21:52:35","modified_gmt":"2026-04-01T18:52:35","slug":"reusable-event-cups-solid-frosted-finish-550ml","status":"publish","type":"product","link":"https:\/\/displayproducts.eu\/lt\/p\/reusable-event-cups-solid-frosted-finish-550ml\/","title":{"rendered":"Daugkartinio naudojimo rengini\u0173 puodeliai (vienspalviai ir matiniai) 550 ml"},"content":{"rendered":"<p data-path-to-node=\"8\">Pakelkite savo renginio estetik\u0105 su m\u016bs\u0173 550 ml daugkartinio naudojimo puodeliais, kurie yra trij\u0173 skirting\u0173, auk\u0161\u010diausios kokyb\u0117s apdailos variant\u0173. \u0160is puodelis yra puikus sprendimas rengini\u0173 organizatoriams, \u012fmon\u0117ms ir rengini\u0173 vietoms, kurioms reikia prek\u0117s \u017eenklo, kuris apimt\u0173 daugiau nei vien logotip\u0105.<\/p>\n<p data-path-to-node=\"9\">Pasirinkite apdail\u0105, kuri geriausiai atitinka j\u016bs\u0173 prek\u0117s \u017eenklo tapatyb\u0119:<\/p>\n<ul data-path-to-node=\"10\">\n<li>\n<p data-path-to-node=\"10,0,0\"><b>Vientisa balta spalva:<\/b> Suteikia \u0161vari\u0105, klasikin\u0119 ir gerai matom\u0105 drob\u0119 j\u016bs\u0173 prek\u0117s \u017eenklui.<\/p>\n<\/li>\n<li>\n<p data-path-to-node=\"10,1,0\"><b>Vientisa juoda:<\/b> Suteikia auk\u0161\u010diausios kokyb\u0117s, didelio kontrasto i\u0161vaizd\u0105, idealiai tinkan\u010di\u0105 VIP renginiams ir \u012fmantriam prek\u0117s \u017eenklo reklamai.<\/p>\n<\/li>\n<li>\n<p data-path-to-node=\"10,2,0\"><b>Skaidrus matinis:<\/b> Suteikia modern\u0173, eleganti\u0161k\u0105 ir stiling\u0105 vaizd\u0105.<\/p>\n<\/li>\n<\/ul>\n<p data-path-to-node=\"11\">Pagaminti i\u0161 patvaraus, tvirto ir lengvo polipropileno (PP), \u0161ie puodeliai skirti daugkartiniam naudojimui festivaliuose, koncertuose ir \u012fmoni\u0173 renginiuose. Juos lengva plauti ir jie yra tvari alternatyva vienkartiniams g\u0117rim\u0173 indams.<\/p>\n<p data-path-to-node=\"12\">Didel\u0117 550 ml talpa puikiai tinka patiekti vis\u0173 r\u016b\u0161i\u0173 g\u0117rimus, o didelis pavir\u0161iaus plotas suteikia puiki\u0105 drob\u0119 j\u016bs\u0173 pasirinktai spaudai. \u0160is puodelis ne tik suma\u017eina atliek\u0173 kiek\u012f, bet ir tarnauja kaip suvenyras, prailginantis j\u016bs\u0173 prek\u0117s \u017eenklo \u017einomum\u0105 ilgai po renginio.<\/p>\n<p data-path-to-node=\"13\"><b>Pagrindin\u0117s savyb\u0117s:<\/b><\/p>\n<ul data-path-to-node=\"14\">\n<li>\n<p data-path-to-node=\"14,0,0\"><b>Auk\u0161\u010diausios kokyb\u0117s apdailos parinktys:<\/b> Galima rinktis i\u0161 vientisos baltos, vientisos juodos arba permatomos matin\u0117s apdailos.<\/p>\n<\/li>\n<li>\n<p data-path-to-node=\"14,1,0\"><b>Didel\u0117 550 ml talpa:<\/b> Idealus, universalus dydis festivaliams, stadionams ir konferencijoms.<\/p>\n<\/li>\n<li>\n<p data-path-to-node=\"14,2,0\"><b>Patvari PP med\u017eiaga:<\/b> Tvirtas, lengvas ir atsparus d\u016b\u017eiams polipropilenas, skirtas pakartotiniam naudojimui.<\/p>\n<\/li>\n<li>\n<p data-path-to-node=\"14,3,0\"><b>Tvarus sprendimas:<\/b> Daugkartinio naudojimo ir plaunama alternatyva vienkartiniams rengini\u0173 puodeliams.<\/p>\n<\/li>\n<li>\n<p data-path-to-node=\"14,4,0\"><b>Didel\u0117 prek\u0117s \u017eenklo erdv\u0117:<\/b> Daug vietos individualiai spausdinti, kuri\u0105 dar labiau sustiprina unikali apdaila.<\/p>\n<\/li>\n<\/ul>","protected":false},"excerpt":{"rendered":"<ul>\n<li>\n<p data-path-to-node=\"7,0,0\">Pasirinkite apdail\u0105: Galima rinktis vientis\u0105 balt\u0105, vientis\u0105 juod\u0105 arba permatom\u0105 matin\u012f pavir\u0161i\u0173.<\/p>\n<\/li>\n<li>\n<p data-path-to-node=\"7,1,0\">Idealiai tinka auk\u0161\u010diausios kokyb\u0117s prek\u0117s \u017eenklo reklamai \u012fmoni\u0173 renginiuose, festivaliuose ir stadionuose.<\/p>\n<\/li>\n<li>\n<p data-path-to-node=\"7,2,0\">Patvari, lengva ir lengvai plaunama daugkartinio naudojimo PP med\u017eiaga.<\/p>\n<\/li>\n<li>\n<p data-path-to-node=\"7,3,0\">Didel\u0117 550 ml talpa, skirta \u012fvairiems g\u0117rimams.<\/p>\n<\/li>\n<li><\/li>\n<\/ul>","protected":false},"featured_media":6624,"comment_status":"closed","ping_status":"closed","template":"","meta":[],"product_brand":[],"product_cat":[111],"product_tag":[],"class_list":{"0":"post-5183","1":"product","2":"type-product","3":"status-publish","4":"has-post-thumbnail","6":"product_cat-reusable-event-cups","8":"first","9":"instock","10":"shipping-taxable","11":"purchasable","12":"product-type-simple"},"_links":{"self":[{"href":"https:\/\/displayproducts.eu\/lt\/wp-json\/wp\/v2\/product\/5183","targetHints":{"allow":["GET"]}}],"collection":[{"href":"https:\/\/displayproducts.eu\/lt\/wp-json\/wp\/v2\/product"}],"about":[{"href":"https:\/\/displayproducts.eu\/lt\/wp-json\/wp\/v2\/types\/product"}],"replies":[{"embeddable":true,"href":"https:\/\/displayproducts.eu\/lt\/wp-json\/wp\/v2\/comments?post=5183"}],"wp:featuredmedia":[{"embeddable":true,"href":"https:\/\/displayproducts.eu\/lt\/wp-json\/wp\/v2\/media\/6624"}],"wp:attachment":[{"href":"https:\/\/displayproducts.eu\/lt\/wp-json\/wp\/v2\/media?parent=5183"}],"wp:term":[{"taxonomy":"product_brand","embeddable":true,"href":"https:\/\/displayproducts.eu\/lt\/wp-json\/wp\/v2\/product_brand?post=5183"},{"taxonomy":"product_cat","embeddable":true,"href":"https:\/\/displayproducts.eu\/lt\/wp-json\/wp\/v2\/product_cat?post=5183"},{"taxonomy":"product_tag","embeddable":true,"href":"https:\/\/displayproducts.eu\/lt\/wp-json\/wp\/v2\/product_tag?post=5183"}],"curies":[{"name":"wp","href":"https:\/\/api.w.org\/{rel}","templated":true}]}}