{"id":5179,"date":"2025-10-20T21:58:37","date_gmt":"2025-10-20T18:58:37","guid":{"rendered":"https:\/\/wristbandfactory.eu\/?post_type=product&#038;p=5179"},"modified":"2026-04-01T21:52:35","modified_gmt":"2026-04-01T18:52:35","slug":"gold-laser-engraved-medals","status":"publish","type":"product","link":"https:\/\/displayproducts.eu\/lt\/p\/gold-laser-engraved-medals\/","title":{"rendered":"Auksiniai lazeriu graviruoti medaliai"},"content":{"rendered":"<p>\u012evertinkite geriausius rezultatus ir at\u0161v\u0119skite s\u0117km\u0119 kitame renginyje su \u0161iais klasikiniais aukso medaliais. Jie suteikia kokybi\u0161k\u0105 ir ap\u010diuopiam\u0105 b\u016bd\u0105 pripa\u017einti darbuotoj\u0173, sportinink\u0173 ar dalyvi\u0173 pasiekimus, sustiprindami j\u016bs\u0173 organizacijos \u012fsipareigojim\u0105 siekti meistri\u0161kumo.<\/p>\n<p>M\u016bs\u0173 standartinis medalis yra 7 cm skersmens, pagamintas i\u0161 patvaraus metalo ir pasi\u017eymi ry\u0161kiu reljefiniu dizainu su tradicine aukso apdaila. Jo pavir\u0161ius specialiai paruo\u0161tas lazeriniam \u017eym\u0117jimui, u\u017etikrinant, kad j\u016bs\u0173 logotipas, renginio pavadinimas ar nugal\u0117tojo duomenys b\u016bt\u0173 i\u0161graviruoti i\u0161skirtinai tiksliai ir ai\u0161kiai. Standartinis medalis yra paruo\u0161tas pateikimui su deran\u010diu metaliniu \u017eiedu ir klasikine raudona poliesterio juostele.<\/p>\n<p>Norint sukurti visi\u0161kai individual\u0173 prek\u0117s \u017eenklo sprendim\u0105, \u0161\u012f medal\u012f taip pat galima pagaminti pagal special\u0173 u\u017esakym\u0105. Rinkit\u0117s i\u0161 \u012fvairi\u0173 dyd\u017ei\u0173, apdailos ir pasirinktini\u0173 juosteli\u0173 spalv\u0173, kad puikiai der\u0117t\u0173 prie j\u016bs\u0173 organizacijos prek\u0117s \u017eenklo identiteto ar renginio temos. Susisiekite su mumis ir aptarkite savo individualaus medalio projekt\u0105.<\/p>\n<p><b>Pagrindin\u0117s savyb\u0117s:<\/b><\/p>\n<ul>\n<li><b>Med\u017eiaga:<\/b> Auk\u0161tos kokyb\u0117s metalas<\/li>\n<li><b>Apdaila:<\/b> Reljefinis dizainas su aukso atspalviu<\/li>\n<li><b>Pritaikymas:<\/b> Specialiai sukurta lazeriniam \u017eym\u0117jimui<\/li>\n<li><b>Standartinis modelis:<\/b> 7 cm skersmens su raudona poliesterio juostele<\/li>\n<li><b>Individual\u016bs u\u017esakymai:<\/b> Galima \u012fsigyti \u012fvairi\u0173 dyd\u017ei\u0173 ir apdailos<\/li>\n<li><b>Juostel\u0117s parinktys:<\/b> Sand\u0117lyje yra raudonos spalvos; pagal individualius u\u017esakymus galimos \u012fvairios spalvos<\/li>\n<\/ul>\n<p>&nbsp;<\/p>","protected":false},"excerpt":{"rendered":"<ul>\n<li>Auk\u0161\u010diausios kokyb\u0117s metalinis medalis su klasikine aukso apdaila.<\/li>\n<li>Galima \u012fsigyti kaip sand\u0117lyje esan\u010di\u0105 prek\u0119 (7 cm) arba pagal individual\u0173 u\u017esakym\u0105.<\/li>\n<li>Specialiai paruo\u0161tas pavir\u0161ius tiksliam lazeriniam graviravimui.<\/li>\n<li>Sand\u0117lyje esanti prek\u0117 turi raudon\u0105 juostel\u0119; individual\u016bs u\u017esakymai si\u016blomi su \u012fvairiomis spalvomis.<\/li>\n<\/ul>\n<p>&nbsp;<\/p>","protected":false},"featured_media":6503,"comment_status":"closed","ping_status":"closed","template":"","meta":[],"product_brand":[],"product_cat":[68,102],"product_tag":[],"class_list":{"0":"post-5179","1":"product","2":"type-product","3":"status-publish","4":"has-post-thumbnail","6":"product_cat-event-supplies","7":"product_cat-medals","9":"first","10":"instock","11":"shipping-taxable","12":"purchasable","13":"product-type-simple"},"_links":{"self":[{"href":"https:\/\/displayproducts.eu\/lt\/wp-json\/wp\/v2\/product\/5179","targetHints":{"allow":["GET"]}}],"collection":[{"href":"https:\/\/displayproducts.eu\/lt\/wp-json\/wp\/v2\/product"}],"about":[{"href":"https:\/\/displayproducts.eu\/lt\/wp-json\/wp\/v2\/types\/product"}],"replies":[{"embeddable":true,"href":"https:\/\/displayproducts.eu\/lt\/wp-json\/wp\/v2\/comments?post=5179"}],"wp:featuredmedia":[{"embeddable":true,"href":"https:\/\/displayproducts.eu\/lt\/wp-json\/wp\/v2\/media\/6503"}],"wp:attachment":[{"href":"https:\/\/displayproducts.eu\/lt\/wp-json\/wp\/v2\/media?parent=5179"}],"wp:term":[{"taxonomy":"product_brand","embeddable":true,"href":"https:\/\/displayproducts.eu\/lt\/wp-json\/wp\/v2\/product_brand?post=5179"},{"taxonomy":"product_cat","embeddable":true,"href":"https:\/\/displayproducts.eu\/lt\/wp-json\/wp\/v2\/product_cat?post=5179"},{"taxonomy":"product_tag","embeddable":true,"href":"https:\/\/displayproducts.eu\/lt\/wp-json\/wp\/v2\/product_tag?post=5179"}],"curies":[{"name":"wp","href":"https:\/\/api.w.org\/{rel}","templated":true}]}}